{"id":709609,"date":"2025-08-27T16:26:52","date_gmt":"2025-08-27T13:26:52","guid":{"rendered":"https:\/\/roveyayinevi.com.tr\/index.php\/urun\/basarisizlik\/"},"modified":"2026-04-16T02:18:09","modified_gmt":"2026-04-15T23:18:09","slug":"basarisizlik","status":"publish","type":"product","link":"https:\/\/roveyayinevi.com.tr\/index.php\/urun\/basarisizlik\/","title":{"rendered":"Ba\u015far\u0131s\u0131zl\u0131k"},"content":{"rendered":"<p>\u0130nsano\u011flunun kendi mant\u0131\u011f\u0131n\u0131n s\u0131n\u0131rlar\u0131n\u0131 a\u015fmas\u0131n\u0131n gerek\u00e7esi aran\u0131yorsa, \u201cBa\u015far\u0131s\u0131zl\u0131k\u201d g\u00f6ze \u00e7arpan bir \u00f6rnektir.- New York TimesEnerjik\u2026 Su\u0308reklilik arz eden ba\u015far\u0131s\u0131zl\u0131\u011f\u0131n problemleri nas\u0131l ar\u0131tt\u0131\u011f\u0131n\u0131, ileriye d\u00f6nu\u0308k yolu nas\u0131l temizledi\u011fini yak\u0131ndan inceliyor.- Nature MagazineBilim herkes i\u00e7in eri\u015febilirdir \u00e7u\u0308nku\u0308 ger\u00e7ekten de \u00f6zu\u0308nde her \u015fey ba\u015far\u0131s\u0131zl\u0131k ve cehaletle ilgilidir belki de ara s\u0131ra ger\u00e7ekle\u015fen tesadu\u0308flerle.- Stuart Firestein<\/p>\n","protected":false},"excerpt":{"rendered":"<p>\u0130nsano\u011flunun kendi mant\u0131\u011f\u0131n\u0131n s\u0131n\u0131rlar\u0131n\u0131 a\u015fmas\u0131n\u0131n gerek\u00e7esi aran\u0131yorsa, \u201cBa\u015far\u0131s\u0131zl\u0131k\u201d g\u00f6ze \u00e7arpan bir \u00f6rnektir.- New York TimesEnerjik\u2026 Su\u0308reklilik arz eden ba\u015far\u0131s\u0131zl\u0131\u011f\u0131n problemleri nas\u0131l ar\u0131tt\u0131\u011f\u0131n\u0131, ileriye d\u00f6nu\u0308k yolu nas\u0131l<span class=\"excerpt-hellip\"> [\u2026]<\/span><\/p>\n","protected":false},"featured_media":0,"template":"","meta":{"_monsterinsights_skip_tracking":false,"_monsterinsights_sitenote_active":false,"_monsterinsights_sitenote_note":"","_monsterinsights_sitenote_category":0},"product_brand":[],"product_cat":[13005,13006],"product_tag":[],"class_list":{"0":"post-709609","1":"product","2":"type-product","3":"status-publish","5":"product_cat-bilim-muhendislik","6":"product_cat-populer-bilim","7":"pa_cilt-ciltsiz","8":"pa_tur-kitap","9":"pa_yayinevi-alabanda-yayin","10":"pa_yazar-stuart-firestein","12":"first","13":"instock","14":"sale","15":"shipping-taxable","16":"purchasable","17":"product-type-simple"},"_links":{"self":[{"href":"https:\/\/roveyayinevi.com.tr\/index.php\/wp-json\/wp\/v2\/product\/709609","targetHints":{"allow":["GET"]}}],"collection":[{"href":"https:\/\/roveyayinevi.com.tr\/index.php\/wp-json\/wp\/v2\/product"}],"about":[{"href":"https:\/\/roveyayinevi.com.tr\/index.php\/wp-json\/wp\/v2\/types\/product"}],"wp:attachment":[{"href":"https:\/\/roveyayinevi.com.tr\/index.php\/wp-json\/wp\/v2\/media?parent=709609"}],"wp:term":[{"taxonomy":"product_brand","embeddable":true,"href":"https:\/\/roveyayinevi.com.tr\/index.php\/wp-json\/wp\/v2\/product_brand?post=709609"},{"taxonomy":"product_cat","embeddable":true,"href":"https:\/\/roveyayinevi.com.tr\/index.php\/wp-json\/wp\/v2\/product_cat?post=709609"},{"taxonomy":"product_tag","embeddable":true,"href":"https:\/\/roveyayinevi.com.tr\/index.php\/wp-json\/wp\/v2\/product_tag?post=709609"}],"curies":[{"name":"wp","href":"https:\/\/api.w.org\/{rel}","templated":true}]}}