{"id":709607,"date":"2025-08-27T16:26:51","date_gmt":"2025-08-27T13:26:51","guid":{"rendered":"https:\/\/roveyayinevi.com.tr\/index.php\/urun\/kavramlarla-iyiles\/"},"modified":"2026-04-11T13:37:02","modified_gmt":"2026-04-11T10:37:02","slug":"kavramlarla-iyiles","status":"publish","type":"product","link":"https:\/\/roveyayinevi.com.tr\/index.php\/urun\/kavramlarla-iyiles\/","title":{"rendered":"Kavramlarla \u0130yile\u015f"},"content":{"rendered":"<p>Hayat\u0131n ritmine kap\u0131l\u0131p kaybolduk kendi i\u00e7imizde. S\u0131cak sohbetler edemez olduk\u2026 Her \u015fey o denli de\u011fi\u015fiyor ki hayat\u0131m\u0131zda, geleneklerimizden, de\u011ferlerimizden uzakla\u015f\u0131r hale geldik. Merhamet, vicdan, ho\u015fg\u00f6r\u00fc arar olduk insanlarda\u2026 Ahlak neydi? Peki ya birlik beraberlik? A\u015fk\u0131m Kap\u0131\u015fmak ile Aynur Tartan sizleri kavramlar \u00fczerine derin bir yolculu\u011fa \u00e7\u0131kar\u0131yor\u2026 \u201cAhlak\u201d, \u201csevgi\u201d, \u201cho\u015fg\u00f6r\u00fc\u201d, \u201cmerhamet\u201d, \u201cvicdan\u201d, \u201caile\u201d, \u201caidiyet\u201d, \u201ckayg\u0131\u201d ve \u201cbirlik beraberlik\u201d \u00fczerine ger\u00e7ekle\u015ftirdikleri sohbetle hayata ve insanl\u0131\u011fa dair dokuz kavram\u0131n iyile\u015ftirici y\u00f6nlerini tart\u0131\u015f\u0131yorlar\u2026 <\/p>\n","protected":false},"excerpt":{"rendered":"<p>Hayat\u0131n ritmine kap\u0131l\u0131p kaybolduk kendi i\u00e7imizde. S\u0131cak sohbetler edemez olduk\u2026 Her \u015fey o denli de\u011fi\u015fiyor ki hayat\u0131m\u0131zda, geleneklerimizden, de\u011ferlerimizden uzakla\u015f\u0131r hale geldik. Merhamet, vicdan, ho\u015fg\u00f6r\u00fc arar<span class=\"excerpt-hellip\"> [\u2026]<\/span><\/p>\n","protected":false},"featured_media":0,"template":"","meta":{"_monsterinsights_skip_tracking":false,"_monsterinsights_sitenote_active":false,"_monsterinsights_sitenote_note":"","_monsterinsights_sitenote_category":0},"product_brand":[],"product_cat":[12364,12376],"product_tag":[],"class_list":{"0":"post-709607","1":"product","2":"type-product","3":"status-publish","5":"product_cat-genel-konular","6":"product_cat-kisisel-gelisim","7":"pa_cilt-ciltsiz","8":"pa_tur-kitap","9":"pa_yayinevi-inkilap-kitabevi","10":"pa_yazar-askim-kapismak","12":"first","13":"instock","14":"sale","15":"shipping-taxable","16":"purchasable","17":"product-type-simple"},"_links":{"self":[{"href":"https:\/\/roveyayinevi.com.tr\/index.php\/wp-json\/wp\/v2\/product\/709607","targetHints":{"allow":["GET"]}}],"collection":[{"href":"https:\/\/roveyayinevi.com.tr\/index.php\/wp-json\/wp\/v2\/product"}],"about":[{"href":"https:\/\/roveyayinevi.com.tr\/index.php\/wp-json\/wp\/v2\/types\/product"}],"wp:attachment":[{"href":"https:\/\/roveyayinevi.com.tr\/index.php\/wp-json\/wp\/v2\/media?parent=709607"}],"wp:term":[{"taxonomy":"product_brand","embeddable":true,"href":"https:\/\/roveyayinevi.com.tr\/index.php\/wp-json\/wp\/v2\/product_brand?post=709607"},{"taxonomy":"product_cat","embeddable":true,"href":"https:\/\/roveyayinevi.com.tr\/index.php\/wp-json\/wp\/v2\/product_cat?post=709607"},{"taxonomy":"product_tag","embeddable":true,"href":"https:\/\/roveyayinevi.com.tr\/index.php\/wp-json\/wp\/v2\/product_tag?post=709607"}],"curies":[{"name":"wp","href":"https:\/\/api.w.org\/{rel}","templated":true}]}}