{"id":709604,"date":"2025-08-27T16:26:50","date_gmt":"2025-08-27T13:26:50","guid":{"rendered":"https:\/\/roveyayinevi.com.tr\/index.php\/urun\/ataturku-dogru-anlamak\/"},"modified":"2026-04-16T02:18:09","modified_gmt":"2026-04-15T23:18:09","slug":"ataturku-dogru-anlamak","status":"publish","type":"product","link":"https:\/\/roveyayinevi.com.tr\/index.php\/urun\/ataturku-dogru-anlamak\/","title":{"rendered":"Atat\u00fcrk\u2019\u00fc Do\u011fru Anlamak"},"content":{"rendered":"<p>Atat\u00fcrk&#8217;\u00fc do\u011fru anlamak isteyenlere\u2026 1940&#8217;lardan g\u00fcn\u00fcm\u00fcze T\u00fcrkiye&#8217;de var olan iktidarlar\u0131n, onlar\u0131n yapt\u0131klar\u0131n\u0131n ve T\u00fcrkiye&#8217;nin resmi ideolojisinin Atat\u00fcrk&#8217;\u00fcn d\u00fc\u015f\u00fcnce sistemiyle pek de uyu\u015fmad\u0131\u011f\u0131n\u0131 tart\u0131\u015fmak isteyenlere\u2026 Anti-kapitalist ve anti-emperyalist duru\u015fu olan Atat\u00fcrk&#8217;\u00fc ger\u00e7ekten tan\u0131may\u0131 arzulayanlara\u2026 S\u00f6m\u00fcrgeci Avrupa Birli\u011fi&#8217;nin ve Amerika&#8217;n\u0131n k\u0131skac\u0131ndaki T\u00fcrkiye&#8217;nin a\u00e7mazlar\u0131ndan kurtulma imk\u00e2n\u0131n\u0131 Atat\u00fcrk&#8217;\u00fcn d\u00fc\u015f\u00fcnce sisteminde g\u00f6renlere\u2026 Tam ba\u011f\u0131ms\u0131z T\u00fcrkiye&#8217;den yana olanlara\u2026 Emperyalist Avrupa Birli\u011fi ve Amerika blo\u011funa kar\u015f\u0131 Bat\u0131-d\u0131\u015f\u0131 mazlum milletler blo\u011funun tek se\u00e7enek oldu\u011funu merak edenlere\u2026 \ufffc<\/p>\n","protected":false},"excerpt":{"rendered":"<p>Atat\u00fcrk&#8217;\u00fc do\u011fru anlamak isteyenlere\u2026 1940&#8217;lardan g\u00fcn\u00fcm\u00fcze T\u00fcrkiye&#8217;de var olan iktidarlar\u0131n, onlar\u0131n yapt\u0131klar\u0131n\u0131n ve T\u00fcrkiye&#8217;nin resmi ideolojisinin Atat\u00fcrk&#8217;\u00fcn d\u00fc\u015f\u00fcnce sistemiyle pek de uyu\u015fmad\u0131\u011f\u0131n\u0131 tart\u0131\u015fmak isteyenlere\u2026 Anti-kapitalist ve<span class=\"excerpt-hellip\"> [\u2026]<\/span><\/p>\n","protected":false},"featured_media":0,"template":"","meta":{"_monsterinsights_skip_tracking":false,"_monsterinsights_sitenote_active":false,"_monsterinsights_sitenote_note":"","_monsterinsights_sitenote_category":0},"product_brand":[],"product_cat":[13590,12337],"product_tag":[],"class_list":{"0":"post-709604","1":"product","2":"type-product","3":"status-publish","5":"product_cat-arastirma-inceleme-politika-siyaset","6":"product_cat-politika-siyaset","7":"pa_cilt-ciltsiz","8":"pa_tur-kitap","9":"pa_yayinevi-ani-yayincilik","10":"pa_yazar-sezgin-kizilcelik","12":"first","13":"instock","14":"sale","15":"shipping-taxable","16":"purchasable","17":"product-type-simple"},"_links":{"self":[{"href":"https:\/\/roveyayinevi.com.tr\/index.php\/wp-json\/wp\/v2\/product\/709604","targetHints":{"allow":["GET"]}}],"collection":[{"href":"https:\/\/roveyayinevi.com.tr\/index.php\/wp-json\/wp\/v2\/product"}],"about":[{"href":"https:\/\/roveyayinevi.com.tr\/index.php\/wp-json\/wp\/v2\/types\/product"}],"wp:attachment":[{"href":"https:\/\/roveyayinevi.com.tr\/index.php\/wp-json\/wp\/v2\/media?parent=709604"}],"wp:term":[{"taxonomy":"product_brand","embeddable":true,"href":"https:\/\/roveyayinevi.com.tr\/index.php\/wp-json\/wp\/v2\/product_brand?post=709604"},{"taxonomy":"product_cat","embeddable":true,"href":"https:\/\/roveyayinevi.com.tr\/index.php\/wp-json\/wp\/v2\/product_cat?post=709604"},{"taxonomy":"product_tag","embeddable":true,"href":"https:\/\/roveyayinevi.com.tr\/index.php\/wp-json\/wp\/v2\/product_tag?post=709604"}],"curies":[{"name":"wp","href":"https:\/\/api.w.org\/{rel}","templated":true}]}}