{"id":709602,"date":"2025-08-27T16:26:49","date_gmt":"2025-08-27T13:26:49","guid":{"rendered":"https:\/\/roveyayinevi.com.tr\/index.php\/urun\/bizim-evde-ramazan\/"},"modified":"2026-04-03T02:23:37","modified_gmt":"2026-04-02T23:23:37","slug":"bizim-evde-ramazan","status":"publish","type":"product","link":"https:\/\/roveyayinevi.com.tr\/index.php\/urun\/bizim-evde-ramazan\/","title":{"rendered":"Bizim Evde Ramazan"},"content":{"rendered":"<p>Merhaba arkada\u015flar, Bu kitapta size &#8220;Bizim Evde Ramazan&#8221; nas\u0131l ge\u00e7er, anlatmak istedim. \u00c7\u00fcnk\u00fc Ramazan&#8217;da tam otuz g\u00fcn boyunca bizim evde hi\u00e7 bitmeyen bir co\u015fku ya\u015fand\u0131 ve ben bu co\u015fkuyu herkesle payla\u015fmak istedim. Evimizde Ramazan ay\u0131 boyunca ya\u015fanan co\u015fkuyu, heyecan\u0131 ve tatl\u0131 tela\u015flar\u0131 merak ediyor musunuz? O halde kitab\u0131n sayfalar\u0131n\u0131 kar\u0131\u015ft\u0131rmaya ba\u015flamal\u0131s\u0131n\u0131z! Haydi, hep beraber Ramazan co\u015fkusunu ya\u015fayal\u0131m! \ufffcTan\u0131t\u0131m Metni<\/p>\n","protected":false},"excerpt":{"rendered":"<p>Merhaba arkada\u015flar, Bu kitapta size &#8220;Bizim Evde Ramazan&#8221; nas\u0131l ge\u00e7er, anlatmak istedim. \u00c7\u00fcnk\u00fc Ramazan&#8217;da tam otuz g\u00fcn boyunca bizim evde hi\u00e7 bitmeyen bir co\u015fku ya\u015fand\u0131 ve<span class=\"excerpt-hellip\"> [\u2026]<\/span><\/p>\n","protected":false},"featured_media":0,"template":"","meta":{"_monsterinsights_skip_tracking":false,"_monsterinsights_sitenote_active":false,"_monsterinsights_sitenote_note":"","_monsterinsights_sitenote_category":0},"product_brand":[],"product_cat":[12274,12284],"product_tag":[],"class_list":{"0":"post-709602","1":"product","2":"type-product","3":"status-publish","5":"product_cat-cocuk-ve-genclik-kitaplari","6":"product_cat-hikayeler","7":"pa_cilt-ciltsiz","8":"pa_tur-kitap","9":"pa_yayinevi-gulce-kitap","10":"pa_yazar-nurdan-damla","12":"first","13":"instock","14":"sale","15":"shipping-taxable","16":"purchasable","17":"product-type-simple"},"_links":{"self":[{"href":"https:\/\/roveyayinevi.com.tr\/index.php\/wp-json\/wp\/v2\/product\/709602","targetHints":{"allow":["GET"]}}],"collection":[{"href":"https:\/\/roveyayinevi.com.tr\/index.php\/wp-json\/wp\/v2\/product"}],"about":[{"href":"https:\/\/roveyayinevi.com.tr\/index.php\/wp-json\/wp\/v2\/types\/product"}],"wp:attachment":[{"href":"https:\/\/roveyayinevi.com.tr\/index.php\/wp-json\/wp\/v2\/media?parent=709602"}],"wp:term":[{"taxonomy":"product_brand","embeddable":true,"href":"https:\/\/roveyayinevi.com.tr\/index.php\/wp-json\/wp\/v2\/product_brand?post=709602"},{"taxonomy":"product_cat","embeddable":true,"href":"https:\/\/roveyayinevi.com.tr\/index.php\/wp-json\/wp\/v2\/product_cat?post=709602"},{"taxonomy":"product_tag","embeddable":true,"href":"https:\/\/roveyayinevi.com.tr\/index.php\/wp-json\/wp\/v2\/product_tag?post=709602"}],"curies":[{"name":"wp","href":"https:\/\/api.w.org\/{rel}","templated":true}]}}