{"id":709600,"date":"2025-08-27T16:26:48","date_gmt":"2025-08-27T13:26:48","guid":{"rendered":"https:\/\/roveyayinevi.com.tr\/index.php\/urun\/karanliktan-sonra\/"},"modified":"2026-04-16T02:18:09","modified_gmt":"2026-04-15T23:18:09","slug":"karanliktan-sonra","status":"publish","type":"product","link":"https:\/\/roveyayinevi.com.tr\/index.php\/urun\/karanliktan-sonra\/","title":{"rendered":"Karanl\u0131ktan Sonra"},"content":{"rendered":"<p>Gece yar\u0131s\u0131ndan sonra zaman\u0131n kendine \u00f6zg\u00fc bir ak\u0131\u015f\u0131 vard\u0131r. Ona kar\u015f\u0131 koyamazs\u0131n\u2026S\u0131k s\u0131k ayn\u0131 r\u00fcyay\u0131 g\u00f6r\u00fcyorum: Yedi ya\u015f\u0131nday\u0131m ve yine \u00f6ks\u00fcz\u00fcm. Yapayaln\u0131z\u0131m ve g\u00fcvenebilece\u011fim tek bir yeti\u015fkin yok \u00e7evremde. Gece olmak \u00fczere. Hep ayn\u0131 r\u00fcya. R\u00fcyamda, hep yedi ya\u015f\u0131na d\u00f6n\u00fcyorum. B\u00fct\u00fcn bir geceyi d\u0131\u015far\u0131da ge\u00e7irmek zorunda olan bir gen\u00e7 k\u0131z\u2026 Onun iki ayd\u0131r uyanmak istemeyen k\u0131z karde\u015fi\u2026 A\u015fk otellerinden birinde korkun\u00e7 \u015fekilde d\u00f6v\u00fclen bir eskort kad\u0131n\u2026 Karanl\u0131k yan\u0131n\u0131 b\u00fcy\u00fck bir ustal\u0131kla gizleyen bir erkek\u2026 Ve g\u00fczel bir k\u0131z\u0131 ba\u015fka bir ger\u00e7ekli\u011fe ka\u00e7\u0131ran Y\u00fcz\u00fc Olmayan Adam\u2026 Karanl\u0131ktan Sonra gece insanlar\u0131n\u0131n roman\u0131\u2026 B\u00fct\u00fcn Murakami romanlar\u0131 kadar gizemli ve \u00fcrpertici\u2026 <\/p>\n","protected":false},"excerpt":{"rendered":"<p>Gece yar\u0131s\u0131ndan sonra zaman\u0131n kendine \u00f6zg\u00fc bir ak\u0131\u015f\u0131 vard\u0131r. Ona kar\u015f\u0131 koyamazs\u0131n\u2026S\u0131k s\u0131k ayn\u0131 r\u00fcyay\u0131 g\u00f6r\u00fcyorum: Yedi ya\u015f\u0131nday\u0131m ve yine \u00f6ks\u00fcz\u00fcm. Yapayaln\u0131z\u0131m ve g\u00fcvenebilece\u011fim tek bir<span class=\"excerpt-hellip\"> [\u2026]<\/span><\/p>\n","protected":false},"featured_media":0,"template":"","meta":{"_monsterinsights_skip_tracking":false,"_monsterinsights_sitenote_active":false,"_monsterinsights_sitenote_note":"","_monsterinsights_sitenote_category":0},"product_brand":[],"product_cat":[12291,12711],"product_tag":[],"class_list":{"0":"post-709600","1":"product","2":"type-product","3":"status-publish","5":"product_cat-edebiyat","6":"product_cat-roman-oyku","7":"pa_cilt-ciltsiz","8":"pa_tur-kitap","9":"pa_yayinevi-dogan-kitap","10":"pa_yazar-haruki-murakami","12":"first","13":"instock","14":"sale","15":"shipping-taxable","16":"purchasable","17":"product-type-simple"},"_links":{"self":[{"href":"https:\/\/roveyayinevi.com.tr\/index.php\/wp-json\/wp\/v2\/product\/709600","targetHints":{"allow":["GET"]}}],"collection":[{"href":"https:\/\/roveyayinevi.com.tr\/index.php\/wp-json\/wp\/v2\/product"}],"about":[{"href":"https:\/\/roveyayinevi.com.tr\/index.php\/wp-json\/wp\/v2\/types\/product"}],"wp:attachment":[{"href":"https:\/\/roveyayinevi.com.tr\/index.php\/wp-json\/wp\/v2\/media?parent=709600"}],"wp:term":[{"taxonomy":"product_brand","embeddable":true,"href":"https:\/\/roveyayinevi.com.tr\/index.php\/wp-json\/wp\/v2\/product_brand?post=709600"},{"taxonomy":"product_cat","embeddable":true,"href":"https:\/\/roveyayinevi.com.tr\/index.php\/wp-json\/wp\/v2\/product_cat?post=709600"},{"taxonomy":"product_tag","embeddable":true,"href":"https:\/\/roveyayinevi.com.tr\/index.php\/wp-json\/wp\/v2\/product_tag?post=709600"}],"curies":[{"name":"wp","href":"https:\/\/api.w.org\/{rel}","templated":true}]}}