{"id":709597,"date":"2025-08-27T16:26:46","date_gmt":"2025-08-27T13:26:46","guid":{"rendered":"https:\/\/roveyayinevi.com.tr\/index.php\/urun\/basileus-50-yilinda-kaunos-kbid-arkeolojik-arastirmalar-suppl-i\/"},"modified":"2026-04-16T02:18:09","modified_gmt":"2026-04-15T23:18:09","slug":"basileus-50-yilinda-kaunos-kbid-arkeolojik-arastirmalar-suppl-i","status":"publish","type":"product","link":"https:\/\/roveyayinevi.com.tr\/index.php\/urun\/basileus-50-yilinda-kaunos-kbid-arkeolojik-arastirmalar-suppl-i\/","title":{"rendered":"Basileus &#8211; 50. Y\u0131l\u0131nda Kaunos\/kbid (Arkeolojik Ara\u015ft\u0131rmalar Suppl. I)"},"content":{"rendered":"<p>Bug\u00fcn T.C. K\u00fclt\u00fcr ve Turizm Bakanl\u0131\u011f\u0131 ve Ba\u015fkent \u00dcniversitesi ad\u0131na Prof. Dr. Memet Cengiz I\u015f\u0131k&#8217;\u0131n ba\u015fkanl\u0131\u011f\u0131nda disiplinleraras\u0131 bir ekiple y\u00fcr\u00fct\u00fclen bilimsel ara\u015ft\u0131rmalar\u0131n sonu\u00e7lar\u0131yla Kaunos, kadim Anadolu topra\u011f\u0131n\u0131n ge\u00e7mi\u015fi ve bug\u00fcn\u00fc aras\u0131nda kurdu\u011fu k\u00f6pr\u00fcyle bir k\u00fclt\u00fcr me\u015falesi olmay\u0131 hak etmi\u015ftir. <\/p>\n","protected":false},"excerpt":{"rendered":"<p>Bug\u00fcn T.C. K\u00fclt\u00fcr ve Turizm Bakanl\u0131\u011f\u0131 ve Ba\u015fkent \u00dcniversitesi ad\u0131na Prof. Dr. Memet Cengiz I\u015f\u0131k&#8217;\u0131n ba\u015fkanl\u0131\u011f\u0131nda disiplinleraras\u0131 bir ekiple y\u00fcr\u00fct\u00fclen bilimsel ara\u015ft\u0131rmalar\u0131n sonu\u00e7lar\u0131yla Kaunos, kadim Anadolu<span class=\"excerpt-hellip\"> [\u2026]<\/span><\/p>\n","protected":false},"featured_media":0,"template":"","meta":{"_monsterinsights_skip_tracking":false,"_monsterinsights_sitenote_active":false,"_monsterinsights_sitenote_note":"","_monsterinsights_sitenote_category":0},"product_brand":[],"product_cat":[12534,12304],"product_tag":[],"class_list":{"0":"post-709597","1":"product","2":"type-product","3":"status-publish","5":"product_cat-referans-kitaplar","6":"product_cat-tarih","7":"pa_cilt-ciltli","8":"pa_tur-kitap","9":"pa_yayinevi-bilgin-kultur-sanat","10":"pa_yazar-komisyon","12":"first","13":"instock","14":"sale","15":"shipping-taxable","16":"purchasable","17":"product-type-simple"},"_links":{"self":[{"href":"https:\/\/roveyayinevi.com.tr\/index.php\/wp-json\/wp\/v2\/product\/709597","targetHints":{"allow":["GET"]}}],"collection":[{"href":"https:\/\/roveyayinevi.com.tr\/index.php\/wp-json\/wp\/v2\/product"}],"about":[{"href":"https:\/\/roveyayinevi.com.tr\/index.php\/wp-json\/wp\/v2\/types\/product"}],"wp:attachment":[{"href":"https:\/\/roveyayinevi.com.tr\/index.php\/wp-json\/wp\/v2\/media?parent=709597"}],"wp:term":[{"taxonomy":"product_brand","embeddable":true,"href":"https:\/\/roveyayinevi.com.tr\/index.php\/wp-json\/wp\/v2\/product_brand?post=709597"},{"taxonomy":"product_cat","embeddable":true,"href":"https:\/\/roveyayinevi.com.tr\/index.php\/wp-json\/wp\/v2\/product_cat?post=709597"},{"taxonomy":"product_tag","embeddable":true,"href":"https:\/\/roveyayinevi.com.tr\/index.php\/wp-json\/wp\/v2\/product_tag?post=709597"}],"curies":[{"name":"wp","href":"https:\/\/api.w.org\/{rel}","templated":true}]}}