{"id":709590,"date":"2025-08-27T16:26:42","date_gmt":"2025-08-27T13:26:42","guid":{"rendered":"https:\/\/roveyayinevi.com.tr\/index.php\/urun\/kendine-ait-bir-roma-diyar-i-rumda-kulturel-cografya-ve-kimlik-uzerine\/"},"modified":"2025-12-30T10:07:42","modified_gmt":"2025-12-30T07:07:42","slug":"kendine-ait-bir-roma-diyar-i-rumda-kulturel-cografya-ve-kimlik-uzerine","status":"publish","type":"product","link":"https:\/\/roveyayinevi.com.tr\/index.php\/urun\/kendine-ait-bir-roma-diyar-i-rumda-kulturel-cografya-ve-kimlik-uzerine\/","title":{"rendered":"Kendine Ait Bir Roma &#8211; Diyar-\u0131 Rum\u2019da K\u00fclt\u00fcrel Co\u011frafya ve Kimlik \u00dczerine"},"content":{"rendered":"<p>Millet ve vatan kavray\u0131\u015flar\u0131n\u0131n tarihi ile ilgili tart\u0131\u015fmalar\u0131 derinle\u015ftirebilmek i\u00e7in, gerek bu unsurlar\u0131n, gerekse bunlar\u0131 payla\u015ft\u0131\u011f\u0131m\u0131z\u0131 tahayy\u00fcl etti\u011fimiz ba\u015fka insanlardan olu\u015fan topluluklara duyulan aidiyet hissinin tarihine e\u011filmek gerekti\u011fi a\u00e7\u0131k. \u0130\u015fte burada zihnimizin hayret kap\u0131s\u0131n\u0131 ard\u0131na kadar a\u00e7\u0131k tutmakta yarar var. Vatan, il, yurt, ulus, kavim, millet, soy gibi kavramlar\u0131n ge\u00e7mi\u015fi hepimiz i\u00e7in s\u00fcrprizlerle dolu. Ge\u00e7mi\u015fin en az bizim kadar incelikli insanlar\u0131n\u0131n bu kavramlar\u0131n i\u00e7ini nas\u0131l farkl\u0131 \u015fekillerde doldurduklar\u0131na yak\u0131ndan e\u011filmek gerek. Osmanl\u0131 devletinin \u015femsiyesi alt\u0131na girmi\u015f insanlar\u0131 ve onlara ait topraklar\u0131 anlayabilmek i\u00e7in kar\u015f\u0131m\u0131za \u00e7\u0131kan en \u00f6nemli anahtar kelimeler aras\u0131nda diyar-\u0131 Rum ve Rum\u00eelik kavramlar\u0131 var. Bu kavramlarla birlikte bir\u00e7ok soru s\u00f6k\u00fcn ediyor: Diyar-\u0131 Rum neresidir? Bir t\u00fcr vatan m\u0131d\u0131r? Anadolu mudur Roma m\u0131d\u0131r? Kimlere Rum\u00ee denmi\u015ftir? Roma kimli\u011finin ve k\u00fclt\u00fcr miras\u0131n\u0131n tapusu Bizans\u2019tan Bat\u0131\u2019ya m\u0131 ge\u00e7mi\u015ftir? Hem insanl\u0131\u011f\u0131n ge\u00e7mi\u015fi hem kendi ge\u00e7mi\u015fimiz bize farkl\u0131 yerelliklerin m\u00fcmk\u00fcn oldu\u011funu, \u201cbir yer\u2019in insan\u0131 olman\u0131n\u201d \u00e7ok farkl\u0131 \u015fekillerde ya\u015fanabilece\u011fini g\u00f6steren nice hik\u00e2ye sunuyor. Diyar-\u0131 Rum\u2019a dair bu k\u00fc\u00e7\u00fck kitap da bunlardan bir tanesi. \ufffcTan\u0131t\u0131m Metni<\/p>\n","protected":false},"excerpt":{"rendered":"<p>Millet ve vatan kavray\u0131\u015flar\u0131n\u0131n tarihi ile ilgili tart\u0131\u015fmalar\u0131 derinle\u015ftirebilmek i\u00e7in, gerek bu unsurlar\u0131n, gerekse bunlar\u0131 payla\u015ft\u0131\u011f\u0131m\u0131z\u0131 tahayy\u00fcl etti\u011fimiz ba\u015fka insanlardan olu\u015fan topluluklara duyulan aidiyet hissinin tarihine<span class=\"excerpt-hellip\"> [\u2026]<\/span><\/p>\n","protected":false},"featured_media":0,"template":"","meta":{"_monsterinsights_skip_tracking":false,"_monsterinsights_sitenote_active":false,"_monsterinsights_sitenote_note":"","_monsterinsights_sitenote_category":0},"product_brand":[],"product_cat":[12305,12304],"product_tag":[],"class_list":{"0":"post-709590","1":"product","2":"type-product","3":"status-publish","5":"product_cat-dunya-tarihi","6":"product_cat-tarih","7":"pa_cilt-ciltsiz","8":"pa_tur-kitap","9":"pa_yayinevi-metis-yayinlari","10":"pa_yazar-cemal-kafadar","12":"first","13":"instock","14":"sale","15":"shipping-taxable","16":"purchasable","17":"product-type-simple"},"_links":{"self":[{"href":"https:\/\/roveyayinevi.com.tr\/index.php\/wp-json\/wp\/v2\/product\/709590","targetHints":{"allow":["GET"]}}],"collection":[{"href":"https:\/\/roveyayinevi.com.tr\/index.php\/wp-json\/wp\/v2\/product"}],"about":[{"href":"https:\/\/roveyayinevi.com.tr\/index.php\/wp-json\/wp\/v2\/types\/product"}],"wp:attachment":[{"href":"https:\/\/roveyayinevi.com.tr\/index.php\/wp-json\/wp\/v2\/media?parent=709590"}],"wp:term":[{"taxonomy":"product_brand","embeddable":true,"href":"https:\/\/roveyayinevi.com.tr\/index.php\/wp-json\/wp\/v2\/product_brand?post=709590"},{"taxonomy":"product_cat","embeddable":true,"href":"https:\/\/roveyayinevi.com.tr\/index.php\/wp-json\/wp\/v2\/product_cat?post=709590"},{"taxonomy":"product_tag","embeddable":true,"href":"https:\/\/roveyayinevi.com.tr\/index.php\/wp-json\/wp\/v2\/product_tag?post=709590"}],"curies":[{"name":"wp","href":"https:\/\/api.w.org\/{rel}","templated":true}]}}