{"id":709589,"date":"2025-08-27T16:26:42","date_gmt":"2025-08-27T13:26:42","guid":{"rendered":"https:\/\/roveyayinevi.com.tr\/index.php\/urun\/metis-bilim-dizisi-31-insan-iletisiminin-kokenleri\/"},"modified":"2026-04-16T02:18:08","modified_gmt":"2026-04-15T23:18:08","slug":"metis-bilim-dizisi-31-insan-iletisiminin-kokenleri","status":"publish","type":"product","link":"https:\/\/roveyayinevi.com.tr\/index.php\/urun\/metis-bilim-dizisi-31-insan-iletisiminin-kokenleri\/","title":{"rendered":"Metis Bilim Dizisi 31 &#8211; \u0130nsan \u0130leti\u015fiminin K\u00f6kenleri"},"content":{"rendered":"<p>\u0130\u015faret eden bir parma\u011f\u0131n ne kadar \u00e7ok anlama gelebilece\u011fini d\u00fc\u015f\u00fcn\u00fcn: Sizi bir tehlike konusunda uyarabilir, \u015fa\u015f\u0131rt\u0131c\u0131 ya da komik bir \u015fey g\u00f6sterebilir, bilmek isteyebilece\u011finiz bir bilgi verebilir. \u0130\u015fareti yapan ki\u015fiyle birbirinizi ne kadar iyi tan\u0131yorsan\u0131z, iletilen anlam o kadar incelikli olacakt\u0131r. K\u00fc\u00e7\u00fcc\u00fck bir i\u015farette bunca anlam sakl\u0131 olabiliyorsa, insanlar\u0131n gerek sistemli diller gerekse \u00e7e\u015fitli jest ve hareketlerle ger\u00e7ekle\u015ftirdi\u011fi ileti\u015fimin mekanizmas\u0131 ba\u015f d\u00f6nd\u00fcr\u00fcc\u00fc olsa gerek. \u0130nsan ileti\u015fiminin evrimsel k\u00f6kenlerini konu alan bu kitapta, geli\u015fim psikolojisinin \u00f6nde gelen isimlerinden Michael Tomasello bize tam da bunu g\u00f6steriyor. Temel sav\u0131, insan ileti\u015fiminin i\u015fbirli\u011fine dayal\u0131 olarak geli\u015fti\u011fi y\u00f6n\u00fcnde: Evrimin bir noktas\u0131nda atalar\u0131m\u0131z g\u00fcndelik faaliyetlerinde i\u015fbirli\u011fi yapmaya ba\u015flad\u0131lar, bu da onlar\u0131 bilgi (ve hatta niyet) payla\u015f\u0131m\u0131na, yani daha ayr\u0131nt\u0131l\u0131 bir ileti\u015fime sevk etti. \u0130\u015faret ve hareketlerle ba\u015flayan bu ileti\u015fim zamanla geli\u015ferek sistemli dilleri ortaya \u00e7\u0131kard\u0131. Tomasello bu savlar\u0131n\u0131 desteklemek i\u00e7in titizlikle tasarlanm\u0131\u015f ve \u00e7o\u011funu kendi ekibiyle birlikte y\u00fcr\u00fctt\u00fc\u011f\u00fc yarat\u0131c\u0131 deneylerden faydalan\u0131yor. Primatlar ve k\u00fc\u00e7\u00fck ya\u015ftaki \u00e7ocuklarla yap\u0131lan bu deneyler, kendi t\u00fcr\u00fcm\u00fcz\u00fcn en gen\u00e7 \u00fcyeleri ile en yak\u0131n hayvan akrabalar\u0131m\u0131z\u0131n ileti\u015fim bi\u00e7imleri aras\u0131ndaki fark ve benzerlikleri \u00e7arp\u0131c\u0131 bir \u015fekilde ortaya koyuyor. \u0130nsan hayat\u0131n\u0131n ve k\u00fclt\u00fcr\u00fcn\u00fcn canal\u0131c\u0131 bir y\u00f6n\u00fcne \u0131\u015f\u0131k tutan bu kitab\u0131, bilimsel d\u00fc\u015f\u00fcncenin inceliklerinden keyif alan b\u00fct\u00fcn okurlar\u0131m\u0131za tavsiye ediyoruz. \ufffcTan\u0131t\u0131m Metni<\/p>\n","protected":false},"excerpt":{"rendered":"<p>\u0130\u015faret eden bir parma\u011f\u0131n ne kadar \u00e7ok anlama gelebilece\u011fini d\u00fc\u015f\u00fcn\u00fcn: Sizi bir tehlike konusunda uyarabilir, \u015fa\u015f\u0131rt\u0131c\u0131 ya da komik bir \u015fey g\u00f6sterebilir, bilmek isteyebilece\u011finiz bir bilgi<span class=\"excerpt-hellip\"> [\u2026]<\/span><\/p>\n","protected":false},"featured_media":0,"template":"","meta":{"_monsterinsights_skip_tracking":false,"_monsterinsights_sitenote_active":false,"_monsterinsights_sitenote_note":"","_monsterinsights_sitenote_category":0},"product_brand":[],"product_cat":[13005,13006],"product_tag":[],"class_list":{"0":"post-709589","1":"product","2":"type-product","3":"status-publish","5":"product_cat-bilim-muhendislik","6":"product_cat-populer-bilim","7":"pa_cilt-ciltsiz","8":"pa_tur-kitap","9":"pa_yayinevi-metis-yayinlari","10":"pa_yazar-michael-tomasello","12":"first","13":"instock","14":"sale","15":"shipping-taxable","16":"purchasable","17":"product-type-simple"},"_links":{"self":[{"href":"https:\/\/roveyayinevi.com.tr\/index.php\/wp-json\/wp\/v2\/product\/709589","targetHints":{"allow":["GET"]}}],"collection":[{"href":"https:\/\/roveyayinevi.com.tr\/index.php\/wp-json\/wp\/v2\/product"}],"about":[{"href":"https:\/\/roveyayinevi.com.tr\/index.php\/wp-json\/wp\/v2\/types\/product"}],"wp:attachment":[{"href":"https:\/\/roveyayinevi.com.tr\/index.php\/wp-json\/wp\/v2\/media?parent=709589"}],"wp:term":[{"taxonomy":"product_brand","embeddable":true,"href":"https:\/\/roveyayinevi.com.tr\/index.php\/wp-json\/wp\/v2\/product_brand?post=709589"},{"taxonomy":"product_cat","embeddable":true,"href":"https:\/\/roveyayinevi.com.tr\/index.php\/wp-json\/wp\/v2\/product_cat?post=709589"},{"taxonomy":"product_tag","embeddable":true,"href":"https:\/\/roveyayinevi.com.tr\/index.php\/wp-json\/wp\/v2\/product_tag?post=709589"}],"curies":[{"name":"wp","href":"https:\/\/api.w.org\/{rel}","templated":true}]}}