{"id":709587,"date":"2025-08-27T16:26:41","date_gmt":"2025-08-27T13:26:41","guid":{"rendered":"https:\/\/roveyayinevi.com.tr\/index.php\/urun\/jitem-akrep-apoletliler\/"},"modified":"2026-04-16T02:18:08","modified_gmt":"2026-04-15T23:18:08","slug":"jitem-akrep-apoletliler","status":"publish","type":"product","link":"https:\/\/roveyayinevi.com.tr\/index.php\/urun\/jitem-akrep-apoletliler\/","title":{"rendered":"Jitem &#8211; Akrep Apoletliler"},"content":{"rendered":"<p>J\u0130TEM\u2019i unutmak kolay de\u011fil. Te\u015fkilat-\u0131 Mahsusa nas\u0131l unutulmam\u0131\u015fsa J\u0130TEM de unu-tulmayacak. Enver\u2019in, Resneli Niyazi\u2019nin, Yakup Cemil\u2019in torunlar\u0131 kurdu J\u0130TEM\u2019i. Gen ba\u011f\u0131 olmasa da aralar\u0131nda kan ba\u011f\u0131 vard\u0131. Te\u015fkilat-\u0131 Mahsusa nas\u0131l h\u00e2l\u00e2 \u201cs\u0131r\u201dsa J\u0130TEM de \u00f6yle. S\u0131rr\u0131n s\u0131rr\u0131 J\u0130TEM. J\u0130TEM\u2019i anlamayanlar, ABD\u2019nin gizli ordusu Gladyo ile e\u015f tuttular. Y\u00f6ntemleri benzese de J\u0130TEM \u201cmilli\u201dydi. Kuranlar T\u00fcrk gibi ba\u015flad\u0131, T\u00fcrk gibi bitirdi. J\u0130TEM\u2019ciler \u00e7ok \u015feyle su\u00e7land\u0131, hara\u00e7 almaktan \u015fantaj yapmaya. J\u0130TEM\u2019i tan\u0131mayanlar yazd\u0131 ald\u0131klar\u0131 harac\u0131, yapt\u0131klar\u0131 ka\u00e7ak\u00e7\u0131l\u0131\u011f\u0131. Oysa tek bir T\u00fcrk subay\u0131 mahkeme kar\u015f\u0131s\u0131na hara\u00e7 al-maktan, ka\u00e7ak\u00e7\u0131l\u0131ktan \u00e7\u0131kmad\u0131. Faili me\u00e7hul cinayetle su\u00e7land\u0131lar. Beraat ettiler. \u0130tiraf\u00e7\u0131lar\u0131n i\u015fiydi hara\u00e7 almak, \u015fantaj, gasp\u2026 G\u00fcdememi\u015flerdi saf de\u011fi\u015ftirenleri\u2026 J\u0130TEM\u2019ciler, belki de Son Fedaileri\u2019ydi memleketin\u2026 Beyaz Toroslar \u00e7\u00fcr\u00fcd\u00fc, J\u0130TEM\u2019ciler k\u00fcst\u00fc. Ve Diyarbak\u0131r\u2019\u0131n Sur il\u00e7esinde P KK\u2019l\u0131lar beyaz To-ros\u2019tan inip \u015fehit ettiler polislerimizi. <\/p>\n","protected":false},"excerpt":{"rendered":"<p>J\u0130TEM\u2019i unutmak kolay de\u011fil. Te\u015fkilat-\u0131 Mahsusa nas\u0131l unutulmam\u0131\u015fsa J\u0130TEM de unu-tulmayacak. Enver\u2019in, Resneli Niyazi\u2019nin, Yakup Cemil\u2019in torunlar\u0131 kurdu J\u0130TEM\u2019i. Gen ba\u011f\u0131 olmasa da aralar\u0131nda kan ba\u011f\u0131<span class=\"excerpt-hellip\"> [\u2026]<\/span><\/p>\n","protected":false},"featured_media":0,"template":"","meta":{"_monsterinsights_skip_tracking":false,"_monsterinsights_sitenote_active":false,"_monsterinsights_sitenote_note":"","_monsterinsights_sitenote_category":0},"product_brand":[],"product_cat":[12337,14543],"product_tag":[],"class_list":{"0":"post-709587","1":"product","2":"type-product","3":"status-publish","5":"product_cat-politika-siyaset","6":"product_cat-turkiye-siyaseti-ve-politikasi","7":"pa_cilt-ciltsiz","8":"pa_tur-kitap","9":"pa_yayinevi-kripto-basim-yayin","10":"pa_yazar-necdet-pekmezci","12":"first","13":"instock","14":"sale","15":"shipping-taxable","16":"purchasable","17":"product-type-simple"},"_links":{"self":[{"href":"https:\/\/roveyayinevi.com.tr\/index.php\/wp-json\/wp\/v2\/product\/709587","targetHints":{"allow":["GET"]}}],"collection":[{"href":"https:\/\/roveyayinevi.com.tr\/index.php\/wp-json\/wp\/v2\/product"}],"about":[{"href":"https:\/\/roveyayinevi.com.tr\/index.php\/wp-json\/wp\/v2\/types\/product"}],"wp:attachment":[{"href":"https:\/\/roveyayinevi.com.tr\/index.php\/wp-json\/wp\/v2\/media?parent=709587"}],"wp:term":[{"taxonomy":"product_brand","embeddable":true,"href":"https:\/\/roveyayinevi.com.tr\/index.php\/wp-json\/wp\/v2\/product_brand?post=709587"},{"taxonomy":"product_cat","embeddable":true,"href":"https:\/\/roveyayinevi.com.tr\/index.php\/wp-json\/wp\/v2\/product_cat?post=709587"},{"taxonomy":"product_tag","embeddable":true,"href":"https:\/\/roveyayinevi.com.tr\/index.php\/wp-json\/wp\/v2\/product_tag?post=709587"}],"curies":[{"name":"wp","href":"https:\/\/api.w.org\/{rel}","templated":true}]}}