{"id":709586,"date":"2025-08-27T16:26:40","date_gmt":"2025-08-27T13:26:40","guid":{"rendered":"https:\/\/roveyayinevi.com.tr\/index.php\/urun\/bir-gun-kadrim-bilinirse\/"},"modified":"2026-04-16T02:18:08","modified_gmt":"2026-04-15T23:18:08","slug":"bir-gun-kadrim-bilinirse","status":"publish","type":"product","link":"https:\/\/roveyayinevi.com.tr\/index.php\/urun\/bir-gun-kadrim-bilinirse\/","title":{"rendered":"Bir G\u00fcn Kadrim Bilinirse"},"content":{"rendered":"<p>Elindeki kitab\u0131n kapa\u011f\u0131n\u0131 a\u00e7t\u0131\u011f\u0131nda iki insan\u0131n ya\u015fam\u0131na konuk olacaks\u0131n : Sabattin Ali ve Kuyucakl\u0131 Serdar\u2026 Ald\u0131rma G\u00f6n\u00fcl\u2019\u00fcn \u015fairi, Kuyucakl\u0131\u2019n\u0131n Yusuf olan\u0131n\u0131 getirir akla. Serdar\u2019\u0131 Galip Uyar kendisi var etmi\u015f ve \u00fcniversite ya\u015fam\u0131 12 Eyl\u00fcl sonras\u0131na denk gelen bu gencin maceras\u0131 ile Sabahattin Ali\u2019yi \u00e7ok g\u00fczel ili\u015fkilendirmi\u015f.Sayfalardaki yolculu\u011fun s\u0131ras\u0131nda b\u00fcy\u00fck \u015fair, romanc\u0131 ve \u00f6yk\u00fcc\u00fcn\u00fcn sadece hayat\u0131n\u0131 okumayacaks\u0131n ; onun sanat\u0131na dair usta i\u015fi de\u011ferlendirmelere de rastlayacaks\u0131n. Serdar\u2019\u0131 ise kendi k\u00f6yl\u00fcnm\u00fc\u015f gibi tan\u0131yacak, hi\u00e7 ku\u015fku yok ki \u015fefkatle seveceksin. Her iki hayattan geriye ho\u015f bir burukluk kalacak i\u00e7inde.Galip Uyar\u2019\u0131n daha \u00f6nce hik\u00e2yelerini okumu\u015ftum. Bu kitapla emin oldum : O, ya\u015fam \u00f6yk\u00fcs\u00fc anlatmakta \u00e7ok ba\u015far\u0131l\u0131 bir yazar. Toprak I\u015f\u0131k <\/p>\n","protected":false},"excerpt":{"rendered":"<p>Elindeki kitab\u0131n kapa\u011f\u0131n\u0131 a\u00e7t\u0131\u011f\u0131nda iki insan\u0131n ya\u015fam\u0131na konuk olacaks\u0131n : Sabattin Ali ve Kuyucakl\u0131 Serdar\u2026 Ald\u0131rma G\u00f6n\u00fcl\u2019\u00fcn \u015fairi, Kuyucakl\u0131\u2019n\u0131n Yusuf olan\u0131n\u0131 getirir akla. Serdar\u2019\u0131 Galip Uyar<span class=\"excerpt-hellip\"> [\u2026]<\/span><\/p>\n","protected":false},"featured_media":0,"template":"","meta":{"_monsterinsights_skip_tracking":false,"_monsterinsights_sitenote_active":false,"_monsterinsights_sitenote_note":"","_monsterinsights_sitenote_category":0},"product_brand":[],"product_cat":[12312,12304],"product_tag":[],"class_list":{"0":"post-709586","1":"product","2":"type-product","3":"status-publish","5":"product_cat-diger","6":"product_cat-tarih","7":"pa_cilt-ciltsiz","8":"pa_tur-kitap","9":"pa_yayinevi-herdem-kitap","10":"pa_yazar-galip-uyar","12":"first","13":"instock","14":"sale","15":"shipping-taxable","16":"purchasable","17":"product-type-simple"},"_links":{"self":[{"href":"https:\/\/roveyayinevi.com.tr\/index.php\/wp-json\/wp\/v2\/product\/709586","targetHints":{"allow":["GET"]}}],"collection":[{"href":"https:\/\/roveyayinevi.com.tr\/index.php\/wp-json\/wp\/v2\/product"}],"about":[{"href":"https:\/\/roveyayinevi.com.tr\/index.php\/wp-json\/wp\/v2\/types\/product"}],"wp:attachment":[{"href":"https:\/\/roveyayinevi.com.tr\/index.php\/wp-json\/wp\/v2\/media?parent=709586"}],"wp:term":[{"taxonomy":"product_brand","embeddable":true,"href":"https:\/\/roveyayinevi.com.tr\/index.php\/wp-json\/wp\/v2\/product_brand?post=709586"},{"taxonomy":"product_cat","embeddable":true,"href":"https:\/\/roveyayinevi.com.tr\/index.php\/wp-json\/wp\/v2\/product_cat?post=709586"},{"taxonomy":"product_tag","embeddable":true,"href":"https:\/\/roveyayinevi.com.tr\/index.php\/wp-json\/wp\/v2\/product_tag?post=709586"}],"curies":[{"name":"wp","href":"https:\/\/api.w.org\/{rel}","templated":true}]}}