{"id":709585,"date":"2025-08-27T16:26:40","date_gmt":"2025-08-27T13:26:40","guid":{"rendered":"https:\/\/roveyayinevi.com.tr\/index.php\/urun\/korluk\/"},"modified":"2026-04-16T02:18:08","modified_gmt":"2026-04-15T23:18:08","slug":"korluk","status":"publish","type":"product","link":"https:\/\/roveyayinevi.com.tr\/index.php\/urun\/korluk\/","title":{"rendered":"K\u00f6rl\u00fck"},"content":{"rendered":"<p>Usta yazar\u0131n belki de en etkileyici yap\u0131t\u0131 olan, sinemaya da uyarlanm\u0131\u015f K\u00f6rl\u00fck, toplumsal ya\u015fam\u0131n nas\u0131l bir vah\u015fete d\u00f6n\u00fc\u015febilece\u011fini m\u00fcthi\u015f bir incelikle g\u00f6zler \u00f6n\u00fcne sererken,  insana dair son umut k\u0131r\u0131nt\u0131s\u0131n\u0131 da bir kad\u0131n\u0131n tek ba\u015f\u0131na \u00f6rg\u00fctledi\u011fi dayan\u0131\u015fma ve direni\u015f \u00f6rne\u011fiyle sergileyen unutulmaz eserler aras\u0131nda yerini alm\u0131\u015ft\u0131r. <\/p>\n","protected":false},"excerpt":{"rendered":"<p>Usta yazar\u0131n belki de en etkileyici yap\u0131t\u0131 olan, sinemaya da uyarlanm\u0131\u015f K\u00f6rl\u00fck, toplumsal ya\u015fam\u0131n nas\u0131l bir vah\u015fete d\u00f6n\u00fc\u015febilece\u011fini m\u00fcthi\u015f bir incelikle g\u00f6zler \u00f6n\u00fcne sererken, insana dair<span class=\"excerpt-hellip\"> [\u2026]<\/span><\/p>\n","protected":false},"featured_media":0,"template":"","meta":{"_monsterinsights_skip_tracking":false,"_monsterinsights_sitenote_active":false,"_monsterinsights_sitenote_note":"","_monsterinsights_sitenote_category":0},"product_brand":[],"product_cat":[12291,12711],"product_tag":[],"class_list":{"0":"post-709585","1":"product","2":"type-product","3":"status-publish","5":"product_cat-edebiyat","6":"product_cat-roman-oyku","7":"pa_cilt-ciltsiz","8":"pa_tur-kitap","9":"pa_yayinevi-kirmizi-kedi-yayinevi","10":"pa_yazar-jose-saramago","12":"first","13":"instock","14":"sale","15":"shipping-taxable","16":"purchasable","17":"product-type-simple"},"_links":{"self":[{"href":"https:\/\/roveyayinevi.com.tr\/index.php\/wp-json\/wp\/v2\/product\/709585","targetHints":{"allow":["GET"]}}],"collection":[{"href":"https:\/\/roveyayinevi.com.tr\/index.php\/wp-json\/wp\/v2\/product"}],"about":[{"href":"https:\/\/roveyayinevi.com.tr\/index.php\/wp-json\/wp\/v2\/types\/product"}],"wp:attachment":[{"href":"https:\/\/roveyayinevi.com.tr\/index.php\/wp-json\/wp\/v2\/media?parent=709585"}],"wp:term":[{"taxonomy":"product_brand","embeddable":true,"href":"https:\/\/roveyayinevi.com.tr\/index.php\/wp-json\/wp\/v2\/product_brand?post=709585"},{"taxonomy":"product_cat","embeddable":true,"href":"https:\/\/roveyayinevi.com.tr\/index.php\/wp-json\/wp\/v2\/product_cat?post=709585"},{"taxonomy":"product_tag","embeddable":true,"href":"https:\/\/roveyayinevi.com.tr\/index.php\/wp-json\/wp\/v2\/product_tag?post=709585"}],"curies":[{"name":"wp","href":"https:\/\/api.w.org\/{rel}","templated":true}]}}