{"id":709584,"date":"2025-08-27T16:26:39","date_gmt":"2025-08-27T13:26:39","guid":{"rendered":"https:\/\/roveyayinevi.com.tr\/index.php\/urun\/cizvit-cemaati-ve-gizli-talimatlari\/"},"modified":"2026-04-16T02:18:08","modified_gmt":"2026-04-15T23:18:08","slug":"cizvit-cemaati-ve-gizli-talimatlari","status":"publish","type":"product","link":"https:\/\/roveyayinevi.com.tr\/index.php\/urun\/cizvit-cemaati-ve-gizli-talimatlari\/","title":{"rendered":"Cizvit Cemaati ve Gizli Talimatlar\u0131"},"content":{"rendered":"<p>D\u00fcnya tarihi sahnesinde siyasi, iktisadi, k\u00fclt\u00fcrel ve manevi akt\u00f6rleri y\u00f6neten perde arkas\u0131 oyun kurucular\u0131na ve faaliyetlerine ili\u015fkin iddialar mevcuttur.Ancak, Katolik Kilisesi\u2019nin en etkin ve gizemli cemaati olan Cizvitleri ve onlar\u0131n 16. y\u00fczy\u0131ldan g\u00fcn\u00fcm\u00fcze uzanan \u00e7ok y\u00f6nl\u00fc faaliyetlerini incelemeden D\u00fcnya ve T\u00fcrkiye tarihi yeterince anla\u015f\u0131lmayacakt\u0131r.Cizvitler ve Gizli Talimatlar\u0131, baz\u0131 bilgi ve kanaatlerin yeniden de\u011ferlendirilmesi gerekti\u011fini d\u00fc\u015f\u00fcnd\u00fcrecektir. <\/p>\n","protected":false},"excerpt":{"rendered":"<p>D\u00fcnya tarihi sahnesinde siyasi, iktisadi, k\u00fclt\u00fcrel ve manevi akt\u00f6rleri y\u00f6neten perde arkas\u0131 oyun kurucular\u0131na ve faaliyetlerine ili\u015fkin iddialar mevcuttur.Ancak, Katolik Kilisesi\u2019nin en etkin ve gizemli cemaati<span class=\"excerpt-hellip\"> [\u2026]<\/span><\/p>\n","protected":false},"featured_media":0,"template":"","meta":{"_monsterinsights_skip_tracking":false,"_monsterinsights_sitenote_active":false,"_monsterinsights_sitenote_note":"","_monsterinsights_sitenote_category":0},"product_brand":[],"product_cat":[12305,12304],"product_tag":[],"class_list":{"0":"post-709584","1":"product","2":"type-product","3":"status-publish","5":"product_cat-dunya-tarihi","6":"product_cat-tarih","7":"pa_cilt-ciltsiz","8":"pa_tur-kitap","9":"pa_yayinevi-yeditepe-yayinevi","10":"pa_yazar-orhan-sakin","12":"first","13":"instock","14":"sale","15":"shipping-taxable","16":"purchasable","17":"product-type-simple"},"_links":{"self":[{"href":"https:\/\/roveyayinevi.com.tr\/index.php\/wp-json\/wp\/v2\/product\/709584","targetHints":{"allow":["GET"]}}],"collection":[{"href":"https:\/\/roveyayinevi.com.tr\/index.php\/wp-json\/wp\/v2\/product"}],"about":[{"href":"https:\/\/roveyayinevi.com.tr\/index.php\/wp-json\/wp\/v2\/types\/product"}],"wp:attachment":[{"href":"https:\/\/roveyayinevi.com.tr\/index.php\/wp-json\/wp\/v2\/media?parent=709584"}],"wp:term":[{"taxonomy":"product_brand","embeddable":true,"href":"https:\/\/roveyayinevi.com.tr\/index.php\/wp-json\/wp\/v2\/product_brand?post=709584"},{"taxonomy":"product_cat","embeddable":true,"href":"https:\/\/roveyayinevi.com.tr\/index.php\/wp-json\/wp\/v2\/product_cat?post=709584"},{"taxonomy":"product_tag","embeddable":true,"href":"https:\/\/roveyayinevi.com.tr\/index.php\/wp-json\/wp\/v2\/product_tag?post=709584"}],"curies":[{"name":"wp","href":"https:\/\/api.w.org\/{rel}","templated":true}]}}