{"id":709582,"date":"2025-08-27T16:26:38","date_gmt":"2025-08-27T13:26:38","guid":{"rendered":"https:\/\/roveyayinevi.com.tr\/index.php\/urun\/kadim-gemi\/"},"modified":"2026-04-16T02:18:08","modified_gmt":"2026-04-15T23:18:08","slug":"kadim-gemi","status":"publish","type":"product","link":"https:\/\/roveyayinevi.com.tr\/index.php\/urun\/kadim-gemi\/","title":{"rendered":"Kadim Gemi"},"content":{"rendered":"<p>Mao Dun Edebiyat \u00d6d\u00fcl\u00fc sahibi \u00c7inli yazar Zhang Wei\u2019in, 1987 y\u0131l\u0131nda yay\u0131nlanan kitab\u0131 Kadim Gemi, \u00e7ok k\u0131sa s\u00fcrede \u00c7in\u2019de \u00e7ok sat\u0131lan kitaplar aras\u0131nda yerini alm\u0131\u015ft\u0131r. Kitap, Modern \u00c7in edebiyat\u0131 a\u00e7\u0131s\u0131ndan bir d\u00f6n\u00fcm noktas\u0131 olarak kabul edilmektedir. Do\u011frusal olmayan (Non-Linear) bir tarzda yaz\u0131lm\u0131\u015f olan kitap i\u00e7erisinde yazar hik\u00e2yeyi, zaman ve mek\u00e2nda hareket ederek okuyucuya aktarmaktad\u0131r. Kitap, \u00c7in\u2019in kuzeyinde yer alan hayali bir kasaba olan Wali\u2019de ya\u015fayan Sui, Zhao ve Li ailelerinin \u00fc\u00e7 neslinin ba\u015f\u0131ndan ge\u00e7enleri konu almaktad\u0131r. Yazar, b\u00fcy\u00fck bir karga\u015fa i\u00e7indeki toplumda ya\u015fayan bireylerin m\u00fccadelesini anlatmakta ve modern ile gelenekselin \u00e7at\u0131\u015fmas\u0131n\u0131 sorgulamaktad\u0131r. T\u00fcrk\u00e7eye ilk kez \u00e7evrilen eser, \u00c7in\u2019in yak\u0131n tarihini okuyucuyla bulu\u015fturmaktad\u0131r. <\/p>\n","protected":false},"excerpt":{"rendered":"<p>Mao Dun Edebiyat \u00d6d\u00fcl\u00fc sahibi \u00c7inli yazar Zhang Wei\u2019in, 1987 y\u0131l\u0131nda yay\u0131nlanan kitab\u0131 Kadim Gemi, \u00e7ok k\u0131sa s\u00fcrede \u00c7in\u2019de \u00e7ok sat\u0131lan kitaplar aras\u0131nda yerini alm\u0131\u015ft\u0131r. Kitap,<span class=\"excerpt-hellip\"> [\u2026]<\/span><\/p>\n","protected":false},"featured_media":0,"template":"","meta":{"_monsterinsights_skip_tracking":false,"_monsterinsights_sitenote_active":false,"_monsterinsights_sitenote_note":"","_monsterinsights_sitenote_category":0},"product_brand":[],"product_cat":[12291,12745],"product_tag":[],"class_list":{"0":"post-709582","1":"product","2":"type-product","3":"status-publish","5":"product_cat-edebiyat","6":"product_cat-tarihi-roman","7":"pa_cilt-ciltsiz","8":"pa_tur-kitap","9":"pa_yayinevi-yeditepe-yayinevi","10":"pa_yazar-zhang-wei","12":"first","13":"instock","14":"sale","15":"shipping-taxable","16":"purchasable","17":"product-type-simple"},"_links":{"self":[{"href":"https:\/\/roveyayinevi.com.tr\/index.php\/wp-json\/wp\/v2\/product\/709582","targetHints":{"allow":["GET"]}}],"collection":[{"href":"https:\/\/roveyayinevi.com.tr\/index.php\/wp-json\/wp\/v2\/product"}],"about":[{"href":"https:\/\/roveyayinevi.com.tr\/index.php\/wp-json\/wp\/v2\/types\/product"}],"wp:attachment":[{"href":"https:\/\/roveyayinevi.com.tr\/index.php\/wp-json\/wp\/v2\/media?parent=709582"}],"wp:term":[{"taxonomy":"product_brand","embeddable":true,"href":"https:\/\/roveyayinevi.com.tr\/index.php\/wp-json\/wp\/v2\/product_brand?post=709582"},{"taxonomy":"product_cat","embeddable":true,"href":"https:\/\/roveyayinevi.com.tr\/index.php\/wp-json\/wp\/v2\/product_cat?post=709582"},{"taxonomy":"product_tag","embeddable":true,"href":"https:\/\/roveyayinevi.com.tr\/index.php\/wp-json\/wp\/v2\/product_tag?post=709582"}],"curies":[{"name":"wp","href":"https:\/\/api.w.org\/{rel}","templated":true}]}}