{"id":709581,"date":"2025-08-27T16:26:38","date_gmt":"2025-08-27T13:26:38","guid":{"rendered":"https:\/\/roveyayinevi.com.tr\/index.php\/urun\/zor-zamanlarda-emek-turkiyede-calisma-yasaminin-guncel-sorunlari\/"},"modified":"2026-04-16T02:18:08","modified_gmt":"2026-04-15T23:18:08","slug":"zor-zamanlarda-emek-turkiyede-calisma-yasaminin-guncel-sorunlari","status":"publish","type":"product","link":"https:\/\/roveyayinevi.com.tr\/index.php\/urun\/zor-zamanlarda-emek-turkiyede-calisma-yasaminin-guncel-sorunlari\/","title":{"rendered":"Zor Zamanlarda Emek &#8211; T\u00fcrkiye&#8217;de \u00c7al\u0131\u015fma Ya\u015fam\u0131n\u0131n G\u00fcncel Sorunlar\u0131"},"content":{"rendered":"<p>T\u00fcrkiye&#8217;de emek evreni, ku\u015fkusuz bir par\u00e7as\u0131 oldu\u011fu geni\u015f iktisadi, sosyal ve siyasal sistemle \u00e7evrelenmi\u015ftir ve genel \u00e7izgileriyle oralardaki geli\u015fmeleri de yans\u0131t\u0131r. Emek evreninin tarihsel s\u00fcre\u00e7 i\u00e7inde olu\u015farak yap\u0131sal bir karakter kazanan sorunlar\u0131, 2000&#8217;li y\u0131llarda d\u00fcnyada ve T\u00fcrkiye&#8217;de ya\u015fanan geli\u015fmelerle peki\u015fip, iyice karma\u015f\u0131kla\u015f\u0131rken; buna eme\u011fin mikro ve makro \u00f6l\u00e7eklerde g\u00fc\u00e7 kaybetmesine yol a\u00e7an yeni ve ciddi sorunlar eklenmi\u015ftir. Zor Zamanlarda Emek&#8217;te t\u00fcm bu geli\u015fmeler de\u011fi\u015fik boyutlar\u0131yla, alan\u0131n yetkin isimleri taraf\u0131ndan kapsaml\u0131 bi\u00e7imde incelenmektedir. S\u0131n\u0131fsal gelir b\u00f6l\u00fc\u015f\u00fcm\u00fcndeki e\u011filimler, s\u0131n\u0131fsal yap\u0131n\u0131n d\u00f6n\u00fc\u015f\u00fcm\u00fc ve i\u015f\u00e7ile\u015fme s\u00fcreci, \u00e7al\u0131\u015fan yoksullu\u011fu, g\u00f6\u00e7men i\u015f\u00e7iler meselesi, uygulamaya aktar\u0131lamayan sendikal haklar ile kullan\u0131lamayan grev hakk\u0131, T\u00fcrkiye\u2019nin evrensel sosyal insan haklar\u0131na uyumsuzlu\u011fu, yayg\u0131nla\u015fan g\u00fcvencesiz \u00e7al\u0131\u015fma ve giderek i\u015f cinayetlerine d\u00f6n\u00fc\u015fen i\u015f\u00e7i \u00f6l\u00fcmleri; Zor Zamanlarda Emek&#8217;te derinlemesine ve titizlikle ele al\u0131nan konular aras\u0131ndad\u0131r. Kitap bu bi\u00e7imiyle, T\u00fcrkiye\u2019deki g\u00fcncel emek \u00e7al\u0131\u015fmalar\u0131na \u00f6nemli bir katk\u0131 sunmaktad\u0131r. <\/p>\n","protected":false},"excerpt":{"rendered":"<p>T\u00fcrkiye&#8217;de emek evreni, ku\u015fkusuz bir par\u00e7as\u0131 oldu\u011fu geni\u015f iktisadi, sosyal ve siyasal sistemle \u00e7evrelenmi\u015ftir ve genel \u00e7izgileriyle oralardaki geli\u015fmeleri de yans\u0131t\u0131r. Emek evreninin tarihsel s\u00fcre\u00e7 i\u00e7inde<span class=\"excerpt-hellip\"> [\u2026]<\/span><\/p>\n","protected":false},"featured_media":0,"template":"","meta":{"_monsterinsights_skip_tracking":false,"_monsterinsights_sitenote_active":false,"_monsterinsights_sitenote_note":"","_monsterinsights_sitenote_category":0},"product_brand":[],"product_cat":[12312,12304],"product_tag":[],"class_list":{"0":"post-709581","1":"product","2":"type-product","3":"status-publish","5":"product_cat-diger","6":"product_cat-tarih","7":"pa_cilt-ciltsiz","8":"pa_tur-kitap","9":"pa_yayinevi-imge-kitabevi-yayinlari","10":"pa_yazar-ahmet-makal","12":"first","13":"instock","14":"sale","15":"shipping-taxable","16":"purchasable","17":"product-type-simple"},"_links":{"self":[{"href":"https:\/\/roveyayinevi.com.tr\/index.php\/wp-json\/wp\/v2\/product\/709581","targetHints":{"allow":["GET"]}}],"collection":[{"href":"https:\/\/roveyayinevi.com.tr\/index.php\/wp-json\/wp\/v2\/product"}],"about":[{"href":"https:\/\/roveyayinevi.com.tr\/index.php\/wp-json\/wp\/v2\/types\/product"}],"wp:attachment":[{"href":"https:\/\/roveyayinevi.com.tr\/index.php\/wp-json\/wp\/v2\/media?parent=709581"}],"wp:term":[{"taxonomy":"product_brand","embeddable":true,"href":"https:\/\/roveyayinevi.com.tr\/index.php\/wp-json\/wp\/v2\/product_brand?post=709581"},{"taxonomy":"product_cat","embeddable":true,"href":"https:\/\/roveyayinevi.com.tr\/index.php\/wp-json\/wp\/v2\/product_cat?post=709581"},{"taxonomy":"product_tag","embeddable":true,"href":"https:\/\/roveyayinevi.com.tr\/index.php\/wp-json\/wp\/v2\/product_tag?post=709581"}],"curies":[{"name":"wp","href":"https:\/\/api.w.org\/{rel}","templated":true}]}}