{"id":709580,"date":"2025-08-27T16:26:38","date_gmt":"2025-08-27T13:26:38","guid":{"rendered":"https:\/\/roveyayinevi.com.tr\/index.php\/urun\/annemin-kelimeleri\/"},"modified":"2025-09-17T22:23:38","modified_gmt":"2025-09-17T19:23:38","slug":"annemin-kelimeleri","status":"publish","type":"product","link":"https:\/\/roveyayinevi.com.tr\/index.php\/urun\/annemin-kelimeleri\/","title":{"rendered":"Annemin Kelimeleri"},"content":{"rendered":"<p>\u201cAnnemin beyninde bir sorun oldu\u011funu y\u00fcz\u00fcne bak\u0131p da anlayamazd\u0131n\u0131z, ama a\u011fz\u0131n\u0131 a\u00e7t\u0131\u011f\u0131 anda i\u015fin rengi de\u011fi\u015firdi. Sesi k\u00fc\u00e7\u00fck k\u0131zlar\u0131nki gibi \u00e7ok tizdi ve sadece yirmi \u00fc\u00e7 kelime biliyordu. Say\u0131dan eminim, \u00e7\u00fcnk\u00fc annemin s\u00f6yledi\u011fi \u015feylerin listesini yap\u0131p mutfak dolab\u0131m\u0131z\u0131n i\u00e7ine raptiyeliyorduk. Bunlar\u0131n \u00e7o\u011fu iyi, daha ya da s\u0131cak gibi s\u0131k kullan\u0131lan kelimelerdi, ama i\u00e7lerinden bir tanesi vard\u0131 ki onu sadece annem s\u00f6ylerdi: soof.\u201d Heidi do\u011fum tarihini bilmiyor, babas\u0131n\u0131n kim oldu\u011funu da. Asl\u0131nda Heidi\u2019yle annesinin ge\u00e7mi\u015fine dair her \u015fey bir sis perdesiyle kapl\u0131&#8230; Heidi annesinin kelimelerinden \u201csoof\u201dun pe\u015fine d\u00fc\u015f\u00fcp, onun ge\u00e7mi\u015fiyle ilgili her \u015feyi \u00f6\u011frenmek \u00fczere bir yolculu\u011fa \u00e7\u0131k\u0131yor. Yan\u0131nda eski p\u00fcsk\u00fc k\u0131rm\u0131z\u0131 bir  kazak, birka\u00e7 foto\u011fraf ve \u015fans\u0131yla&#8230; Evden uzakta, anne k\u0131z\u0131n ge\u00e7mi\u015fine ait eksik par\u00e7alar bir bir tamamlan\u0131yor. \u201cAnnemin Kelimeleri\u201d kolay kolay ak\u0131llardan \u00e7\u0131kmayacak, dokunakl\u0131 bir anne k\u0131z hik\u00e2yesi&#8230; <\/p>\n","protected":false},"excerpt":{"rendered":"<p>\u201cAnnemin beyninde bir sorun oldu\u011funu y\u00fcz\u00fcne bak\u0131p da anlayamazd\u0131n\u0131z, ama a\u011fz\u0131n\u0131 a\u00e7t\u0131\u011f\u0131 anda i\u015fin rengi de\u011fi\u015firdi. Sesi k\u00fc\u00e7\u00fck k\u0131zlar\u0131nki gibi \u00e7ok tizdi ve sadece yirmi \u00fc\u00e7<span class=\"excerpt-hellip\"> [\u2026]<\/span><\/p>\n","protected":false},"featured_media":0,"template":"","meta":{"_monsterinsights_skip_tracking":false,"_monsterinsights_sitenote_active":false,"_monsterinsights_sitenote_note":"","_monsterinsights_sitenote_category":0},"product_brand":[],"product_cat":[12274,12284],"product_tag":[],"class_list":{"0":"post-709580","1":"product","2":"type-product","3":"status-publish","5":"product_cat-cocuk-ve-genclik-kitaplari","6":"product_cat-hikayeler","7":"pa_cilt-ciltsiz","8":"pa_tur-kitap","9":"pa_yayinevi-can-cocuk-yayinlari","10":"pa_yazar-sarah-weeks","12":"first","13":"instock","14":"sale","15":"shipping-taxable","16":"purchasable","17":"product-type-simple"},"_links":{"self":[{"href":"https:\/\/roveyayinevi.com.tr\/index.php\/wp-json\/wp\/v2\/product\/709580","targetHints":{"allow":["GET"]}}],"collection":[{"href":"https:\/\/roveyayinevi.com.tr\/index.php\/wp-json\/wp\/v2\/product"}],"about":[{"href":"https:\/\/roveyayinevi.com.tr\/index.php\/wp-json\/wp\/v2\/types\/product"}],"wp:attachment":[{"href":"https:\/\/roveyayinevi.com.tr\/index.php\/wp-json\/wp\/v2\/media?parent=709580"}],"wp:term":[{"taxonomy":"product_brand","embeddable":true,"href":"https:\/\/roveyayinevi.com.tr\/index.php\/wp-json\/wp\/v2\/product_brand?post=709580"},{"taxonomy":"product_cat","embeddable":true,"href":"https:\/\/roveyayinevi.com.tr\/index.php\/wp-json\/wp\/v2\/product_cat?post=709580"},{"taxonomy":"product_tag","embeddable":true,"href":"https:\/\/roveyayinevi.com.tr\/index.php\/wp-json\/wp\/v2\/product_tag?post=709580"}],"curies":[{"name":"wp","href":"https:\/\/api.w.org\/{rel}","templated":true}]}}