{"id":709579,"date":"2025-08-27T16:26:37","date_gmt":"2025-08-27T13:26:37","guid":{"rendered":"https:\/\/roveyayinevi.com.tr\/index.php\/urun\/turkiye-hikayelerini-anlatiyor\/"},"modified":"2026-04-16T02:18:08","modified_gmt":"2026-04-15T23:18:08","slug":"turkiye-hikayelerini-anlatiyor","status":"publish","type":"product","link":"https:\/\/roveyayinevi.com.tr\/index.php\/urun\/turkiye-hikayelerini-anlatiyor\/","title":{"rendered":"T\u00fcrkiye Hikayelerini Anlat\u0131yor"},"content":{"rendered":"<p>N\u00e2z\u0131m Hikmet, ba\u015fyap\u0131t\u0131 Memleketimden \u0130nsan Manzaralar\u0131\u2019nda 1908\u2019den 1945\u2019e kadar uzanan bir  zaman diliminde \u00fc\u00e7 y\u00fczden fazla karakter \u00fczerinden T\u00fcrkiye\u2019nin hik\u00e2yesini anlat\u0131r. 70 y\u0131l aradan sonra, N\u00e2z\u0131m\u2019\u0131n insan manzaralar\u0131ndan esinlenerek A\u00e7\u0131k Radyo ve Bo\u011fazi\u00e7i \u00dcniversitesi N\u00e2z\u0131m Hikmet K\u00fclt\u00fcr ve Sanat Ara\u015ft\u0131rma Merkezi i\u015fbirli\u011fiyle ger\u00e7ekle\u015ftirilen proje  kitapta,  bu sefer insanlardan kendi hik\u00e2yelerini anlatmalar\u0131n\u0131 istedik. T\u00fcrkiye Hik\u00e2yelerini Anlat\u0131yor t\u0131pk\u0131 Paul Auster\u2019\u0131n Babam\u0131n Tanr\u0131 Oldu\u011funu Sand\u0131m\u2019da toplad\u0131\u011f\u0131 radyo hik\u00e2yeleri gibi radyoda seslendirildi. Aile hik\u00e2yeleri, a\u015fk ve delilik \u00fczerine hik\u00e2yeler, toplumsal-k\u00fclt\u00fcrel-etnik kimlik hik\u00e2yeleri, hayvanlara, k\u00f6ye, ta\u015fraya ve \u015fehre dair hik\u00e2yeler, ya\u015fam ve \u00f6l\u00fcm, toplumsal ve siyasal olaylar, yard\u0131mla\u015fma, dostluk, yoksulluk hik\u00e2yeleri&#8230; Hepsi de T\u00fcrkiye\u2019nin hik\u00e2yeleri. Ger\u00e7ekten ya\u015fanm\u0131\u015f ya da O\u011fuz Atay\u2019\u0131n deyi\u015fiyle, \u201chayat-\u0131 hakikiye hik\u00e2yeleri\u201d. Ya\u015fand\u0131lar, yaz\u0131ld\u0131lar. Anlat\u0131ld\u0131lar, anla\u015f\u0131ld\u0131lar. \u015eimdi s\u0131ra payla\u015f\u0131lmalar\u0131nda&#8230; <\/p>\n","protected":false},"excerpt":{"rendered":"<p>N\u00e2z\u0131m Hikmet, ba\u015fyap\u0131t\u0131 Memleketimden \u0130nsan Manzaralar\u0131\u2019nda 1908\u2019den 1945\u2019e kadar uzanan bir zaman diliminde \u00fc\u00e7 y\u00fczden fazla karakter \u00fczerinden T\u00fcrkiye\u2019nin hik\u00e2yesini anlat\u0131r. 70 y\u0131l aradan sonra, N\u00e2z\u0131m\u2019\u0131n<span class=\"excerpt-hellip\"> [\u2026]<\/span><\/p>\n","protected":false},"featured_media":0,"template":"","meta":{"_monsterinsights_skip_tracking":false,"_monsterinsights_sitenote_active":false,"_monsterinsights_sitenote_note":"","_monsterinsights_sitenote_category":0},"product_brand":[],"product_cat":[27157,12291],"product_tag":[],"class_list":{"0":"post-709579","1":"product","2":"type-product","3":"status-publish","5":"product_cat-derleme","6":"product_cat-edebiyat","7":"pa_cilt-ciltsiz","8":"pa_tur-kitap","9":"pa_yayinevi-can-yayinlari","10":"pa_yazar-murat-gulsoy","12":"first","13":"instock","14":"sale","15":"shipping-taxable","16":"purchasable","17":"product-type-simple"},"_links":{"self":[{"href":"https:\/\/roveyayinevi.com.tr\/index.php\/wp-json\/wp\/v2\/product\/709579","targetHints":{"allow":["GET"]}}],"collection":[{"href":"https:\/\/roveyayinevi.com.tr\/index.php\/wp-json\/wp\/v2\/product"}],"about":[{"href":"https:\/\/roveyayinevi.com.tr\/index.php\/wp-json\/wp\/v2\/types\/product"}],"wp:attachment":[{"href":"https:\/\/roveyayinevi.com.tr\/index.php\/wp-json\/wp\/v2\/media?parent=709579"}],"wp:term":[{"taxonomy":"product_brand","embeddable":true,"href":"https:\/\/roveyayinevi.com.tr\/index.php\/wp-json\/wp\/v2\/product_brand?post=709579"},{"taxonomy":"product_cat","embeddable":true,"href":"https:\/\/roveyayinevi.com.tr\/index.php\/wp-json\/wp\/v2\/product_cat?post=709579"},{"taxonomy":"product_tag","embeddable":true,"href":"https:\/\/roveyayinevi.com.tr\/index.php\/wp-json\/wp\/v2\/product_tag?post=709579"}],"curies":[{"name":"wp","href":"https:\/\/api.w.org\/{rel}","templated":true}]}}