{"id":709578,"date":"2025-08-27T16:26:36","date_gmt":"2025-08-27T13:26:36","guid":{"rendered":"https:\/\/roveyayinevi.com.tr\/index.php\/urun\/ferman-padisahindir-osmanli-padisahlarindan-ilginc-anekdotlar\/"},"modified":"2026-04-16T02:18:08","modified_gmt":"2026-04-15T23:18:08","slug":"ferman-padisahindir-osmanli-padisahlarindan-ilginc-anekdotlar","status":"publish","type":"product","link":"https:\/\/roveyayinevi.com.tr\/index.php\/urun\/ferman-padisahindir-osmanli-padisahlarindan-ilginc-anekdotlar\/","title":{"rendered":"Ferman Padi\u015fah\u0131nd\u0131r &#8211; Osmanl\u0131 Padi\u015fahlar\u0131\u2019ndan \u0130lgin\u00e7 Anekdotlar&#8230;"},"content":{"rendered":"<p>Gelece\u011fi, ge\u00e7mi\u015f belirler! Re\u015fat Kemal Suba\u015f\u0131 Ferman Padi\u015fah\u0131nd\u0131r isimli kitab\u0131yla huzurlar\u0131n\u0131zda\u2026 Emin ad\u0131mlarla ileriye gitmenin yolu, sahip oldu\u011fumuz miras\u0131 iyi tan\u0131maktan ge\u00e7er! \u015eanl\u0131 ecdad\u0131m\u0131z\u0131 ne kadar tan\u0131yoruz? Kal\u0131n tarih kitaplar\u0131 okumak g\u00f6z\u00fcn\u00fcz\u00fc m\u00fc korkutuyor? O zaman do\u011fru yerdesiniz. Bu kitapta d\u00fcnya taht\u0131nda oturan sultanlar\u0131n, maneviyat\u0131n sultanlar\u0131 \u00f6n\u00fcnde masum bir \u00e7ocuk gibi nas\u0131l boyun e\u011fdiklerine \u015fahit olacaks\u0131n\u0131z. Sadece toprak par\u00e7as\u0131n\u0131 fethetmenin hesab\u0131n\u0131 de\u011fil, g\u00f6n\u00fclleri fethetmenin hesab\u0131n\u0131 da yapt\u0131klar\u0131na hayran kalacaks\u0131n\u0131z. Yerinde s\u00f6ylenen g\u00fczel bir s\u00f6z\u00fcn, ordunun g\u00fcc\u00fcnden daha g\u00fc\u00e7l\u00fc oldu\u011funu daha iyi anlayacaks\u0131n\u0131z. \u0130slam dini yolunda h\u00e2kimli\u011fi de\u011fil, hadimli\u011fi tercih eden tevazu kar\u015f\u0131s\u0131nda mest olacaks\u0131n\u0131z. Saadetli ecdad\u0131m\u0131z\u0131 tan\u0131mam\u0131z gerekmektedir ve Ferman Padi\u015fah\u0131nd\u0131r en m\u00fchim noktalar\u0131 okuyuculara \u00f6zenle sunuyor\u2026 <\/p>\n","protected":false},"excerpt":{"rendered":"<p>Gelece\u011fi, ge\u00e7mi\u015f belirler! Re\u015fat Kemal Suba\u015f\u0131 Ferman Padi\u015fah\u0131nd\u0131r isimli kitab\u0131yla huzurlar\u0131n\u0131zda\u2026 Emin ad\u0131mlarla ileriye gitmenin yolu, sahip oldu\u011fumuz miras\u0131 iyi tan\u0131maktan ge\u00e7er! \u015eanl\u0131 ecdad\u0131m\u0131z\u0131 ne kadar<span class=\"excerpt-hellip\"> [\u2026]<\/span><\/p>\n","protected":false},"featured_media":0,"template":"","meta":{"_monsterinsights_skip_tracking":false,"_monsterinsights_sitenote_active":false,"_monsterinsights_sitenote_note":"","_monsterinsights_sitenote_category":0},"product_brand":[],"product_cat":[13517,12304],"product_tag":[],"class_list":{"0":"post-709578","1":"product","2":"type-product","3":"status-publish","5":"product_cat-osmanli-tarihi","6":"product_cat-tarih","7":"pa_cilt-ciltsiz","8":"pa_tur-kitap","9":"pa_yayinevi-hayykitap","10":"pa_yazar-resat-kemal-subasi","12":"first","13":"instock","14":"sale","15":"shipping-taxable","16":"purchasable","17":"product-type-simple"},"_links":{"self":[{"href":"https:\/\/roveyayinevi.com.tr\/index.php\/wp-json\/wp\/v2\/product\/709578","targetHints":{"allow":["GET"]}}],"collection":[{"href":"https:\/\/roveyayinevi.com.tr\/index.php\/wp-json\/wp\/v2\/product"}],"about":[{"href":"https:\/\/roveyayinevi.com.tr\/index.php\/wp-json\/wp\/v2\/types\/product"}],"wp:attachment":[{"href":"https:\/\/roveyayinevi.com.tr\/index.php\/wp-json\/wp\/v2\/media?parent=709578"}],"wp:term":[{"taxonomy":"product_brand","embeddable":true,"href":"https:\/\/roveyayinevi.com.tr\/index.php\/wp-json\/wp\/v2\/product_brand?post=709578"},{"taxonomy":"product_cat","embeddable":true,"href":"https:\/\/roveyayinevi.com.tr\/index.php\/wp-json\/wp\/v2\/product_cat?post=709578"},{"taxonomy":"product_tag","embeddable":true,"href":"https:\/\/roveyayinevi.com.tr\/index.php\/wp-json\/wp\/v2\/product_tag?post=709578"}],"curies":[{"name":"wp","href":"https:\/\/api.w.org\/{rel}","templated":true}]}}