{"id":709575,"date":"2025-08-27T16:26:35","date_gmt":"2025-08-27T13:26:35","guid":{"rendered":"https:\/\/roveyayinevi.com.tr\/index.php\/urun\/shenzen-cinden-bir-gezi-hikayesi\/"},"modified":"2026-04-16T02:18:08","modified_gmt":"2026-04-15T23:18:08","slug":"shenzen-cinden-bir-gezi-hikayesi","status":"publish","type":"product","link":"https:\/\/roveyayinevi.com.tr\/index.php\/urun\/shenzen-cinden-bir-gezi-hikayesi\/","title":{"rendered":"Shenzen-\u00c7in&#8217;den Bir Gezi Hikayesi"},"content":{"rendered":"<p>Kanadal\u0131 \u00e7izgi romanc\u0131 Guy Delisle, \u00c7in&#8217;in en kalabal\u0131k \u015fehirlerinden olan Shenzhen&#8217;e, bir animasyon st\u00fcdyosunu denetlemek \u00fczere yapt\u0131\u011f\u0131 yolculu\u011fu muhte\u015fem bir dille anlat\u0131yor. Pyongyang, Kud\u00fcs, Burma G\u00fcnl\u00fckleri gibi \u00e7izgi romanlar\u0131yla bilinen Delisle, bu kitapta soyutlanm\u0131\u015f bir ba\u015fka \u00fclkenin koridorlar\u0131nda dola\u015f\u0131yor. G\u00f6zlemledi\u011fi ince detaylar\u0131, duru ve e\u011flenceli bir dille anlat\u0131rken; Do\u011fu-Bat\u0131 k\u00fclt\u00fcrleri aras\u0131ndaki farkl\u0131l\u0131klar\u0131 ve tuhafl\u0131klar\u0131 zekice bir kurguyla sunuyor. T\u00fcr\u00fcn\u00fcn en \u00f6zel \u00f6rneklerinden biri olan Shenzhen, \u00e7izgi roman d\u00fcnyas\u0131n\u0131n \u00f6nemli \u00f6d\u00fcllerinden (Harvey ve Doug Wright \u00d6d\u00fclleri) de adayl\u0131\u011f\u0131 olan bir eser. Shenzhen, keyifle okuyaca\u011f\u0131n\u0131z s\u0131ra d\u0131\u015f\u0131 bir seyahat rehberi. \ufffcTan\u0131t\u0131m Metni<\/p>\n","protected":false},"excerpt":{"rendered":"<p>Kanadal\u0131 \u00e7izgi romanc\u0131 Guy Delisle, \u00c7in&#8217;in en kalabal\u0131k \u015fehirlerinden olan Shenzhen&#8217;e, bir animasyon st\u00fcdyosunu denetlemek \u00fczere yapt\u0131\u011f\u0131 yolculu\u011fu muhte\u015fem bir dille anlat\u0131yor. Pyongyang, Kud\u00fcs, Burma G\u00fcnl\u00fckleri<span class=\"excerpt-hellip\"> [\u2026]<\/span><\/p>\n","protected":false},"featured_media":0,"template":"","meta":{"_monsterinsights_skip_tracking":false,"_monsterinsights_sitenote_active":false,"_monsterinsights_sitenote_note":"","_monsterinsights_sitenote_category":0},"product_brand":[],"product_cat":[12689,12274],"product_tag":[],"class_list":{"0":"post-709575","1":"product","2":"type-product","3":"status-publish","5":"product_cat-cizgi-roman-cocuk-ve-genclik-kitaplari","6":"product_cat-cocuk-ve-genclik-kitaplari","7":"pa_cilt-ciltsiz","8":"pa_tur-kitap","9":"pa_yayinevi-kara-karga-yayinlari","10":"pa_yazar-guy-delisle","12":"first","13":"instock","14":"sale","15":"shipping-taxable","16":"purchasable","17":"product-type-simple"},"_links":{"self":[{"href":"https:\/\/roveyayinevi.com.tr\/index.php\/wp-json\/wp\/v2\/product\/709575","targetHints":{"allow":["GET"]}}],"collection":[{"href":"https:\/\/roveyayinevi.com.tr\/index.php\/wp-json\/wp\/v2\/product"}],"about":[{"href":"https:\/\/roveyayinevi.com.tr\/index.php\/wp-json\/wp\/v2\/types\/product"}],"wp:attachment":[{"href":"https:\/\/roveyayinevi.com.tr\/index.php\/wp-json\/wp\/v2\/media?parent=709575"}],"wp:term":[{"taxonomy":"product_brand","embeddable":true,"href":"https:\/\/roveyayinevi.com.tr\/index.php\/wp-json\/wp\/v2\/product_brand?post=709575"},{"taxonomy":"product_cat","embeddable":true,"href":"https:\/\/roveyayinevi.com.tr\/index.php\/wp-json\/wp\/v2\/product_cat?post=709575"},{"taxonomy":"product_tag","embeddable":true,"href":"https:\/\/roveyayinevi.com.tr\/index.php\/wp-json\/wp\/v2\/product_tag?post=709575"}],"curies":[{"name":"wp","href":"https:\/\/api.w.org\/{rel}","templated":true}]}}