{"id":709571,"date":"2025-08-27T16:26:33","date_gmt":"2025-08-27T13:26:33","guid":{"rendered":"https:\/\/roveyayinevi.com.tr\/index.php\/urun\/yuruyen-oluler-cokus\/"},"modified":"2026-04-16T02:18:08","modified_gmt":"2026-04-15T23:18:08","slug":"yuruyen-oluler-cokus","status":"publish","type":"product","link":"https:\/\/roveyayinevi.com.tr\/index.php\/urun\/yuruyen-oluler-cokus\/","title":{"rendered":"Y\u00fcr\u00fcyen \u00d6l\u00fcler \u00c7\u00f6k\u00fc\u015f"},"content":{"rendered":"<p>\u201cArt\u0131k ka\u00e7mak yok. Elimizde olan her \u015feyle sava\u015faca\u011f\u0131z.\u201dVali\u2019nin karanl\u0131k miras\u0131, hayatta kalan herkesin ili\u011fine i\u015flemi\u015f olsa da Lilly Caul ve di\u011ferleri travmatik ge\u00e7mi\u015flerinin \u00fcstesinden gelmeye kararl\u0131d\u0131r\u2026 \u00dcstelik y\u00fcr\u00fcyen \u00f6l\u00fclerden olu\u015fa devasa s\u00fcr\u00fc \u00fczerlerine do\u011fru gelmektedir.\u015ea\u015f\u0131rt\u0131c\u0131 ve korkutucu finaliyle, Lilly ve yak\u0131n arkada\u015flar\u0131n\u0131n d\u00fcnyas\u0131 alt\u00fcst olur. T\u00fcm kasabay\u0131 zehirli kaderinden kurtarmak ise yine Lilly Caul\u2019un elindedir.\u201cKitab\u0131 okumak ger\u00e7ekten e\u011flenceli\u2026 Zaten bildi\u011finiz bir d\u00fcnyaya farkl\u0131 bir bak\u0131\u015f ve en sevdi\u011finiz karakterler hakk\u0131nda bilmedi\u011finiz \u015feyler \u00f6\u011frenebilirsiniz.\u201d \u2013Fanbolt\u201cRoman ayr\u0131nt\u0131lar\u0131yla dikkat \u00e7ekiyor\u2026 Hayat hikayeleri ve bunlar\u0131n birbirleriyle olan ili\u015fkileri, \u00e7izgi romanda genellikle gizemli kalan karakterlere derinlik veriyor. \u00c7izgi roman okuyucular\u0131 i\u00e7in, roman s\u00fcrprizlerle dolu. B\u00f6ylece e\u011flenceli olmakla kalmay\u0131p, aradaki bo\u015fluklar\u0131 doldurmak i\u00e7in de olmazsa olmaz haline geliyor\u2026\u201d \u2013Examiner.Com<\/p>\n","protected":false},"excerpt":{"rendered":"<p>\u201cArt\u0131k ka\u00e7mak yok. Elimizde olan her \u015feyle sava\u015faca\u011f\u0131z.\u201dVali\u2019nin karanl\u0131k miras\u0131, hayatta kalan herkesin ili\u011fine i\u015flemi\u015f olsa da Lilly Caul ve di\u011ferleri travmatik ge\u00e7mi\u015flerinin \u00fcstesinden gelmeye kararl\u0131d\u0131r\u2026<span class=\"excerpt-hellip\"> [\u2026]<\/span><\/p>\n","protected":false},"featured_media":0,"template":"","meta":{"_monsterinsights_skip_tracking":false,"_monsterinsights_sitenote_active":false,"_monsterinsights_sitenote_note":"","_monsterinsights_sitenote_category":0},"product_brand":[],"product_cat":[12291,14777],"product_tag":[],"class_list":{"0":"post-709571","1":"product","2":"type-product","3":"status-publish","5":"product_cat-edebiyat","6":"product_cat-fantastik","7":"pa_cilt-ciltsiz","8":"pa_tur-kitap","9":"pa_yayinevi-ren-kitap","10":"pa_yazar-jay-bonansinga","12":"first","13":"instock","14":"sale","15":"shipping-taxable","16":"purchasable","17":"product-type-simple"},"_links":{"self":[{"href":"https:\/\/roveyayinevi.com.tr\/index.php\/wp-json\/wp\/v2\/product\/709571","targetHints":{"allow":["GET"]}}],"collection":[{"href":"https:\/\/roveyayinevi.com.tr\/index.php\/wp-json\/wp\/v2\/product"}],"about":[{"href":"https:\/\/roveyayinevi.com.tr\/index.php\/wp-json\/wp\/v2\/types\/product"}],"wp:attachment":[{"href":"https:\/\/roveyayinevi.com.tr\/index.php\/wp-json\/wp\/v2\/media?parent=709571"}],"wp:term":[{"taxonomy":"product_brand","embeddable":true,"href":"https:\/\/roveyayinevi.com.tr\/index.php\/wp-json\/wp\/v2\/product_brand?post=709571"},{"taxonomy":"product_cat","embeddable":true,"href":"https:\/\/roveyayinevi.com.tr\/index.php\/wp-json\/wp\/v2\/product_cat?post=709571"},{"taxonomy":"product_tag","embeddable":true,"href":"https:\/\/roveyayinevi.com.tr\/index.php\/wp-json\/wp\/v2\/product_tag?post=709571"}],"curies":[{"name":"wp","href":"https:\/\/api.w.org\/{rel}","templated":true}]}}