{"id":709569,"date":"2025-08-27T16:26:32","date_gmt":"2025-08-27T13:26:32","guid":{"rendered":"https:\/\/roveyayinevi.com.tr\/index.php\/urun\/sakincali-piyade\/"},"modified":"2026-04-16T02:18:08","modified_gmt":"2026-04-15T23:18:08","slug":"sakincali-piyade","status":"publish","type":"product","link":"https:\/\/roveyayinevi.com.tr\/index.php\/urun\/sakincali-piyade\/","title":{"rendered":"Sak\u0131ncal\u0131 Piyade"},"content":{"rendered":"<p>&#8220;Ellerin dert g\u00f6rmesin U\u011fur Mumcu! Sak\u0131ncal\u0131 Piyade\u2019yi yazd\u0131\u011f\u0131n i\u00e7in, eline sa\u011fl\u0131k, a\u011fz\u0131na sa\u011fl\u0131k, can\u0131na sa\u011fl\u0131k. Kendi yazd\u0131klar\u0131ma g\u00fclemem. Ama senin yazd\u0131klar\u0131n\u0131 g\u00fclerek okudum. \u2018Ac\u0131 ac\u0131 g\u00fclmek\u2019 deyimi vard\u0131r ya, i\u015fte \u00f6yle ac\u0131 ac\u0131 g\u00fcld\u00fcm.Bir yaz\u0131nda anlatt\u0131\u011f\u0131n olay\u0131n sonunda t\u0131pk\u0131 halk\u0131m\u0131z\u0131n a\u011fz\u0131yla &#8220;G\u00fcler misin, a\u011flar m\u0131s\u0131n&#8221; diyorsun. Yaz\u0131lar\u0131n\u0131 okurken, i\u00e7imde, g\u00fclmekle a\u011flamak aras\u0131 bir burukluk duydum&#8230;Bizi ac\u0131l\u0131 ac\u0131l\u0131 g\u00fcld\u00fcrd\u00fcn, d\u00fc\u015f\u00fcnd\u00fcrd\u00fcn. Sa\u011f ol. U\u011fur Mumcu!Aziz Nesin <\/p>\n","protected":false},"excerpt":{"rendered":"<p>&#8220;Ellerin dert g\u00f6rmesin U\u011fur Mumcu! Sak\u0131ncal\u0131 Piyade\u2019yi yazd\u0131\u011f\u0131n i\u00e7in, eline sa\u011fl\u0131k, a\u011fz\u0131na sa\u011fl\u0131k, can\u0131na sa\u011fl\u0131k. Kendi yazd\u0131klar\u0131ma g\u00fclemem. Ama senin yazd\u0131klar\u0131n\u0131 g\u00fclerek okudum. \u2018Ac\u0131 ac\u0131 g\u00fclmek\u2019<span class=\"excerpt-hellip\"> [\u2026]<\/span><\/p>\n","protected":false},"featured_media":0,"template":"","meta":{"_monsterinsights_skip_tracking":false,"_monsterinsights_sitenote_active":false,"_monsterinsights_sitenote_note":"","_monsterinsights_sitenote_category":0},"product_brand":[],"product_cat":[12312,12304],"product_tag":[],"class_list":{"0":"post-709569","1":"product","2":"type-product","3":"status-publish","5":"product_cat-diger","6":"product_cat-tarih","7":"pa_cilt-ciltsiz","8":"pa_tur-kitap","9":"pa_yayinevi-umag-yayinevi","10":"pa_yazar-ugur-mumcu","12":"first","13":"instock","14":"sale","15":"shipping-taxable","16":"purchasable","17":"product-type-simple"},"_links":{"self":[{"href":"https:\/\/roveyayinevi.com.tr\/index.php\/wp-json\/wp\/v2\/product\/709569","targetHints":{"allow":["GET"]}}],"collection":[{"href":"https:\/\/roveyayinevi.com.tr\/index.php\/wp-json\/wp\/v2\/product"}],"about":[{"href":"https:\/\/roveyayinevi.com.tr\/index.php\/wp-json\/wp\/v2\/types\/product"}],"wp:attachment":[{"href":"https:\/\/roveyayinevi.com.tr\/index.php\/wp-json\/wp\/v2\/media?parent=709569"}],"wp:term":[{"taxonomy":"product_brand","embeddable":true,"href":"https:\/\/roveyayinevi.com.tr\/index.php\/wp-json\/wp\/v2\/product_brand?post=709569"},{"taxonomy":"product_cat","embeddable":true,"href":"https:\/\/roveyayinevi.com.tr\/index.php\/wp-json\/wp\/v2\/product_cat?post=709569"},{"taxonomy":"product_tag","embeddable":true,"href":"https:\/\/roveyayinevi.com.tr\/index.php\/wp-json\/wp\/v2\/product_tag?post=709569"}],"curies":[{"name":"wp","href":"https:\/\/api.w.org\/{rel}","templated":true}]}}