{"id":709568,"date":"2025-08-27T16:26:31","date_gmt":"2025-08-27T13:26:31","guid":{"rendered":"https:\/\/roveyayinevi.com.tr\/index.php\/urun\/12-eylul-adaleti\/"},"modified":"2026-04-16T02:18:08","modified_gmt":"2026-04-15T23:18:08","slug":"12-eylul-adaleti","status":"publish","type":"product","link":"https:\/\/roveyayinevi.com.tr\/index.php\/urun\/12-eylul-adaleti\/","title":{"rendered":"12 Eyl\u00fcl Adaleti"},"content":{"rendered":"<p>12 Eyl\u00fcl, bir metamorfozun ad\u0131d\u0131r. E\u011fitimden hukuka, her \u015feyin t\u00fcm\u00fcyle de\u011fi\u015fti\u011fi bu d\u00f6nemden sonra art\u0131k hangi ta\u015f\u0131 kald\u0131r\u0131rsan\u0131z alt\u0131nda 12 Eyl\u00fcl var. Bug\u00fcn ya\u015fad\u0131klar\u0131m\u0131z, \u00f6ncesiz sonras\u0131z hep var olan \u015feyler de\u011fil.12 Eyl\u00fcl ile birlikte topluma zorl giydirilen bir deli g\u00f6mle\u011fi. Bu yap\u0131m\u0131n oturabilmesi i\u00e7in hukukta anlms\u0131zca kullan\u0131ld\u0131. Ancak, hukukta \u00f6nce adalet kavram\u0131 var. Adalet, bir ideal durumun, \u00f6zlemin ad\u0131. Hukuksa, adaleteula\u015fman\u0131n yolllar\u0131ndan sadece biri. Hukuku kullanarak, adaletsizlik de yaratabilirsiniz. Parlementodan \u00e7\u0131kan metin hukuktur ama mutlaka adalet de\u011fildir. \u0130\u015fte 1982 Anayasas\u0131, i\u015fte 141-142 ve benzerleri&#8230;Bu kitab\u0131n ad\u0131, bu nedenle 12 Eyl\u00fcl Adaleti. \u00c7\u00fcnk\u00fc okuyunca, hukuk diye de\u011fil, adalet diye s\u0131zlayacak vicdan\u0131n\u0131z.<\/p>\n","protected":false},"excerpt":{"rendered":"<p>12 Eyl\u00fcl, bir metamorfozun ad\u0131d\u0131r. E\u011fitimden hukuka, her \u015feyin t\u00fcm\u00fcyle de\u011fi\u015fti\u011fi bu d\u00f6nemden sonra art\u0131k hangi ta\u015f\u0131 kald\u0131r\u0131rsan\u0131z alt\u0131nda 12 Eyl\u00fcl var. Bug\u00fcn ya\u015fad\u0131klar\u0131m\u0131z, \u00f6ncesiz sonras\u0131z<span class=\"excerpt-hellip\"> [\u2026]<\/span><\/p>\n","protected":false},"featured_media":0,"template":"","meta":{"_monsterinsights_skip_tracking":false,"_monsterinsights_sitenote_active":false,"_monsterinsights_sitenote_note":"","_monsterinsights_sitenote_category":0},"product_brand":[],"product_cat":[13059,12337],"product_tag":[],"class_list":{"0":"post-709568","1":"product","2":"type-product","3":"status-publish","5":"product_cat-diger-politika-siyaset","6":"product_cat-politika-siyaset","7":"pa_cilt-ciltsiz","8":"pa_tur-kitap","9":"pa_yayinevi-umag-yayinevi","10":"pa_yazar-ugur-mumcu","12":"first","13":"instock","14":"sale","15":"shipping-taxable","16":"purchasable","17":"product-type-simple"},"_links":{"self":[{"href":"https:\/\/roveyayinevi.com.tr\/index.php\/wp-json\/wp\/v2\/product\/709568","targetHints":{"allow":["GET"]}}],"collection":[{"href":"https:\/\/roveyayinevi.com.tr\/index.php\/wp-json\/wp\/v2\/product"}],"about":[{"href":"https:\/\/roveyayinevi.com.tr\/index.php\/wp-json\/wp\/v2\/types\/product"}],"wp:attachment":[{"href":"https:\/\/roveyayinevi.com.tr\/index.php\/wp-json\/wp\/v2\/media?parent=709568"}],"wp:term":[{"taxonomy":"product_brand","embeddable":true,"href":"https:\/\/roveyayinevi.com.tr\/index.php\/wp-json\/wp\/v2\/product_brand?post=709568"},{"taxonomy":"product_cat","embeddable":true,"href":"https:\/\/roveyayinevi.com.tr\/index.php\/wp-json\/wp\/v2\/product_cat?post=709568"},{"taxonomy":"product_tag","embeddable":true,"href":"https:\/\/roveyayinevi.com.tr\/index.php\/wp-json\/wp\/v2\/product_tag?post=709568"}],"curies":[{"name":"wp","href":"https:\/\/api.w.org\/{rel}","templated":true}]}}