{"id":709566,"date":"2025-08-27T16:26:30","date_gmt":"2025-08-27T13:26:30","guid":{"rendered":"https:\/\/roveyayinevi.com.tr\/index.php\/urun\/ucan-siirler\/"},"modified":"2026-04-16T02:18:08","modified_gmt":"2026-04-15T23:18:08","slug":"ucan-siirler","status":"publish","type":"product","link":"https:\/\/roveyayinevi.com.tr\/index.php\/urun\/ucan-siirler\/","title":{"rendered":"U\u00e7an \u015eiirler"},"content":{"rendered":"<p>Duyduk duymad\u0131k demeyin, bu kitapta \u015fiirler u\u00e7uyor, bal\u0131klar \u015fiir yaz\u0131yor, kediler \u015fiir okuyor, \u00f6\u011fretmenler dans ediyor, anneler yaramazl\u0131k yap\u0131yor g\u00f6kten elmalar ya\u011f\u0131yor.Mavisel Yener ile Ayt\u00fcl Akal&#8217;\u0131n dizeleriyle bulutlara \u00e7\u0131kal\u0131m, y\u0131ld\u0131zlara dokunal\u0131m, \u015fiirin sihirli g\u00fcc\u00fcne bir kez daha tan\u0131k olal\u0131m. <\/p>\n","protected":false},"excerpt":{"rendered":"<p>Duyduk duymad\u0131k demeyin, bu kitapta \u015fiirler u\u00e7uyor, bal\u0131klar \u015fiir yaz\u0131yor, kediler \u015fiir okuyor, \u00f6\u011fretmenler dans ediyor, anneler yaramazl\u0131k yap\u0131yor g\u00f6kten elmalar ya\u011f\u0131yor.Mavisel Yener ile Ayt\u00fcl Akal&#8217;\u0131n<span class=\"excerpt-hellip\"> [\u2026]<\/span><\/p>\n","protected":false},"featured_media":0,"template":"","meta":{"_monsterinsights_skip_tracking":false,"_monsterinsights_sitenote_active":false,"_monsterinsights_sitenote_note":"","_monsterinsights_sitenote_category":0},"product_brand":[],"product_cat":[12312,12304],"product_tag":[],"class_list":{"0":"post-709566","1":"product","2":"type-product","3":"status-publish","5":"product_cat-diger","6":"product_cat-tarih","7":"pa_cilt-ciltsiz","8":"pa_tur-kitap","9":"pa_yayinevi-bilgi-yayinevi-cocuk","10":"pa_yazar-mavisel-yener","12":"first","13":"instock","14":"sale","15":"shipping-taxable","16":"purchasable","17":"product-type-simple"},"_links":{"self":[{"href":"https:\/\/roveyayinevi.com.tr\/index.php\/wp-json\/wp\/v2\/product\/709566","targetHints":{"allow":["GET"]}}],"collection":[{"href":"https:\/\/roveyayinevi.com.tr\/index.php\/wp-json\/wp\/v2\/product"}],"about":[{"href":"https:\/\/roveyayinevi.com.tr\/index.php\/wp-json\/wp\/v2\/types\/product"}],"wp:attachment":[{"href":"https:\/\/roveyayinevi.com.tr\/index.php\/wp-json\/wp\/v2\/media?parent=709566"}],"wp:term":[{"taxonomy":"product_brand","embeddable":true,"href":"https:\/\/roveyayinevi.com.tr\/index.php\/wp-json\/wp\/v2\/product_brand?post=709566"},{"taxonomy":"product_cat","embeddable":true,"href":"https:\/\/roveyayinevi.com.tr\/index.php\/wp-json\/wp\/v2\/product_cat?post=709566"},{"taxonomy":"product_tag","embeddable":true,"href":"https:\/\/roveyayinevi.com.tr\/index.php\/wp-json\/wp\/v2\/product_tag?post=709566"}],"curies":[{"name":"wp","href":"https:\/\/api.w.org\/{rel}","templated":true}]}}