{"id":709564,"date":"2025-08-27T16:26:29","date_gmt":"2025-08-27T13:26:29","guid":{"rendered":"https:\/\/roveyayinevi.com.tr\/index.php\/urun\/esir-sarkilar-vadisi\/"},"modified":"2026-04-16T02:18:08","modified_gmt":"2026-04-15T23:18:08","slug":"esir-sarkilar-vadisi","status":"publish","type":"product","link":"https:\/\/roveyayinevi.com.tr\/index.php\/urun\/esir-sarkilar-vadisi\/","title":{"rendered":"Esir \u015eark\u0131lar Vadisi"},"content":{"rendered":"<p>Kalbin sol anahtar\u0131 suskun melodilerde gizlidir\u2026Hayallerine tutkuyla ba\u011flanan iki kad\u0131n\u2026 Biri, k\u00fc\u00e7\u00fck bir Alman kasabas\u0131nda ya\u015fayan Ellie Frankel. Tek hayali, operada sahne al\u0131p o g\u00fczel sesini herkese duyurmak\u2026 Ancak bu hayalin, h\u0131rsa d\u00f6n\u00fc\u015f\u00fcp onu d\u00fczenbazl\u0131k, a\u00e7g\u00f6zl\u00fcl\u00fck ve pi\u015fmanl\u0131klarla dolu bir yola s\u00fcr\u00fckleyece\u011finin fark\u0131nda de\u011fildir. Di\u011feri, Londra\u2019n\u0131n kasvetli havas\u0131n\u0131 \u015fark\u0131lar\u0131yla de\u011fi\u015ftiren Penny Bright\u2026 Ancak s\u00f6yledi\u011fi duygu y\u00fckl\u00fc \u015fark\u0131lar \u00f6nceki hayat\u0131n\u0131 de\u011fi\u015ftirmeye yetmiyordur. Dahas\u0131 u\u011frad\u0131\u011f\u0131 bir sald\u0131r\u0131 sonras\u0131 kendini korkunun ve sakinle\u015ftiricilerin pen\u00e7esinde bulacakt\u0131r.Tam yirmi y\u0131l\u2026 Biri \u00e7ald\u0131\u011f\u0131 bir hayat\u0131 ya\u015fayacak ve hayat\u0131n\u0131n a\u015fk\u0131n\u0131 sonsuza kadar kaybedecektir. Bir di\u011feri ge\u00e7mi\u015finden kurtulmaya \u00e7al\u0131\u015fsa da karanl\u0131k an\u0131lar\u0131 onu rahata eri\u015ftirmeyecektir. Ve her iki hayat da tek bir ki\u015finin h\u0131rs\u0131na yenik d\u00fc\u015fecektir.\u00d6yle bir s\u0131r d\u00fc\u015f\u00fcn\u00fcn ki Londra\u2019dan Avrupa operalar\u0131na uzans\u0131n, sizi Yunan Adalar\u0131\u2019ndan Avustralya\u2019n\u0131n \u00e7orak topraklar\u0131na g\u00f6t\u00fcrs\u00fcn. Ve \u00f6yle bir \u015fark\u0131 hayal edin ki son notalar\u0131, pi\u015fmanl\u0131klar\u0131n\u0131z sizi k\u00f6\u015feye s\u0131k\u0131\u015ft\u0131rd\u0131\u011f\u0131nda kalbinize umudu vadetsin\u2026Kimberley Freeman\u2019\u0131n muhte\u015fem kaleminden d\u00f6k\u00fclen Esir \u015eark\u0131lar Vadisi ile sahip oldu\u011fumuz hayat\u0131 sorgulayacak, g\u00f6z ard\u0131 etti\u011fimiz ger\u00e7ek benli\u011fimizi ke\u015ffetmenin \u00f6nemini, y\u00fcre\u011fe dokunan melodilerle anlayacaks\u0131n\u0131z\u2026 <\/p>\n","protected":false},"excerpt":{"rendered":"<p>Kalbin sol anahtar\u0131 suskun melodilerde gizlidir\u2026Hayallerine tutkuyla ba\u011flanan iki kad\u0131n\u2026 Biri, k\u00fc\u00e7\u00fck bir Alman kasabas\u0131nda ya\u015fayan Ellie Frankel. Tek hayali, operada sahne al\u0131p o g\u00fczel sesini<span class=\"excerpt-hellip\"> [\u2026]<\/span><\/p>\n","protected":false},"featured_media":0,"template":"","meta":{"_monsterinsights_skip_tracking":false,"_monsterinsights_sitenote_active":false,"_monsterinsights_sitenote_note":"","_monsterinsights_sitenote_category":0},"product_brand":[],"product_cat":[12291,12711],"product_tag":[],"class_list":{"0":"post-709564","1":"product","2":"type-product","3":"status-publish","5":"product_cat-edebiyat","6":"product_cat-roman-oyku","7":"pa_cilt-ciltsiz","8":"pa_tur-kitap","9":"pa_yayinevi-arkadya-yayinlari","10":"pa_yazar-kimberley-freeman","12":"first","13":"instock","14":"sale","15":"shipping-taxable","16":"purchasable","17":"product-type-simple"},"_links":{"self":[{"href":"https:\/\/roveyayinevi.com.tr\/index.php\/wp-json\/wp\/v2\/product\/709564","targetHints":{"allow":["GET"]}}],"collection":[{"href":"https:\/\/roveyayinevi.com.tr\/index.php\/wp-json\/wp\/v2\/product"}],"about":[{"href":"https:\/\/roveyayinevi.com.tr\/index.php\/wp-json\/wp\/v2\/types\/product"}],"wp:attachment":[{"href":"https:\/\/roveyayinevi.com.tr\/index.php\/wp-json\/wp\/v2\/media?parent=709564"}],"wp:term":[{"taxonomy":"product_brand","embeddable":true,"href":"https:\/\/roveyayinevi.com.tr\/index.php\/wp-json\/wp\/v2\/product_brand?post=709564"},{"taxonomy":"product_cat","embeddable":true,"href":"https:\/\/roveyayinevi.com.tr\/index.php\/wp-json\/wp\/v2\/product_cat?post=709564"},{"taxonomy":"product_tag","embeddable":true,"href":"https:\/\/roveyayinevi.com.tr\/index.php\/wp-json\/wp\/v2\/product_tag?post=709564"}],"curies":[{"name":"wp","href":"https:\/\/api.w.org\/{rel}","templated":true}]}}