{"id":709563,"date":"2025-08-27T16:26:29","date_gmt":"2025-08-27T13:26:29","guid":{"rendered":"https:\/\/roveyayinevi.com.tr\/index.php\/urun\/yuz-elbisenin-sirri\/"},"modified":"2026-04-16T02:18:08","modified_gmt":"2026-04-15T23:18:08","slug":"yuz-elbisenin-sirri","status":"publish","type":"product","link":"https:\/\/roveyayinevi.com.tr\/index.php\/urun\/yuz-elbisenin-sirri\/","title":{"rendered":"Y\u00fcz Elbisenin S\u0131rr\u0131"},"content":{"rendered":"<p>Wanda her g\u00fcn okula gelirken ayn\u0131 eski ve rengi solmu\u015f elbiseyi ^^ giyiyor ama evde &#8220;hepsi s\u0131ra s\u0131ra dizili&#8221; y\u00fcz elbisesi oldu\u011funu s\u00f6yl\u00fcyordu. \u00d6teki k\u0131zlar ona inanm\u0131yordu ve Peggy bu olay\u0131 Wanda&#8217;yla alay ettikleri g\u00fcnl\u00fck bir oyuna d\u00f6n\u00fc\u015ft\u00fcrd\u00fc\u011f\u00fcnde hepsi ona kat\u0131ld\u0131. Peggy&#8217;nin en iyi arkada\u015f\u0131 Maddy i\u00e7ten i\u00e7e bu durumdan rahats\u0131z olsa da sesini y\u00fckseltecek cesareti bulam\u0131yordu.  Wanda&#8217;n\u0131n okula gelmedi\u011fi bir g\u00fcn s\u0131n\u0131f arkada\u015flar\u0131 y\u00fcz elbiseyle ilgili ger\u00e7e\u011fi \u00f6\u011frendiler. Iyilik ve c\u00f6mertli\u011fin anlam\u0131na dair ald\u0131klar\u0131 bu dersi hayadan boyunca unutamad\u0131lar.  Eleanor Estes bu kitab\u0131 \u00e7ocuklu\u011funda ba\u015f\u0131ndan ge\u00e7en bir olaya dayanarak, hi\u00e7 \u00f6z\u00fcr dileme f\u0131rsat\u0131 bulamad\u0131\u011f\u0131 bir arkada\u015f\u0131na vicdan borcu olarak yazm\u0131\u015f. Yetmi\u015f y\u0131l\u0131 a\u015fk\u0131n s\u00fcredir her ya\u015ftan okur taraf\u0131ndan severek okunmas\u0131n\u0131n ve \u00e7ocuk klasikleri aras\u0131nda yerini almas\u0131n\u0131n bir sebebi, \u015fefkat ve anlay\u0131\u015fa dair verdi\u011fi bu unutulmaz ve i\u00e7ten mesaj olmal\u0131. Caldecott Madalyal\u0131 \u00e7izer Louis Slobodkin&#8217;in resimleri ve yazar\u0131n k\u0131z\u0131 Helena Estes&#8217;in okurlara mektubuyla&#8230; <\/p>\n","protected":false},"excerpt":{"rendered":"<p>Wanda her g\u00fcn okula gelirken ayn\u0131 eski ve rengi solmu\u015f elbiseyi ^^ giyiyor ama evde &#8220;hepsi s\u0131ra s\u0131ra dizili&#8221; y\u00fcz elbisesi oldu\u011funu s\u00f6yl\u00fcyordu. \u00d6teki k\u0131zlar ona<span class=\"excerpt-hellip\"> [\u2026]<\/span><\/p>\n","protected":false},"featured_media":0,"template":"","meta":{"_monsterinsights_skip_tracking":false,"_monsterinsights_sitenote_active":false,"_monsterinsights_sitenote_note":"","_monsterinsights_sitenote_category":0},"product_brand":[],"product_cat":[12275,12274],"product_tag":[],"class_list":{"0":"post-709563","1":"product","2":"type-product","3":"status-publish","5":"product_cat-6-12-yas-kitaplari","6":"product_cat-cocuk-ve-genclik-kitaplari","7":"pa_cilt-ciltsiz","8":"pa_tur-kitap","9":"pa_yayinevi-beyaz-balina-yayinlari","10":"pa_yazar-eleanor-estes","12":"first","13":"instock","14":"sale","15":"shipping-taxable","16":"purchasable","17":"product-type-simple"},"_links":{"self":[{"href":"https:\/\/roveyayinevi.com.tr\/index.php\/wp-json\/wp\/v2\/product\/709563","targetHints":{"allow":["GET"]}}],"collection":[{"href":"https:\/\/roveyayinevi.com.tr\/index.php\/wp-json\/wp\/v2\/product"}],"about":[{"href":"https:\/\/roveyayinevi.com.tr\/index.php\/wp-json\/wp\/v2\/types\/product"}],"wp:attachment":[{"href":"https:\/\/roveyayinevi.com.tr\/index.php\/wp-json\/wp\/v2\/media?parent=709563"}],"wp:term":[{"taxonomy":"product_brand","embeddable":true,"href":"https:\/\/roveyayinevi.com.tr\/index.php\/wp-json\/wp\/v2\/product_brand?post=709563"},{"taxonomy":"product_cat","embeddable":true,"href":"https:\/\/roveyayinevi.com.tr\/index.php\/wp-json\/wp\/v2\/product_cat?post=709563"},{"taxonomy":"product_tag","embeddable":true,"href":"https:\/\/roveyayinevi.com.tr\/index.php\/wp-json\/wp\/v2\/product_tag?post=709563"}],"curies":[{"name":"wp","href":"https:\/\/api.w.org\/{rel}","templated":true}]}}