{"id":709562,"date":"2025-08-27T16:26:29","date_gmt":"2025-08-27T13:26:29","guid":{"rendered":"https:\/\/roveyayinevi.com.tr\/index.php\/urun\/bas-dondurenler\/"},"modified":"2026-04-16T02:18:08","modified_gmt":"2026-04-15T23:18:08","slug":"bas-dondurenler","status":"publish","type":"product","link":"https:\/\/roveyayinevi.com.tr\/index.php\/urun\/bas-dondurenler\/","title":{"rendered":"Ba\u015f D\u00f6nd\u00fcrenler"},"content":{"rendered":"<p>Karanl\u0131k, \u00fcmitsiz ve \u00e7aresizlik dolu  g\u00fcnlerdi. Senelerce s\u00fcr\u00fcp giden sava\u015flardan geri d\u00f6nebilenler, parmakla say\u0131lacak kadar azd\u0131. Arkas\u0131ndan daha beteri geldi! \u0130ngilizin \u0130stanbul&#8217;u i\u015fgali yetmezmi\u015f gibi, bir de Yunanl\u0131lar \u0130zmir&#8217;e \u00e7\u0131k\u0131p Ankara&#8217;n\u0131n \u00fczerine y\u00fcr\u00fcmez mi! Zaten yoksulluktan k\u0131r\u0131lm\u0131\u015f olan halk, b\u00fcsb\u00fct\u00fcn \u015fa\u015fk\u0131na d\u00f6nd\u00fc ve kendisini daha da zavall\u0131 hissetmeye ba\u015flad\u0131. Tam bu s\u0131ralarda \u00e7ar\u015f\u0131da pazarda bir s\u00f6z dola\u015f\u0131yordu; deniyordu ki:  &#8220;Anadolu&#8217;da sar\u0131 bir pa\u015fa, padi\u015faha asi olmu\u015f, d\u00fc\u015fmanlar\u0131 memleketten kovmak i\u00e7in m\u00fccadele ba\u015flatm\u0131\u015f.&#8221;  Halk buna sevinemedi, insanlar\u0131n bir k\u0131sm\u0131 da, &#8220;Ohoo. Osmanl\u0131 ne pa\u015falar g\u00f6rd\u00fc. Uzun s\u00fcrmez, onu da tepeler,&#8221; dedi. Aradan fazla vakit ge\u00e7meden, konu\u015fulanlar\u0131n rotas\u0131 de\u011fi\u015fmi\u015fti. Bu defa, &#8220;O pa\u015fa herhangi bir pa\u015fa de\u011fil, \u00c7anakkale Cephesi&#8217;ndeki Mustafa Kemal&#8217;mi\u015f.&#8221; denilince; insanlar &#8220;Mustafa Kemal&#8217;se, o yapar,&#8221; dediler. <\/p>\n","protected":false},"excerpt":{"rendered":"<p>Karanl\u0131k, \u00fcmitsiz ve \u00e7aresizlik dolu g\u00fcnlerdi. Senelerce s\u00fcr\u00fcp giden sava\u015flardan geri d\u00f6nebilenler, parmakla say\u0131lacak kadar azd\u0131. Arkas\u0131ndan daha beteri geldi! \u0130ngilizin \u0130stanbul&#8217;u i\u015fgali yetmezmi\u015f gibi, bir<span class=\"excerpt-hellip\"> [\u2026]<\/span><\/p>\n","protected":false},"featured_media":0,"template":"","meta":{"_monsterinsights_skip_tracking":false,"_monsterinsights_sitenote_active":false,"_monsterinsights_sitenote_note":"","_monsterinsights_sitenote_category":0},"product_brand":[],"product_cat":[13590,12337],"product_tag":[],"class_list":{"0":"post-709562","1":"product","2":"type-product","3":"status-publish","5":"product_cat-arastirma-inceleme-politika-siyaset","6":"product_cat-politika-siyaset","7":"pa_cilt-ciltsiz","8":"pa_tur-kitap","9":"pa_yayinevi-inkilap-kitabevi","10":"pa_yazar-osman-pamukoglu","12":"first","13":"instock","14":"sale","15":"shipping-taxable","16":"purchasable","17":"product-type-simple"},"_links":{"self":[{"href":"https:\/\/roveyayinevi.com.tr\/index.php\/wp-json\/wp\/v2\/product\/709562","targetHints":{"allow":["GET"]}}],"collection":[{"href":"https:\/\/roveyayinevi.com.tr\/index.php\/wp-json\/wp\/v2\/product"}],"about":[{"href":"https:\/\/roveyayinevi.com.tr\/index.php\/wp-json\/wp\/v2\/types\/product"}],"wp:attachment":[{"href":"https:\/\/roveyayinevi.com.tr\/index.php\/wp-json\/wp\/v2\/media?parent=709562"}],"wp:term":[{"taxonomy":"product_brand","embeddable":true,"href":"https:\/\/roveyayinevi.com.tr\/index.php\/wp-json\/wp\/v2\/product_brand?post=709562"},{"taxonomy":"product_cat","embeddable":true,"href":"https:\/\/roveyayinevi.com.tr\/index.php\/wp-json\/wp\/v2\/product_cat?post=709562"},{"taxonomy":"product_tag","embeddable":true,"href":"https:\/\/roveyayinevi.com.tr\/index.php\/wp-json\/wp\/v2\/product_tag?post=709562"}],"curies":[{"name":"wp","href":"https:\/\/api.w.org\/{rel}","templated":true}]}}