{"id":709560,"date":"2025-08-27T16:26:27","date_gmt":"2025-08-27T13:26:27","guid":{"rendered":"https:\/\/roveyayinevi.com.tr\/index.php\/urun\/mayanin-agaci\/"},"modified":"2026-04-16T02:18:08","modified_gmt":"2026-04-15T23:18:08","slug":"mayanin-agaci","status":"publish","type":"product","link":"https:\/\/roveyayinevi.com.tr\/index.php\/urun\/mayanin-agaci\/","title":{"rendered":"Maya&#8217;n\u0131n A\u011fac\u0131"},"content":{"rendered":"<p>Ya\u015fam\u0131n g\u00fcvencesi bazen bir\u00e7ocu\u011fun kalbi olabilir.\u00c7ocuk edebiyat\u0131m\u0131z\u0131n gen\u00e7 yazarlar\u0131ndan G\u00f6k\u00e7e Ate\u015f Aytu\u011f, son roman\u0131yla G\u00fcn\u0131\u015f\u0131\u011f\u0131 Kitapl\u0131\u011f\u0131&#8217;nda! S\u0131cac\u0131k bir mahalle hik\u00e2yesi anlatan yazar, &#8220;yuva&#8221; kavram\u0131n\u0131 tart\u0131\u015fmaya a\u00e7\u0131yor; \u00e7ocuklar\u0131n, a\u011fa\u00e7lar\u0131n, kedilerin ve kargalar\u0131n yan\u0131nda durup, ya\u015fam\u0131 savunuyor. Dayan\u0131\u015fmayla pek \u00e7ok haks\u0131zl\u0131\u011f\u0131n giderilebilece\u011fini an\u0131msatan kitap, bir arada ya\u015fam\u0131n sayg\u0131 ve sevgiyle var olabilece\u011fini f\u0131s\u0131ld\u0131yor. Gen\u00e7 ill\u00fcstrat\u00f6r G\u00f6k\u00e7e \u0130rten&#8217;in ilgi \u00e7ekici desenleriyle zenginle\u015fen kitap, etkileyici karakterleri, mek\u00e2nlar\u0131, ak\u0131c\u0131 ve e\u011flenceli anlat\u0131m\u0131yla okumay\u0131 keyfe d\u00f6n\u00fc\u015ft\u00fcr\u00fcyor. Soka\u011f\u0131n ortas\u0131nda onca betona inat, g\u00f6\u011fe y\u00fckselen as\u0131rl\u0131k f\u0131st\u0131k\u00e7am\u0131n\u0131 birileri, &#8220;etraf\u0131 kirletiyor&#8221; diye \u015fik\u00e2yet etmi\u015ftir. Belediye ekipleri g\u00fczelim a\u011fac\u0131 kesmeye haz\u0131rlan\u0131nca, Maya \u00e7ok \u00fcz\u00fcl\u00fcr. Dedesi ve Terzi Arman, kald\u0131r\u0131ma oturarak a\u011fac\u0131 korumaya \u00e7al\u0131\u015f\u0131rlar. Ama belediye ekipleri vazge\u00e7ecek gibi de\u011fildir. Maya bir plan yapar. \u00dcstelik, yaln\u0131z de\u011fildir. Kargalar, kedi Muhtar ve mahalleli, f\u0131st\u0131k\u00e7am\u0131n\u0131 kurtarabilecek midir?.. <\/p>\n","protected":false},"excerpt":{"rendered":"<p>Ya\u015fam\u0131n g\u00fcvencesi bazen bir\u00e7ocu\u011fun kalbi olabilir.\u00c7ocuk edebiyat\u0131m\u0131z\u0131n gen\u00e7 yazarlar\u0131ndan G\u00f6k\u00e7e Ate\u015f Aytu\u011f, son roman\u0131yla G\u00fcn\u0131\u015f\u0131\u011f\u0131 Kitapl\u0131\u011f\u0131&#8217;nda! S\u0131cac\u0131k bir mahalle hik\u00e2yesi anlatan yazar, &#8220;yuva&#8221; kavram\u0131n\u0131 tart\u0131\u015fmaya a\u00e7\u0131yor;<span class=\"excerpt-hellip\"> [\u2026]<\/span><\/p>\n","protected":false},"featured_media":0,"template":"","meta":{"_monsterinsights_skip_tracking":false,"_monsterinsights_sitenote_active":false,"_monsterinsights_sitenote_note":"","_monsterinsights_sitenote_category":0},"product_brand":[],"product_cat":[12275,12274],"product_tag":[],"class_list":{"0":"post-709560","1":"product","2":"type-product","3":"status-publish","5":"product_cat-6-12-yas-kitaplari","6":"product_cat-cocuk-ve-genclik-kitaplari","7":"pa_cilt-ciltsiz","8":"pa_tur-kitap","9":"pa_yayinevi-gunisigi-kitapligi","10":"pa_yazar-gokce-ates-aytug","12":"first","13":"instock","14":"sale","15":"shipping-taxable","16":"purchasable","17":"product-type-simple"},"_links":{"self":[{"href":"https:\/\/roveyayinevi.com.tr\/index.php\/wp-json\/wp\/v2\/product\/709560","targetHints":{"allow":["GET"]}}],"collection":[{"href":"https:\/\/roveyayinevi.com.tr\/index.php\/wp-json\/wp\/v2\/product"}],"about":[{"href":"https:\/\/roveyayinevi.com.tr\/index.php\/wp-json\/wp\/v2\/types\/product"}],"wp:attachment":[{"href":"https:\/\/roveyayinevi.com.tr\/index.php\/wp-json\/wp\/v2\/media?parent=709560"}],"wp:term":[{"taxonomy":"product_brand","embeddable":true,"href":"https:\/\/roveyayinevi.com.tr\/index.php\/wp-json\/wp\/v2\/product_brand?post=709560"},{"taxonomy":"product_cat","embeddable":true,"href":"https:\/\/roveyayinevi.com.tr\/index.php\/wp-json\/wp\/v2\/product_cat?post=709560"},{"taxonomy":"product_tag","embeddable":true,"href":"https:\/\/roveyayinevi.com.tr\/index.php\/wp-json\/wp\/v2\/product_tag?post=709560"}],"curies":[{"name":"wp","href":"https:\/\/api.w.org\/{rel}","templated":true}]}}