{"id":709558,"date":"2025-08-27T16:26:26","date_gmt":"2025-08-27T13:26:26","guid":{"rendered":"https:\/\/roveyayinevi.com.tr\/index.php\/urun\/kirmizi-araba-miniklere-oykuler-buyuk-boy\/"},"modified":"2026-04-16T02:18:08","modified_gmt":"2026-04-15T23:18:08","slug":"kirmizi-araba-miniklere-oykuler-buyuk-boy","status":"publish","type":"product","link":"https:\/\/roveyayinevi.com.tr\/index.php\/urun\/kirmizi-araba-miniklere-oykuler-buyuk-boy\/","title":{"rendered":"K\u0131rm\u0131z\u0131 Araba &#8211; Miniklere \u00d6yk\u00fcler (B\u00fcy\u00fck Boy)"},"content":{"rendered":"<p>K\u0131rm\u0131z\u0131 Arabay\u0131 Minikler Severek Okuyacaklar! Nalan Akta\u015f S\u00f6nmez&#8217;in kaleme ald\u0131\u011f\u0131 K\u0131rm\u0131z\u0131 Araba isimli bu kitapta, azimli olman\u0131n \u00f6nemi anlat\u0131l\u0131yor. Resimleri ve tasar\u0131m\u0131yla da olduk\u00e7a be\u011fenilen bu kitab\u0131, \u00e7ocuklar\u0131m\u0131z severek okuyacaklar. \ufffcTan\u0131t\u0131m Metni<\/p>\n","protected":false},"excerpt":{"rendered":"<p>K\u0131rm\u0131z\u0131 Arabay\u0131 Minikler Severek Okuyacaklar! Nalan Akta\u015f S\u00f6nmez&#8217;in kaleme ald\u0131\u011f\u0131 K\u0131rm\u0131z\u0131 Araba isimli bu kitapta, azimli olman\u0131n \u00f6nemi anlat\u0131l\u0131yor. Resimleri ve tasar\u0131m\u0131yla da olduk\u00e7a be\u011fenilen bu<span class=\"excerpt-hellip\"> [\u2026]<\/span><\/p>\n","protected":false},"featured_media":0,"template":"","meta":{"_monsterinsights_skip_tracking":false,"_monsterinsights_sitenote_active":false,"_monsterinsights_sitenote_note":"","_monsterinsights_sitenote_category":0},"product_brand":[],"product_cat":[12913,12274],"product_tag":[],"class_list":{"0":"post-709558","1":"product","2":"type-product","3":"status-publish","5":"product_cat-3-6-yas-kitaplari","6":"product_cat-cocuk-ve-genclik-kitaplari","7":"pa_cilt-ciltsiz","8":"pa_tur-kitap","9":"pa_yayinevi-cilek-kitaplar","10":"pa_yazar-nalan-aktas-sonmez","12":"first","13":"instock","14":"sale","15":"shipping-taxable","16":"purchasable","17":"product-type-simple"},"_links":{"self":[{"href":"https:\/\/roveyayinevi.com.tr\/index.php\/wp-json\/wp\/v2\/product\/709558","targetHints":{"allow":["GET"]}}],"collection":[{"href":"https:\/\/roveyayinevi.com.tr\/index.php\/wp-json\/wp\/v2\/product"}],"about":[{"href":"https:\/\/roveyayinevi.com.tr\/index.php\/wp-json\/wp\/v2\/types\/product"}],"wp:attachment":[{"href":"https:\/\/roveyayinevi.com.tr\/index.php\/wp-json\/wp\/v2\/media?parent=709558"}],"wp:term":[{"taxonomy":"product_brand","embeddable":true,"href":"https:\/\/roveyayinevi.com.tr\/index.php\/wp-json\/wp\/v2\/product_brand?post=709558"},{"taxonomy":"product_cat","embeddable":true,"href":"https:\/\/roveyayinevi.com.tr\/index.php\/wp-json\/wp\/v2\/product_cat?post=709558"},{"taxonomy":"product_tag","embeddable":true,"href":"https:\/\/roveyayinevi.com.tr\/index.php\/wp-json\/wp\/v2\/product_tag?post=709558"}],"curies":[{"name":"wp","href":"https:\/\/api.w.org\/{rel}","templated":true}]}}