{"id":709551,"date":"2025-08-27T16:26:23","date_gmt":"2025-08-27T13:26:23","guid":{"rendered":"https:\/\/roveyayinevi.com.tr\/index.php\/urun\/akil-ve-zeka-oyunlari-1-yaris-basliyor\/"},"modified":"2026-04-16T02:18:08","modified_gmt":"2026-04-15T23:18:08","slug":"akil-ve-zeka-oyunlari-1-yaris-basliyor","status":"publish","type":"product","link":"https:\/\/roveyayinevi.com.tr\/index.php\/urun\/akil-ve-zeka-oyunlari-1-yaris-basliyor\/","title":{"rendered":"Ak\u0131l ve Zeka Oyunlar\u0131 1 &#8211; Yar\u0131\u015f Ba\u015fl\u0131yor"},"content":{"rendered":"<p>S\u00fcper Beyinler inand\u0131lar ve hocalar\u0131n\u0131n rehberli\u011finde ba\u015fard\u0131lar. Sen de kitaptaki kahramanlar\u0131 \u00e7ok sevecek, ak\u0131l ve zek\u00e2 sorular\u0131n\u0131 arkada\u015flar\u0131n ve ailenle payla\u015fmak i\u00e7in sab\u0131rs\u0131zlanacaks\u0131n. Bu hik\u00e2yenin bitti\u011fi yerde senin hik\u00e2yen ba\u015flayacak. \u0130nan\u0131rsan ve asla vazge\u00e7mezsen kitaptaki sorular ve hocalar\u0131n rehberli\u011fi sana da yol g\u00f6sterecek&#8230; Kitab\u0131n kahramanlar\u0131n\u0131 iyi tan\u0131; ama as\u0131l \u00f6nemlisi i\u00e7indeki kahraman\u0131 ke\u015ffet ve ortaya \u00e7\u0131ka \ufffcTan\u0131t\u0131m Metni<\/p>\n","protected":false},"excerpt":{"rendered":"<p>S\u00fcper Beyinler inand\u0131lar ve hocalar\u0131n\u0131n rehberli\u011finde ba\u015fard\u0131lar. Sen de kitaptaki kahramanlar\u0131 \u00e7ok sevecek, ak\u0131l ve zek\u00e2 sorular\u0131n\u0131 arkada\u015flar\u0131n ve ailenle payla\u015fmak i\u00e7in sab\u0131rs\u0131zlanacaks\u0131n. Bu hik\u00e2yenin bitti\u011fi<span class=\"excerpt-hellip\"> [\u2026]<\/span><\/p>\n","protected":false},"featured_media":0,"template":"","meta":{"_monsterinsights_skip_tracking":false,"_monsterinsights_sitenote_active":false,"_monsterinsights_sitenote_note":"","_monsterinsights_sitenote_category":0},"product_brand":[],"product_cat":[12274,12284],"product_tag":[],"class_list":{"0":"post-709551","1":"product","2":"type-product","3":"status-publish","5":"product_cat-cocuk-ve-genclik-kitaplari","6":"product_cat-hikayeler","7":"pa_cilt-ciltsiz","8":"pa_tur-kitap","9":"pa_yayinevi-genc-hayat","10":"pa_yazar-oguz-saygin","12":"first","13":"instock","14":"sale","15":"shipping-taxable","16":"purchasable","17":"product-type-simple"},"_links":{"self":[{"href":"https:\/\/roveyayinevi.com.tr\/index.php\/wp-json\/wp\/v2\/product\/709551","targetHints":{"allow":["GET"]}}],"collection":[{"href":"https:\/\/roveyayinevi.com.tr\/index.php\/wp-json\/wp\/v2\/product"}],"about":[{"href":"https:\/\/roveyayinevi.com.tr\/index.php\/wp-json\/wp\/v2\/types\/product"}],"wp:attachment":[{"href":"https:\/\/roveyayinevi.com.tr\/index.php\/wp-json\/wp\/v2\/media?parent=709551"}],"wp:term":[{"taxonomy":"product_brand","embeddable":true,"href":"https:\/\/roveyayinevi.com.tr\/index.php\/wp-json\/wp\/v2\/product_brand?post=709551"},{"taxonomy":"product_cat","embeddable":true,"href":"https:\/\/roveyayinevi.com.tr\/index.php\/wp-json\/wp\/v2\/product_cat?post=709551"},{"taxonomy":"product_tag","embeddable":true,"href":"https:\/\/roveyayinevi.com.tr\/index.php\/wp-json\/wp\/v2\/product_tag?post=709551"}],"curies":[{"name":"wp","href":"https:\/\/api.w.org\/{rel}","templated":true}]}}