{"id":709546,"date":"2025-08-27T16:26:20","date_gmt":"2025-08-27T13:26:20","guid":{"rendered":"https:\/\/roveyayinevi.com.tr\/index.php\/urun\/karanlikta-isik-aranmaz\/"},"modified":"2026-04-16T02:18:07","modified_gmt":"2026-04-15T23:18:07","slug":"karanlikta-isik-aranmaz","status":"publish","type":"product","link":"https:\/\/roveyayinevi.com.tr\/index.php\/urun\/karanlikta-isik-aranmaz\/","title":{"rendered":"Karanl\u0131kta I\u015f\u0131k Aranmaz"},"content":{"rendered":"<p>Karanl\u0131\u011fa g\u00f6m\u00fcl\u00fc bir ge\u00e7mi\u015fi vard\u0131 ve bug\u00fcn hayat\u0131 h\u00e2l\u00e2 s\u0131rlarla \u00f6rt\u00fcl\u00fcyd\u00fc. Gelece\u011fi ise ka\u00e7\u0131n\u0131lmaz bir ger\u00e7e\u011fi sakl\u0131yordu. Ebeveynlerinin gizemli ve vah\u015fi bir \u015fekilde \u00f6ld\u00fcr\u00fclmesinden sonra Blake Brennon, al\u0131\u015f\u0131lagelmemi\u015f bir ailede teselli bulmu\u015ftu. Fakat ebeveynlerinin kayb\u0131 asla pe\u015fini b\u0131rakmam\u0131\u015ft\u0131 ve bu durum ba\u015fkalar\u0131n\u0131n sevgisine kar\u015f\u0131l\u0131k vermesine engel oluyordu. Devaml\u0131 korku i\u00e7inde ve her \u015feyi kontrol alt\u0131nda tutma ihtiyac\u0131yla ya\u015f\u0131yor ve ge\u00e7mi\u015fiyle ilgili ayr\u0131nt\u0131lar\u0131 hat\u0131rlamas\u0131na yol a\u00e7an k\u00e2buslar g\u00f6r\u00fcyordu. Art\u0131k ger\u00e7e\u011fi ortaya \u00e7\u0131karmaya karar veren Blake&#8217;in ge\u00e7mi\u015fi, bug\u00fcn\u00fcyle \u00e7arp\u0131\u015fmaya ba\u015flad\u0131\u011f\u0131nda tek yapmas\u0131 gereken, ger\u00e7e\u011fi \u00f6\u011frenmenin sevdi\u011fi herkesi kaybetmeye de\u011fip de\u011fmeyece\u011fine karar vermesiydi.  Ge\u00e7mi\u015fi g\u00fcn \u0131\u015f\u0131\u011f\u0131na \u00e7\u0131karken a\u015fk her \u015feyi telafi edebilecek miydi? Yoksa Blake karanl\u0131kta \u0131\u015f\u0131\u011f\u0131n aranmayaca\u011f\u0131n\u0131 m\u0131 \u00f6\u011frenecekti? \u201cGizem, korku, romans ve s\u00fcr\u00fckleyicili\u011fin m\u00fckemmel bir kar\u0131\u015f\u0131m\u0131yd\u0131! Bu kitab\u0131 elimden b\u0131rakamad\u0131m! Tam puan veriyorum!\u201d-Aestas Book Blog- \u201cA\u015fk, kay\u0131p, g\u00f6n\u00fcl yaras\u0131, geli\u015fim ve dayan\u0131kl\u0131l\u0131k \u00fczerine inan\u0131lmaz bir hik\u00e2ye.\u201d-S.L. Jennings, New York Times \u00c7oksatan Yazar\u0131- \u201cS\u00fcr\u00fckleyici, t\u0131rnaklar\u0131n\u0131z\u0131 kemirtecek, muhte\u015fem bir kitap. E\u011flenceli, seksi ve duygusal bir hik\u00e2yesi var. Yok yok!\u201d -Angie\u2019s Dreamy Reads- <\/p>\n","protected":false},"excerpt":{"rendered":"<p>Karanl\u0131\u011fa g\u00f6m\u00fcl\u00fc bir ge\u00e7mi\u015fi vard\u0131 ve bug\u00fcn hayat\u0131 h\u00e2l\u00e2 s\u0131rlarla \u00f6rt\u00fcl\u00fcyd\u00fc. Gelece\u011fi ise ka\u00e7\u0131n\u0131lmaz bir ger\u00e7e\u011fi sakl\u0131yordu. Ebeveynlerinin gizemli ve vah\u015fi bir \u015fekilde \u00f6ld\u00fcr\u00fclmesinden sonra Blake<span class=\"excerpt-hellip\"> [\u2026]<\/span><\/p>\n","protected":false},"featured_media":0,"template":"","meta":{"_monsterinsights_skip_tracking":false,"_monsterinsights_sitenote_active":false,"_monsterinsights_sitenote_note":"","_monsterinsights_sitenote_category":0},"product_brand":[],"product_cat":[12291,12711],"product_tag":[],"class_list":{"0":"post-709546","1":"product","2":"type-product","3":"status-publish","5":"product_cat-edebiyat","6":"product_cat-roman-oyku","7":"pa_cilt-ciltsiz","8":"pa_tur-kitap","9":"pa_yayinevi-yabanci-yayinevi","10":"pa_yazar-claire-contreras","12":"first","13":"instock","14":"sale","15":"shipping-taxable","16":"purchasable","17":"product-type-simple"},"_links":{"self":[{"href":"https:\/\/roveyayinevi.com.tr\/index.php\/wp-json\/wp\/v2\/product\/709546","targetHints":{"allow":["GET"]}}],"collection":[{"href":"https:\/\/roveyayinevi.com.tr\/index.php\/wp-json\/wp\/v2\/product"}],"about":[{"href":"https:\/\/roveyayinevi.com.tr\/index.php\/wp-json\/wp\/v2\/types\/product"}],"wp:attachment":[{"href":"https:\/\/roveyayinevi.com.tr\/index.php\/wp-json\/wp\/v2\/media?parent=709546"}],"wp:term":[{"taxonomy":"product_brand","embeddable":true,"href":"https:\/\/roveyayinevi.com.tr\/index.php\/wp-json\/wp\/v2\/product_brand?post=709546"},{"taxonomy":"product_cat","embeddable":true,"href":"https:\/\/roveyayinevi.com.tr\/index.php\/wp-json\/wp\/v2\/product_cat?post=709546"},{"taxonomy":"product_tag","embeddable":true,"href":"https:\/\/roveyayinevi.com.tr\/index.php\/wp-json\/wp\/v2\/product_tag?post=709546"}],"curies":[{"name":"wp","href":"https:\/\/api.w.org\/{rel}","templated":true}]}}