{"id":709545,"date":"2025-08-27T16:26:19","date_gmt":"2025-08-27T13:26:19","guid":{"rendered":"https:\/\/roveyayinevi.com.tr\/index.php\/urun\/gezgin-ile-kartanesi-bay-kocasirtin-evinde\/"},"modified":"2026-04-16T02:18:07","modified_gmt":"2026-04-15T23:18:07","slug":"gezgin-ile-kartanesi-bay-kocasirtin-evinde","status":"publish","type":"product","link":"https:\/\/roveyayinevi.com.tr\/index.php\/urun\/gezgin-ile-kartanesi-bay-kocasirtin-evinde\/","title":{"rendered":"Gezgin ile Kartanesi (Bay Kocas\u0131rt&#8217;\u0131n Evinde)"},"content":{"rendered":"<p>\u0130ki sevimli c\u00fcce cin Gezgin ile Kartanesi, yery\u00fcz\u00fcne geldiklerinden beri maceradan maceraya ko\u015fup ya\u015fad\u0131klar\u0131n\u0131 yaz\u0131yorlard\u0131.Merakl\u0131 c\u00fcce cinler mevsimler birbirini kovalarken yepyeni arkada\u015flar edinmeye devam ettiler. Art\u0131k ilkbahar sona ermek \u00fczereydi. Gezgin ile Kartanesi t\u00fcyl\u00fc bir \u00f6r\u00fcmce\u011fin a\u011f\u0131nda uyuyakalm\u0131\u015flard\u0131. Onlar\u0131 \u00f6r\u00fcmcek a\u011f\u0131ndan evini s\u0131rt\u0131nda ta\u015f\u0131yan, s\u00fcr\u00fcnerek ilerleyen, salyalar ak\u0131tan tuhaf bir hayvan kurtard\u0131&#8230;Anne Ducourtial\u2019in yazd\u0131\u011f\u0131, Bruno Robert\u2019in resimledi\u011fi bu sevimli mi sevimli Gezgin ile Kartanesi serisi, Gezgin ile Kartanesi Bay Kocas\u0131rt\u2019\u0131n Evinde adl\u0131 d\u00f6rd\u00fcnc\u00fc kitapla devam ediyor! <\/p>\n","protected":false},"excerpt":{"rendered":"<p>\u0130ki sevimli c\u00fcce cin Gezgin ile Kartanesi, yery\u00fcz\u00fcne geldiklerinden beri maceradan maceraya ko\u015fup ya\u015fad\u0131klar\u0131n\u0131 yaz\u0131yorlard\u0131.Merakl\u0131 c\u00fcce cinler mevsimler birbirini kovalarken yepyeni arkada\u015flar edinmeye devam ettiler. Art\u0131k<span class=\"excerpt-hellip\"> [\u2026]<\/span><\/p>\n","protected":false},"featured_media":0,"template":"","meta":{"_monsterinsights_skip_tracking":false,"_monsterinsights_sitenote_active":false,"_monsterinsights_sitenote_note":"","_monsterinsights_sitenote_category":0},"product_brand":[],"product_cat":[12274,12284],"product_tag":[],"class_list":{"0":"post-709545","1":"product","2":"type-product","3":"status-publish","5":"product_cat-cocuk-ve-genclik-kitaplari","6":"product_cat-hikayeler","7":"pa_cilt-ciltsiz","8":"pa_tur-kitap","9":"pa_yayinevi-yapi-kredi-yayinlari","10":"pa_yazar-anne-ducourtial","12":"first","13":"instock","14":"sale","15":"shipping-taxable","16":"purchasable","17":"product-type-simple"},"_links":{"self":[{"href":"https:\/\/roveyayinevi.com.tr\/index.php\/wp-json\/wp\/v2\/product\/709545","targetHints":{"allow":["GET"]}}],"collection":[{"href":"https:\/\/roveyayinevi.com.tr\/index.php\/wp-json\/wp\/v2\/product"}],"about":[{"href":"https:\/\/roveyayinevi.com.tr\/index.php\/wp-json\/wp\/v2\/types\/product"}],"wp:attachment":[{"href":"https:\/\/roveyayinevi.com.tr\/index.php\/wp-json\/wp\/v2\/media?parent=709545"}],"wp:term":[{"taxonomy":"product_brand","embeddable":true,"href":"https:\/\/roveyayinevi.com.tr\/index.php\/wp-json\/wp\/v2\/product_brand?post=709545"},{"taxonomy":"product_cat","embeddable":true,"href":"https:\/\/roveyayinevi.com.tr\/index.php\/wp-json\/wp\/v2\/product_cat?post=709545"},{"taxonomy":"product_tag","embeddable":true,"href":"https:\/\/roveyayinevi.com.tr\/index.php\/wp-json\/wp\/v2\/product_tag?post=709545"}],"curies":[{"name":"wp","href":"https:\/\/api.w.org\/{rel}","templated":true}]}}