{"id":709544,"date":"2025-08-27T16:26:19","date_gmt":"2025-08-27T13:26:19","guid":{"rendered":"https:\/\/roveyayinevi.com.tr\/index.php\/urun\/bil-bakalim-ne-zaman-ciltli\/"},"modified":"2026-04-16T02:18:07","modified_gmt":"2026-04-15T23:18:07","slug":"bil-bakalim-ne-zaman-ciltli","status":"publish","type":"product","link":"https:\/\/roveyayinevi.com.tr\/index.php\/urun\/bil-bakalim-ne-zaman-ciltli\/","title":{"rendered":"Bil Bakal\u0131m Ne Zaman? (Ciltli)"},"content":{"rendered":"<p>Bil Bakal\u0131m Ne Zaman? Harry Potter\u2019dan Mona Lisa\u2019ya, tenisin ke\u015ffinden d\u00fcnyadaki en ya\u015fl\u0131 a\u011fac\u0131n tarihine var\u0131ncaya dek, eski ve yeni bir s\u00fcr\u00fc e\u011flenceli bilgiyle \u00e7ocuklar\u0131n genel k\u00fclt\u00fcr\u00fcne muazzam bir katk\u0131 sa\u011fl\u0131yor. \ufffcTan\u0131t\u0131m Metni<\/p>\n","protected":false},"excerpt":{"rendered":"<p>Bil Bakal\u0131m Ne Zaman? Harry Potter\u2019dan Mona Lisa\u2019ya, tenisin ke\u015ffinden d\u00fcnyadaki en ya\u015fl\u0131 a\u011fac\u0131n tarihine var\u0131ncaya dek, eski ve yeni bir s\u00fcr\u00fc e\u011flenceli bilgiyle \u00e7ocuklar\u0131n genel<span class=\"excerpt-hellip\"> [\u2026]<\/span><\/p>\n","protected":false},"featured_media":0,"template":"","meta":{"_monsterinsights_skip_tracking":false,"_monsterinsights_sitenote_active":false,"_monsterinsights_sitenote_note":"","_monsterinsights_sitenote_category":0},"product_brand":[],"product_cat":[12274,14573],"product_tag":[],"class_list":{"0":"post-709544","1":"product","2":"type-product","3":"status-publish","5":"product_cat-cocuk-ve-genclik-kitaplari","6":"product_cat-referans-kitaplar-cocuk-ve-genclik-kitaplari","7":"pa_cilt-ciltli","8":"pa_tur-kitap","9":"pa_yayinevi-yapi-kredi-yayinlari","10":"pa_yazar-geraldine-maincent","12":"first","13":"instock","14":"sale","15":"shipping-taxable","16":"purchasable","17":"product-type-simple"},"_links":{"self":[{"href":"https:\/\/roveyayinevi.com.tr\/index.php\/wp-json\/wp\/v2\/product\/709544","targetHints":{"allow":["GET"]}}],"collection":[{"href":"https:\/\/roveyayinevi.com.tr\/index.php\/wp-json\/wp\/v2\/product"}],"about":[{"href":"https:\/\/roveyayinevi.com.tr\/index.php\/wp-json\/wp\/v2\/types\/product"}],"wp:attachment":[{"href":"https:\/\/roveyayinevi.com.tr\/index.php\/wp-json\/wp\/v2\/media?parent=709544"}],"wp:term":[{"taxonomy":"product_brand","embeddable":true,"href":"https:\/\/roveyayinevi.com.tr\/index.php\/wp-json\/wp\/v2\/product_brand?post=709544"},{"taxonomy":"product_cat","embeddable":true,"href":"https:\/\/roveyayinevi.com.tr\/index.php\/wp-json\/wp\/v2\/product_cat?post=709544"},{"taxonomy":"product_tag","embeddable":true,"href":"https:\/\/roveyayinevi.com.tr\/index.php\/wp-json\/wp\/v2\/product_tag?post=709544"}],"curies":[{"name":"wp","href":"https:\/\/api.w.org\/{rel}","templated":true}]}}