{"id":709543,"date":"2025-08-27T16:26:18","date_gmt":"2025-08-27T13:26:18","guid":{"rendered":"https:\/\/roveyayinevi.com.tr\/index.php\/urun\/sherlock-holmes-vaka-kayitlari\/"},"modified":"2025-11-22T04:13:03","modified_gmt":"2025-11-22T01:13:03","slug":"sherlock-holmes-vaka-kayitlari","status":"publish","type":"product","link":"https:\/\/roveyayinevi.com.tr\/index.php\/urun\/sherlock-holmes-vaka-kayitlari\/","title":{"rendered":"Sherlock Holmes Vaka Kay\u0131tlar\u0131"},"content":{"rendered":"<p>Korkar\u0131m Bay Sherlock Holmes kendi zaman\u0131n\u0131n \u00f6tesinde ya\u015fam\u0131\u015f olan ve halan kendisine d\u00fc\u015fk\u00fcn seyircilerine teker teker selam verip sahneyi terk etmesi istenen opera sanat\u00e7\u0131lar\u0131na d\u00f6n\u00fc\u015febilir. Bu durumun \u00f6nene ge\u00e7ilmelidir ve o t\u0131pk\u0131 di\u011fer faniler gibi nesnel ya da hayali bir d\u00fczlemde yoluna devam etmelidir.<\/p>\n","protected":false},"excerpt":{"rendered":"<p>Korkar\u0131m Bay Sherlock Holmes kendi zaman\u0131n\u0131n \u00f6tesinde ya\u015fam\u0131\u015f olan ve halan kendisine d\u00fc\u015fk\u00fcn seyircilerine teker teker selam verip sahneyi terk etmesi istenen opera sanat\u00e7\u0131lar\u0131na d\u00f6n\u00fc\u015febilir. Bu<span class=\"excerpt-hellip\"> [\u2026]<\/span><\/p>\n","protected":false},"featured_media":0,"template":"","meta":{"_monsterinsights_skip_tracking":false,"_monsterinsights_sitenote_active":false,"_monsterinsights_sitenote_note":"","_monsterinsights_sitenote_category":0},"product_brand":[],"product_cat":[12291,12866],"product_tag":[],"class_list":{"0":"post-709543","1":"product","2":"type-product","3":"status-publish","5":"product_cat-edebiyat","6":"product_cat-ingiliz-edebiyati","7":"pa_cilt-ciltsiz","8":"pa_tur-kitap","9":"pa_yayinevi-kirmizi-cati-yayinlari","10":"pa_yazar-sir-arthur-conan-doyle","12":"first","13":"instock","14":"sale","15":"shipping-taxable","16":"purchasable","17":"product-type-simple"},"_links":{"self":[{"href":"https:\/\/roveyayinevi.com.tr\/index.php\/wp-json\/wp\/v2\/product\/709543","targetHints":{"allow":["GET"]}}],"collection":[{"href":"https:\/\/roveyayinevi.com.tr\/index.php\/wp-json\/wp\/v2\/product"}],"about":[{"href":"https:\/\/roveyayinevi.com.tr\/index.php\/wp-json\/wp\/v2\/types\/product"}],"wp:attachment":[{"href":"https:\/\/roveyayinevi.com.tr\/index.php\/wp-json\/wp\/v2\/media?parent=709543"}],"wp:term":[{"taxonomy":"product_brand","embeddable":true,"href":"https:\/\/roveyayinevi.com.tr\/index.php\/wp-json\/wp\/v2\/product_brand?post=709543"},{"taxonomy":"product_cat","embeddable":true,"href":"https:\/\/roveyayinevi.com.tr\/index.php\/wp-json\/wp\/v2\/product_cat?post=709543"},{"taxonomy":"product_tag","embeddable":true,"href":"https:\/\/roveyayinevi.com.tr\/index.php\/wp-json\/wp\/v2\/product_tag?post=709543"}],"curies":[{"name":"wp","href":"https:\/\/api.w.org\/{rel}","templated":true}]}}