{"id":709542,"date":"2025-08-27T16:26:18","date_gmt":"2025-08-27T13:26:18","guid":{"rendered":"https:\/\/roveyayinevi.com.tr\/index.php\/urun\/sherlock-holmes-dortlerin-andi\/"},"modified":"2026-03-12T02:25:29","modified_gmt":"2026-03-11T23:25:29","slug":"sherlock-holmes-dortlerin-andi","status":"publish","type":"product","link":"https:\/\/roveyayinevi.com.tr\/index.php\/urun\/sherlock-holmes-dortlerin-andi\/","title":{"rendered":"Sherlock Holmes D\u00f6rtlerin And\u0131"},"content":{"rendered":"<p>\u015eey, size k\u00fc\u00e7\u00fck dostumla ya\u015fad\u0131\u011f\u0131m t\u00fcm maceralar\u0131 anlatacak olsam ho\u015funuza gitmez, \u00e7\u00fcnk\u00fc sadece g\u00fcne\u015f do\u011fana kadar vaktim var.<\/p>\n","protected":false},"excerpt":{"rendered":"<p>\u015eey, size k\u00fc\u00e7\u00fck dostumla ya\u015fad\u0131\u011f\u0131m t\u00fcm maceralar\u0131 anlatacak olsam ho\u015funuza gitmez, \u00e7\u00fcnk\u00fc sadece g\u00fcne\u015f do\u011fana kadar vaktim var.<\/p>\n","protected":false},"featured_media":0,"template":"","meta":{"_monsterinsights_skip_tracking":false,"_monsterinsights_sitenote_active":false,"_monsterinsights_sitenote_note":"","_monsterinsights_sitenote_category":0},"product_brand":[],"product_cat":[12291,12866],"product_tag":[],"class_list":{"0":"post-709542","1":"product","2":"type-product","3":"status-publish","5":"product_cat-edebiyat","6":"product_cat-ingiliz-edebiyati","7":"pa_cilt-ciltsiz","8":"pa_tur-kitap","9":"pa_yayinevi-kirmizi-cati-yayinlari","10":"pa_yazar-sir-arthur-conan-doyle","12":"first","13":"instock","14":"sale","15":"shipping-taxable","16":"purchasable","17":"product-type-simple"},"_links":{"self":[{"href":"https:\/\/roveyayinevi.com.tr\/index.php\/wp-json\/wp\/v2\/product\/709542","targetHints":{"allow":["GET"]}}],"collection":[{"href":"https:\/\/roveyayinevi.com.tr\/index.php\/wp-json\/wp\/v2\/product"}],"about":[{"href":"https:\/\/roveyayinevi.com.tr\/index.php\/wp-json\/wp\/v2\/types\/product"}],"wp:attachment":[{"href":"https:\/\/roveyayinevi.com.tr\/index.php\/wp-json\/wp\/v2\/media?parent=709542"}],"wp:term":[{"taxonomy":"product_brand","embeddable":true,"href":"https:\/\/roveyayinevi.com.tr\/index.php\/wp-json\/wp\/v2\/product_brand?post=709542"},{"taxonomy":"product_cat","embeddable":true,"href":"https:\/\/roveyayinevi.com.tr\/index.php\/wp-json\/wp\/v2\/product_cat?post=709542"},{"taxonomy":"product_tag","embeddable":true,"href":"https:\/\/roveyayinevi.com.tr\/index.php\/wp-json\/wp\/v2\/product_tag?post=709542"}],"curies":[{"name":"wp","href":"https:\/\/api.w.org\/{rel}","templated":true}]}}