{"id":709541,"date":"2025-08-27T16:26:17","date_gmt":"2025-08-27T13:26:17","guid":{"rendered":"https:\/\/roveyayinevi.com.tr\/index.php\/urun\/rosariovampire-tilsimli-kolye-ve-vampir-sezon-2-cilt-4\/"},"modified":"2026-04-16T02:18:07","modified_gmt":"2026-04-15T23:18:07","slug":"rosariovampire-tilsimli-kolye-ve-vampir-sezon-2-cilt-4","status":"publish","type":"product","link":"https:\/\/roveyayinevi.com.tr\/index.php\/urun\/rosariovampire-tilsimli-kolye-ve-vampir-sezon-2-cilt-4\/","title":{"rendered":"Rosario+Vampire-T\u0131ls\u0131ml\u0131 Kolye ve Vampir-Sezon 2 Cilt 4"},"content":{"rendered":"<p>Tsukune ve arkada\u015flar\u0131n\u0131n kar\u015f\u0131s\u0131na son derece zorlu bir rakip \u00e7\u0131k\u0131yor: \u015euzen ailesinin ikinci k\u0131z\u0131 ve 1 numaral\u0131 kiral\u0131k katili Karua! Amac\u0131na ula\u015fmak i\u00e7in en ufak bir teredd\u00fct bile ge\u00e7irmeden karde\u015fleri Moka ve Kokoa\u2019ya bile sald\u0131ran Karua\u2019yla d\u00f6v\u00fc\u015f\u00fcrken, Tsukune bir anl\u0131\u011f\u0131na eline ge\u00e7en f\u0131rsat\u0131 de\u011ferlendirir ve Moka\u2019n\u0131n t\u0131ls\u0131ml\u0131 kolyesini a\u00e7ar\u2026 <\/p>\n","protected":false},"excerpt":{"rendered":"<p>Tsukune ve arkada\u015flar\u0131n\u0131n kar\u015f\u0131s\u0131na son derece zorlu bir rakip \u00e7\u0131k\u0131yor: \u015euzen ailesinin ikinci k\u0131z\u0131 ve 1 numaral\u0131 kiral\u0131k katili Karua! Amac\u0131na ula\u015fmak i\u00e7in en ufak bir<span class=\"excerpt-hellip\"> [\u2026]<\/span><\/p>\n","protected":false},"featured_media":0,"template":"","meta":{"_monsterinsights_skip_tracking":false,"_monsterinsights_sitenote_active":false,"_monsterinsights_sitenote_note":"","_monsterinsights_sitenote_category":0},"product_brand":[],"product_cat":[12689,12274],"product_tag":[],"class_list":{"0":"post-709541","1":"product","2":"type-product","3":"status-publish","5":"product_cat-cizgi-roman-cocuk-ve-genclik-kitaplari","6":"product_cat-cocuk-ve-genclik-kitaplari","7":"pa_cilt-ciltsiz","8":"pa_tur-kitap","9":"pa_yayinevi-akil-celen-kitaplar","10":"pa_yazar-akihisa-ikeda","12":"first","13":"instock","14":"sale","15":"shipping-taxable","16":"purchasable","17":"product-type-simple"},"_links":{"self":[{"href":"https:\/\/roveyayinevi.com.tr\/index.php\/wp-json\/wp\/v2\/product\/709541","targetHints":{"allow":["GET"]}}],"collection":[{"href":"https:\/\/roveyayinevi.com.tr\/index.php\/wp-json\/wp\/v2\/product"}],"about":[{"href":"https:\/\/roveyayinevi.com.tr\/index.php\/wp-json\/wp\/v2\/types\/product"}],"wp:attachment":[{"href":"https:\/\/roveyayinevi.com.tr\/index.php\/wp-json\/wp\/v2\/media?parent=709541"}],"wp:term":[{"taxonomy":"product_brand","embeddable":true,"href":"https:\/\/roveyayinevi.com.tr\/index.php\/wp-json\/wp\/v2\/product_brand?post=709541"},{"taxonomy":"product_cat","embeddable":true,"href":"https:\/\/roveyayinevi.com.tr\/index.php\/wp-json\/wp\/v2\/product_cat?post=709541"},{"taxonomy":"product_tag","embeddable":true,"href":"https:\/\/roveyayinevi.com.tr\/index.php\/wp-json\/wp\/v2\/product_tag?post=709541"}],"curies":[{"name":"wp","href":"https:\/\/api.w.org\/{rel}","templated":true}]}}