{"id":709540,"date":"2025-08-27T16:26:16","date_gmt":"2025-08-27T13:26:16","guid":{"rendered":"https:\/\/roveyayinevi.com.tr\/index.php\/urun\/iki-yarali\/"},"modified":"2026-04-16T02:18:07","modified_gmt":"2026-04-15T23:18:07","slug":"iki-yarali","status":"publish","type":"product","link":"https:\/\/roveyayinevi.com.tr\/index.php\/urun\/iki-yarali\/","title":{"rendered":"\u0130ki Yaral\u0131"},"content":{"rendered":"<p>Yaralar vard\u0131r; Hi\u00e7 kapanmayacakm\u0131\u015f gibi hissettiren. Yaralar vard\u0131r; Kapanm\u0131\u015f olsa bile dokununca s\u0131zlayan. Yaralar vard\u0131r; Kapand\u0131\u011f\u0131na dair bir iz b\u0131rakmayan. Batu ve Melis&#8230; Hayat onlara oyun oynam\u0131\u015f ve y\u00fcreklerinde kapanmayaca\u011f\u0131n\u0131 sand\u0131klar\u0131 yaralar b\u0131rakm\u0131\u015ft\u0131. Ancak bilmedikleri bir \u015fey vard\u0131. O da, birbirlerinin yaralar\u0131n\u0131 saracaklar\u0131yd\u0131 <\/p>\n","protected":false},"excerpt":{"rendered":"<p>Yaralar vard\u0131r; Hi\u00e7 kapanmayacakm\u0131\u015f gibi hissettiren. Yaralar vard\u0131r; Kapanm\u0131\u015f olsa bile dokununca s\u0131zlayan. Yaralar vard\u0131r; Kapand\u0131\u011f\u0131na dair bir iz b\u0131rakmayan. Batu ve Melis&#8230; Hayat onlara oyun<span class=\"excerpt-hellip\"> [\u2026]<\/span><\/p>\n","protected":false},"featured_media":0,"template":"","meta":{"_monsterinsights_skip_tracking":false,"_monsterinsights_sitenote_active":false,"_monsterinsights_sitenote_note":"","_monsterinsights_sitenote_category":0},"product_brand":[],"product_cat":[12291,12711],"product_tag":[],"class_list":{"0":"post-709540","1":"product","2":"type-product","3":"status-publish","5":"product_cat-edebiyat","6":"product_cat-roman-oyku","7":"pa_cilt-ciltsiz","8":"pa_tur-kitap","9":"pa_yayinevi-epsilon-yayinlari","10":"pa_yazar-rabia-osma","12":"first","13":"instock","14":"sale","15":"shipping-taxable","16":"purchasable","17":"product-type-simple"},"_links":{"self":[{"href":"https:\/\/roveyayinevi.com.tr\/index.php\/wp-json\/wp\/v2\/product\/709540","targetHints":{"allow":["GET"]}}],"collection":[{"href":"https:\/\/roveyayinevi.com.tr\/index.php\/wp-json\/wp\/v2\/product"}],"about":[{"href":"https:\/\/roveyayinevi.com.tr\/index.php\/wp-json\/wp\/v2\/types\/product"}],"wp:attachment":[{"href":"https:\/\/roveyayinevi.com.tr\/index.php\/wp-json\/wp\/v2\/media?parent=709540"}],"wp:term":[{"taxonomy":"product_brand","embeddable":true,"href":"https:\/\/roveyayinevi.com.tr\/index.php\/wp-json\/wp\/v2\/product_brand?post=709540"},{"taxonomy":"product_cat","embeddable":true,"href":"https:\/\/roveyayinevi.com.tr\/index.php\/wp-json\/wp\/v2\/product_cat?post=709540"},{"taxonomy":"product_tag","embeddable":true,"href":"https:\/\/roveyayinevi.com.tr\/index.php\/wp-json\/wp\/v2\/product_tag?post=709540"}],"curies":[{"name":"wp","href":"https:\/\/api.w.org\/{rel}","templated":true}]}}