{"id":709539,"date":"2025-08-27T16:26:16","date_gmt":"2025-08-27T13:26:16","guid":{"rendered":"https:\/\/roveyayinevi.com.tr\/index.php\/urun\/savas-gunlukleri-1939-1943-mussolininin-damadi-ve-italya-disisleri-bakani-anlatiyor\/"},"modified":"2026-04-16T02:18:07","modified_gmt":"2026-04-15T23:18:07","slug":"savas-gunlukleri-1939-1943-mussolininin-damadi-ve-italya-disisleri-bakani-anlatiyor","status":"publish","type":"product","link":"https:\/\/roveyayinevi.com.tr\/index.php\/urun\/savas-gunlukleri-1939-1943-mussolininin-damadi-ve-italya-disisleri-bakani-anlatiyor\/","title":{"rendered":"Sava\u015f G\u00fcnl\u00fckleri 1939-1943 (Mussolini&#8217;nin Damad\u0131 ve \u0130talya D\u0131\u015fi\u015fleri Bakan\u0131 Anlat\u0131yor)"},"content":{"rendered":"<p>&#8220;\u0130kinci D\u00fcnya Sava\u015f\u0131 ve Mussolini \u0130talyas\u0131\u2019na \u0131\u015f\u0131k tutan temel kaynaklardan biri.&#8221;\u0130lber Ortayl\u0131Mussolini\u2019nin damad\u0131 ve \u0130talya D\u0131\u015fi\u015fleri Bakan\u0131 olan Kont Galeazzo Ciano, 11 Ocak 1944\u2019te, Y\u00fcksek Fa\u015fist Konsey\u2019de Mussolini\u2019nin g\u00f6revden al\u0131nmas\u0131 lehine oy kullanan di\u011fer ki\u015filerle birlikte kur\u015funa dizildi. Sumner Welles\u2019in hakk\u0131nda, \u201cZaman\u0131m\u0131z\u0131n en k\u0131ymetli tarihi belgelerinden biri\u201d dedi\u011fi ve Ciano\u2019nun \u0130kinci D\u00fcnya Sava\u015f\u0131\u2019n\u0131 bi\u00e7imlendiren en \u00f6nemli ki\u015filerle yapt\u0131\u011f\u0131 g\u00f6r\u00fc\u015fmeleri ve d\u00fc\u015f\u00fcncelerini i\u00e7eren g\u00fcnl\u00fc\u011f\u00fc ise, Almanlar\u0131n ve Mussolini\u2019nin aksi y\u00f6ndeki \u00e7abalar\u0131na ra\u011fmen, kar\u0131s\u0131 Edda taraf\u0131ndan M\u00fcttefiklere ula\u015ft\u0131r\u0131ld\u0131.Sava\u015f G\u00fcnl\u00fckleri, Nazi liderlerinin yarg\u0131land\u0131klar\u0131 N\u00fcrnberg Mahkemeleri\u2019nde sald\u0131r\u0131 sava\u015f\u0131 tasarlamak su\u00e7u isnat edilen eski Almanya D\u0131\u015fi\u015fleri Bakan\u0131 Joachim von Ribbentrop\u2019un aleyhine delil olarak sunuldu. Kont, \u0130talya\u2019y\u0131 kazan\u0131rsa dahi kaybedebilece\u011fi bir sava\u015fa sokmamak hususunda Mussolini\u2019den daha \u00f6ng\u00f6r\u00fcl\u00fc oldu\u011funu kan\u0131tlam\u0131\u015ft\u0131.Sava\u015f G\u00fcnl\u00fckleri\u2019nin i\u00e7erdi\u011fi bilgiler, \u0130talya\u2019n\u0131n neredeyse kans\u0131z bir \u015fekilde Arnavutluk\u2019u ilhak edi\u015fini, H\u0131rvatistan \u00fczerindeki planlar\u0131n\u0131, \u00fclkenin \u0130kinci D\u00fcnya Sava\u015f\u0131\u2019na ne kadar haz\u0131rl\u0131ks\u0131z bir \u015fekilde girdi\u011fini, Yunanistan\u2019daki ve Kuzey Afrika\u2019da ya\u015fad\u0131\u011f\u0131 felaketleri anlamak ad\u0131na alt\u0131n de\u011feri ta\u015f\u0131maktad\u0131r. Ciano\u2019nun, Almanlar\u0131n bu \u00fclkeyi istila etme planlar\u0131n\u0131 Bel\u00e7ika\u2019ya s\u0131zd\u0131rd\u0131\u011f\u0131 ve Japon h\u00fck\u00fcmetinin Pearl Harbor bask\u0131n\u0131ndan d\u00f6rt g\u00fcn evvel Alman ve \u0130talyan h\u00fck\u00fcmetlerini bilgilendirdi\u011fi gibi tarihi bilgiler de ilk kez bu vesikada ortaya \u00e7\u0131km\u0131\u015ft\u0131r. Ayr\u0131ca g\u00fcnl\u00fckler, \u0130talya\u2019n\u0131n Balkanlar\u2019da T\u00fcrkiye\u2019yi dikkatle g\u00f6zlemlemek suretiyle icra etti\u011fi politikayla, Mussolini \u0130talyas\u0131\u2019n\u0131n sava\u015f \u00f6ncesinde ve sava\u015f s\u0131ras\u0131nda T\u00fcrkiye\u2019ye kar\u015f\u0131 benimsedi\u011fi tutuma dair m\u00fchim bilgiler i\u00e7ermektedir.William Shirer gibi yazarlar\u0131n, d\u00f6neme ili\u015fkin k\u00fclt kitaplar\u0131n\u0131 kaleme al\u0131rken s\u0131kl\u0131kla istifade ettikleri Sava\u015f G\u00fcnl\u00fckleri, sundu\u011fu e\u015fsiz bilgilerle okuyucuyu \u0130kinci D\u00fcnya Sava\u015f\u0131\u2019na dair bir\u00e7ok hususta ayd\u0131nlataca\u011f\u0131 gibi, ona siyasi tarihin en \u00e7alkant\u0131l\u0131 d\u00f6nemlerinden birinde, amans\u0131z bir g\u00fc\u00e7 siyaseti ile i\u00e7 i\u00e7e ge\u00e7en diplomasinin nas\u0131l icra edildi\u011fine ili\u015fkin, izlerini g\u00fcn\u00fcm\u00fczde de bulabilece\u011fi m\u00fchim kesitler sunacakt\u0131r.<\/p>\n","protected":false},"excerpt":{"rendered":"<p>&#8220;\u0130kinci D\u00fcnya Sava\u015f\u0131 ve Mussolini \u0130talyas\u0131\u2019na \u0131\u015f\u0131k tutan temel kaynaklardan biri.&#8221;\u0130lber Ortayl\u0131Mussolini\u2019nin damad\u0131 ve \u0130talya D\u0131\u015fi\u015fleri Bakan\u0131 olan Kont Galeazzo Ciano, 11 Ocak 1944\u2019te, Y\u00fcksek Fa\u015fist<span class=\"excerpt-hellip\"> [\u2026]<\/span><\/p>\n","protected":false},"featured_media":0,"template":"","meta":{"_monsterinsights_skip_tracking":false,"_monsterinsights_sitenote_active":false,"_monsterinsights_sitenote_note":"","_monsterinsights_sitenote_category":0},"product_brand":[],"product_cat":[12312,12304],"product_tag":[],"class_list":{"0":"post-709539","1":"product","2":"type-product","3":"status-publish","5":"product_cat-diger","6":"product_cat-tarih","7":"pa_cilt-ciltsiz","8":"pa_tur-kitap","9":"pa_yayinevi-kronik-kitap","10":"pa_yazar-kont-galeazzo-ciano","12":"first","13":"instock","14":"sale","15":"shipping-taxable","16":"purchasable","17":"product-type-simple"},"_links":{"self":[{"href":"https:\/\/roveyayinevi.com.tr\/index.php\/wp-json\/wp\/v2\/product\/709539","targetHints":{"allow":["GET"]}}],"collection":[{"href":"https:\/\/roveyayinevi.com.tr\/index.php\/wp-json\/wp\/v2\/product"}],"about":[{"href":"https:\/\/roveyayinevi.com.tr\/index.php\/wp-json\/wp\/v2\/types\/product"}],"wp:attachment":[{"href":"https:\/\/roveyayinevi.com.tr\/index.php\/wp-json\/wp\/v2\/media?parent=709539"}],"wp:term":[{"taxonomy":"product_brand","embeddable":true,"href":"https:\/\/roveyayinevi.com.tr\/index.php\/wp-json\/wp\/v2\/product_brand?post=709539"},{"taxonomy":"product_cat","embeddable":true,"href":"https:\/\/roveyayinevi.com.tr\/index.php\/wp-json\/wp\/v2\/product_cat?post=709539"},{"taxonomy":"product_tag","embeddable":true,"href":"https:\/\/roveyayinevi.com.tr\/index.php\/wp-json\/wp\/v2\/product_tag?post=709539"}],"curies":[{"name":"wp","href":"https:\/\/api.w.org\/{rel}","templated":true}]}}