{"id":709538,"date":"2025-08-27T16:26:15","date_gmt":"2025-08-27T13:26:15","guid":{"rendered":"https:\/\/roveyayinevi.com.tr\/index.php\/urun\/osmanli-dunyasi-mekanlar-ve-portreler\/"},"modified":"2026-04-16T02:18:07","modified_gmt":"2026-04-15T23:18:07","slug":"osmanli-dunyasi-mekanlar-ve-portreler","status":"publish","type":"product","link":"https:\/\/roveyayinevi.com.tr\/index.php\/urun\/osmanli-dunyasi-mekanlar-ve-portreler\/","title":{"rendered":"Osmanl\u0131 D\u00fcnyas\u0131 &#8211; Mekanlar ve Portreler"},"content":{"rendered":"<p>Osmanl\u0131 tarihi denince akla evvela fetihler, sava\u015flar, siyasi ve iktisadi geli\u015fmeler geliyor. Oysa devletin bat\u0131dan do\u011fuya kurdu\u011fu hakimiyet sahas\u0131 d\u00fc\u015f\u00fcn\u00fcl\u00fcrse, g\u00fcn\u00fcm\u00fcze kadar ula\u015fm\u0131\u015f mek\u00e2nlar\u0131n ve o mek\u00e2nlara unutulmaz izler b\u0131rakm\u0131\u015f pek \u00e7ok ismin de an\u0131lmas\u0131 gerekiyor.Tarih alan\u0131nda \u00f6zellikle yazd\u0131\u011f\u0131 \u015fehir kitaplar\u0131yla bilinen, \u00e7al\u0131\u015fmalar\u0131n\u0131 mekan ara\u015ft\u0131rmalar\u0131yla, g\u00f6rsel malzemelerle zenginle\u015ftiren \u00d6nder Kaya, \u201cOsmanl\u0131 D\u00fcnyas\u0131\u201d ile tarihimizin unutulmaz mekanlar\u0131n\u0131 ve ilgin\u00e7 karakterlerini bir araya getiriyor. Kronolojik olarak s\u0131ralanm\u0131\u015f yaz\u0131lar, Osmanl\u0131 k\u00fclt\u00fcr tarihinin \u00f6nemli detaylar\u0131yla son buluyor.S\u00f6\u011f\u00fct\u2019ten Kud\u00fcs\u2019e, Edirne\u2019den Bursa\u2019ya kadar hem bat\u0131da hem do\u011fuda g\u00f6rseller e\u015fli\u011finde nefis bir yolculuk yaparken, tek ba\u015f\u0131n\u0131za de\u011filsiniz. Size Merzifonlu Kara Mustafa, \u015eeytan \u0130brahim, Deli H\u00fcsrev, Gedik Ahmet, \u00d6k\u00fcz Mehmet gibi Pa\u015falar, Margaret Fehim Pa\u015fa, Zaro A\u011fa, Cinci H\u00fcseyin Efendi gibi nevi \u015fahs\u0131na m\u00fcnhas\u0131r isimler de e\u015flik edecek. <\/p>\n","protected":false},"excerpt":{"rendered":"<p>Osmanl\u0131 tarihi denince akla evvela fetihler, sava\u015flar, siyasi ve iktisadi geli\u015fmeler geliyor. Oysa devletin bat\u0131dan do\u011fuya kurdu\u011fu hakimiyet sahas\u0131 d\u00fc\u015f\u00fcn\u00fcl\u00fcrse, g\u00fcn\u00fcm\u00fcze kadar ula\u015fm\u0131\u015f mek\u00e2nlar\u0131n ve o<span class=\"excerpt-hellip\"> [\u2026]<\/span><\/p>\n","protected":false},"featured_media":0,"template":"","meta":{"_monsterinsights_skip_tracking":false,"_monsterinsights_sitenote_active":false,"_monsterinsights_sitenote_note":"","_monsterinsights_sitenote_category":0},"product_brand":[],"product_cat":[13590,12337],"product_tag":[],"class_list":{"0":"post-709538","1":"product","2":"type-product","3":"status-publish","5":"product_cat-arastirma-inceleme-politika-siyaset","6":"product_cat-politika-siyaset","7":"pa_cilt-ciltsiz","8":"pa_tur-kitap","9":"pa_yayinevi-kronik-kitap","10":"pa_yazar-onder-kaya","12":"first","13":"instock","14":"sale","15":"shipping-taxable","16":"purchasable","17":"product-type-simple"},"_links":{"self":[{"href":"https:\/\/roveyayinevi.com.tr\/index.php\/wp-json\/wp\/v2\/product\/709538","targetHints":{"allow":["GET"]}}],"collection":[{"href":"https:\/\/roveyayinevi.com.tr\/index.php\/wp-json\/wp\/v2\/product"}],"about":[{"href":"https:\/\/roveyayinevi.com.tr\/index.php\/wp-json\/wp\/v2\/types\/product"}],"wp:attachment":[{"href":"https:\/\/roveyayinevi.com.tr\/index.php\/wp-json\/wp\/v2\/media?parent=709538"}],"wp:term":[{"taxonomy":"product_brand","embeddable":true,"href":"https:\/\/roveyayinevi.com.tr\/index.php\/wp-json\/wp\/v2\/product_brand?post=709538"},{"taxonomy":"product_cat","embeddable":true,"href":"https:\/\/roveyayinevi.com.tr\/index.php\/wp-json\/wp\/v2\/product_cat?post=709538"},{"taxonomy":"product_tag","embeddable":true,"href":"https:\/\/roveyayinevi.com.tr\/index.php\/wp-json\/wp\/v2\/product_tag?post=709538"}],"curies":[{"name":"wp","href":"https:\/\/api.w.org\/{rel}","templated":true}]}}