{"id":709533,"date":"2025-08-27T16:26:13","date_gmt":"2025-08-27T13:26:13","guid":{"rendered":"https:\/\/roveyayinevi.com.tr\/index.php\/urun\/bal-arisi-tonton-ucmayi-ogreniyor\/"},"modified":"2026-04-16T02:18:07","modified_gmt":"2026-04-15T23:18:07","slug":"bal-arisi-tonton-ucmayi-ogreniyor","status":"publish","type":"product","link":"https:\/\/roveyayinevi.com.tr\/index.php\/urun\/bal-arisi-tonton-ucmayi-ogreniyor\/","title":{"rendered":"Bal Ar\u0131s\u0131 Tonton U\u00e7may\u0131 \u00d6\u011freniyor"},"content":{"rendered":"<p>Bal Ar\u0131s\u0131 Tonton\u2019un \u00e7ok k\u00fc\u00e7\u00fck kanatlar\u0131 var. \u201cO k\u00fc\u00e7\u00fck kanatlar\u0131nla asla ama asla u\u00e7amayacaks\u0131n!\u201d diyorarkada\u015flar\u0131. Bal Ar\u0131s\u0131 Tonton\u2019un u\u00e7may\u0131 ba\u015farmak i\u00e7in tek bir \u015feye ihtiyac\u0131 var: Cesaret. K\u00fc\u00e7\u00fck kanatlar\u0131n\u0131n nekadar de\u011ferli oldu\u011funu \u00f6\u011frendi\u011finde, u\u00e7mak i\u00e7in ne kadar cesur oldu\u011funu da \u00f6\u011freniyor.\u00c7OK YALNIZ OLDU\u011eUNU D\u00dc\u015e\u00dcND\u00dc\u011e\u00dcNDE,KEND\u0130N\u0130 \u00d6NEMS\u0130Z VE K\u00dc\u00c7\u00dcK H\u0130SSETT\u0130\u011e\u0130NDE,H\u0130\u00c7 KORKMA, KEND\u0130 YOLUNDAN G\u0130T&#8230;\u00c7OK YAKINDA ANLAYACAKSIN KEND\u0130N\u0130N \u00d6ZEL OLDU\u011eUNU.\u0130NAN BANA, HEMEN ANLAYACAKSIN,HERKES\u0130N FARKLI OLDU\u011eUNU.VE HER FARKLILI\u011eIN B\u0130R ANLAMI OLDU\u011eUNU&#8230;KALB\u0130N\u0130N CESARETLE ATTI\u011eI AN,\u0130\u00c7\u0130NDEK\u0130 SES\u0130 D\u0130NLE&#8230;H\u0130SSEDECEKS\u0130N,SEN, SENS\u0130N.Ba\u015farmak i\u00e7in her\u015feye sahibiz. Ba\u015farabiliriz. Yeter ki biraz cesaretimiz olsun.T\u00fcm \u00e7ocuklar\u0131n okumas\u0131 gereken harika bir \u00f6yk\u00fc. <\/p>\n","protected":false},"excerpt":{"rendered":"<p>Bal Ar\u0131s\u0131 Tonton\u2019un \u00e7ok k\u00fc\u00e7\u00fck kanatlar\u0131 var. \u201cO k\u00fc\u00e7\u00fck kanatlar\u0131nla asla ama asla u\u00e7amayacaks\u0131n!\u201d diyorarkada\u015flar\u0131. Bal Ar\u0131s\u0131 Tonton\u2019un u\u00e7may\u0131 ba\u015farmak i\u00e7in tek bir \u015feye ihtiyac\u0131 var:<span class=\"excerpt-hellip\"> [\u2026]<\/span><\/p>\n","protected":false},"featured_media":0,"template":"","meta":{"_monsterinsights_skip_tracking":false,"_monsterinsights_sitenote_active":false,"_monsterinsights_sitenote_note":"","_monsterinsights_sitenote_category":0},"product_brand":[],"product_cat":[12274,15842],"product_tag":[],"class_list":{"0":"post-709533","1":"product","2":"type-product","3":"status-publish","5":"product_cat-cocuk-ve-genclik-kitaplari","6":"product_cat-egitici-kitaplar","7":"pa_cilt-ciltsiz","8":"pa_tur-kitap","9":"pa_yayinevi-1001-cicek-kitaplar","10":"pa_yazar-britta-sabbag","12":"first","13":"instock","14":"sale","15":"shipping-taxable","16":"purchasable","17":"product-type-simple"},"_links":{"self":[{"href":"https:\/\/roveyayinevi.com.tr\/index.php\/wp-json\/wp\/v2\/product\/709533","targetHints":{"allow":["GET"]}}],"collection":[{"href":"https:\/\/roveyayinevi.com.tr\/index.php\/wp-json\/wp\/v2\/product"}],"about":[{"href":"https:\/\/roveyayinevi.com.tr\/index.php\/wp-json\/wp\/v2\/types\/product"}],"wp:attachment":[{"href":"https:\/\/roveyayinevi.com.tr\/index.php\/wp-json\/wp\/v2\/media?parent=709533"}],"wp:term":[{"taxonomy":"product_brand","embeddable":true,"href":"https:\/\/roveyayinevi.com.tr\/index.php\/wp-json\/wp\/v2\/product_brand?post=709533"},{"taxonomy":"product_cat","embeddable":true,"href":"https:\/\/roveyayinevi.com.tr\/index.php\/wp-json\/wp\/v2\/product_cat?post=709533"},{"taxonomy":"product_tag","embeddable":true,"href":"https:\/\/roveyayinevi.com.tr\/index.php\/wp-json\/wp\/v2\/product_tag?post=709533"}],"curies":[{"name":"wp","href":"https:\/\/api.w.org\/{rel}","templated":true}]}}