{"id":709532,"date":"2025-08-27T16:26:12","date_gmt":"2025-08-27T13:26:12","guid":{"rendered":"https:\/\/roveyayinevi.com.tr\/index.php\/urun\/bal-arisi-tonton-mutlulugu-ariyor\/"},"modified":"2026-04-16T02:18:07","modified_gmt":"2026-04-15T23:18:07","slug":"bal-arisi-tonton-mutlulugu-ariyor","status":"publish","type":"product","link":"https:\/\/roveyayinevi.com.tr\/index.php\/urun\/bal-arisi-tonton-mutlulugu-ariyor\/","title":{"rendered":"Bal Ar\u0131s\u0131 Tonton Mutlulu\u011fu Ar\u0131yor"},"content":{"rendered":"<p>Bal Ar\u0131s\u0131 Tonton, mutlulu\u011fun nerede oldu\u011funu bilmiyor. Fakat mutlulu\u011fu aramak zorunda oldu\u011funu biliyor.D\u00fcnyay\u0131 dola\u015f\u0131p mutlulu\u011fu bulmal\u0131 Bal Ar\u0131s\u0131 Tonton. Bunun i\u00e7in cesareti var, haritas\u0131, pusulas\u0131 ve ball\u0131 ekmeklerivar&#8230;\u201cMUTLULUK, HERKES\u0130N KEND\u0130 \u0130\u00c7\u0130NDE ARAMASI GEREKENB\u0130R \u015eEYD\u0130R,\u201d DEM\u0130\u015eT\u0130 BABAM.OYSA BEN ONU DI\u015eARIDA ARADIM.D\u00dcNYAYI DOLA\u015eTIKTAN SONRA.MUTLULU\u011eUN EV\u0130MDE OLDU\u011eUNU ANLADIM.EV\u0130ME GER\u0130 D\u00d6N\u00dcYORUM,HERKES BEN\u0130 BEKL\u0130YOR, B\u0130L\u0130YORUM.EV\u0130ME D\u00d6N\u00dcYORUM.YEN\u0130DEN MUTLULU\u011eA D\u00d6N\u00dcYORUM.Kimi zaman arad\u0131\u011f\u0131m\u0131z\u0131 en yak\u0131n\u0131m\u0131zda buluruz. Ailen ve arkada\u015flar\u0131n neredeyse, mutluluk oradad\u0131r. T\u00fcm\u00e7ocuklar\u0131n okumas\u0131 gereken harika bir \u00f6yk\u00fc. <\/p>\n","protected":false},"excerpt":{"rendered":"<p>Bal Ar\u0131s\u0131 Tonton, mutlulu\u011fun nerede oldu\u011funu bilmiyor. Fakat mutlulu\u011fu aramak zorunda oldu\u011funu biliyor.D\u00fcnyay\u0131 dola\u015f\u0131p mutlulu\u011fu bulmal\u0131 Bal Ar\u0131s\u0131 Tonton. Bunun i\u00e7in cesareti var, haritas\u0131, pusulas\u0131 ve<span class=\"excerpt-hellip\"> [\u2026]<\/span><\/p>\n","protected":false},"featured_media":0,"template":"","meta":{"_monsterinsights_skip_tracking":false,"_monsterinsights_sitenote_active":false,"_monsterinsights_sitenote_note":"","_monsterinsights_sitenote_category":0},"product_brand":[],"product_cat":[12274,12284],"product_tag":[],"class_list":{"0":"post-709532","1":"product","2":"type-product","3":"status-publish","5":"product_cat-cocuk-ve-genclik-kitaplari","6":"product_cat-hikayeler","7":"pa_cilt-ciltsiz","8":"pa_tur-kitap","9":"pa_yayinevi-1001-cicek-kitaplar","10":"pa_yazar-britta-sabbag","12":"first","13":"instock","14":"sale","15":"shipping-taxable","16":"purchasable","17":"product-type-simple"},"_links":{"self":[{"href":"https:\/\/roveyayinevi.com.tr\/index.php\/wp-json\/wp\/v2\/product\/709532","targetHints":{"allow":["GET"]}}],"collection":[{"href":"https:\/\/roveyayinevi.com.tr\/index.php\/wp-json\/wp\/v2\/product"}],"about":[{"href":"https:\/\/roveyayinevi.com.tr\/index.php\/wp-json\/wp\/v2\/types\/product"}],"wp:attachment":[{"href":"https:\/\/roveyayinevi.com.tr\/index.php\/wp-json\/wp\/v2\/media?parent=709532"}],"wp:term":[{"taxonomy":"product_brand","embeddable":true,"href":"https:\/\/roveyayinevi.com.tr\/index.php\/wp-json\/wp\/v2\/product_brand?post=709532"},{"taxonomy":"product_cat","embeddable":true,"href":"https:\/\/roveyayinevi.com.tr\/index.php\/wp-json\/wp\/v2\/product_cat?post=709532"},{"taxonomy":"product_tag","embeddable":true,"href":"https:\/\/roveyayinevi.com.tr\/index.php\/wp-json\/wp\/v2\/product_tag?post=709532"}],"curies":[{"name":"wp","href":"https:\/\/api.w.org\/{rel}","templated":true}]}}