{"id":709530,"date":"2025-08-27T16:26:11","date_gmt":"2025-08-27T13:26:11","guid":{"rendered":"https:\/\/roveyayinevi.com.tr\/index.php\/urun\/dugumler\/"},"modified":"2025-12-30T10:07:40","modified_gmt":"2025-12-30T07:07:40","slug":"dugumler","status":"publish","type":"product","link":"https:\/\/roveyayinevi.com.tr\/index.php\/urun\/dugumler\/","title":{"rendered":"D\u00fc\u011f\u00fcmler"},"content":{"rendered":"<p>R. D. Laing\u2019in D\u00fc\u011f\u00fcmler\u2019i bir psikoloji kitab\u0131, yazar\u0131n\u0131 \u00fcnl\u00fc eden anti-psikiyatri yakla\u015f\u0131m\u0131yla yaz\u0131lm\u0131\u015f bir teorik \u00e7al\u0131\u015fma de\u011fil; bize dilin imk\u00e2ns\u0131zl\u0131\u011f\u0131n\u0131 g\u00f6steren bir oyun\/deneme. Dizeler bi\u00e7iminde yaz\u0131lm\u0131\u015f, ama uzun aforizmalar gibi ilerleyen, bir d\u00fcnya bak\u0131\u015f\u0131n\u0131 anlatan (ama anlatmayan), bir hayat anlay\u0131\u015f\u0131n\u0131 savunan (ama savunmayan) bir \u201cyol-yordam\u201d metnine benzer en \u00e7ok.\u201cKendime sayg\u0131 duymuyorum bana sayg\u0131 duyan birine sayg\u0131 duyamam. Ancak bana sayg\u0131 duymayan birine sayg\u0131 duyabilirim.Jack\u2019e sayg\u0131 duyuyorum \u00e7u\u0308nku\u0308 o bana sayg\u0131 duymuyor.Tom\u2019u a\u015fa\u011f\u0131l\u0131yorum \u00e7u\u0308nku\u0308 o beni a\u015fa\u011f\u0131lam\u0131yor.Ancak a\u015fa\u011f\u0131l\u0131k biri benim gibi a\u015fa\u011f\u0131l\u0131k birine sayg\u0131 duyabilir.A\u015fa\u011f\u0131lad\u0131\u011f\u0131m birini sevemem.Jack\u2019i sevdi\u011fime g\u00f6re onun beni sevdi\u011fine inanamam.Nas\u0131l kan\u0131tlayabilir ki?\u201d <\/p>\n","protected":false},"excerpt":{"rendered":"<p>R. D. Laing\u2019in D\u00fc\u011f\u00fcmler\u2019i bir psikoloji kitab\u0131, yazar\u0131n\u0131 \u00fcnl\u00fc eden anti-psikiyatri yakla\u015f\u0131m\u0131yla yaz\u0131lm\u0131\u015f bir teorik \u00e7al\u0131\u015fma de\u011fil; bize dilin imk\u00e2ns\u0131zl\u0131\u011f\u0131n\u0131 g\u00f6steren bir oyun\/deneme. Dizeler bi\u00e7iminde yaz\u0131lm\u0131\u015f,<span class=\"excerpt-hellip\"> [\u2026]<\/span><\/p>\n","protected":false},"featured_media":0,"template":"","meta":{"_monsterinsights_skip_tracking":false,"_monsterinsights_sitenote_active":false,"_monsterinsights_sitenote_note":"","_monsterinsights_sitenote_category":0},"product_brand":[],"product_cat":[13772,12364],"product_tag":[],"class_list":{"0":"post-709530","1":"product","2":"type-product","3":"status-publish","5":"product_cat-basvuru-kitaplari","6":"product_cat-genel-konular","7":"pa_cilt-ciltsiz","8":"pa_tur-kitap","9":"pa_yayinevi-metis-yayinlari","10":"pa_yazar-r-d-laing","12":"first","13":"instock","14":"sale","15":"shipping-taxable","16":"purchasable","17":"product-type-simple"},"_links":{"self":[{"href":"https:\/\/roveyayinevi.com.tr\/index.php\/wp-json\/wp\/v2\/product\/709530","targetHints":{"allow":["GET"]}}],"collection":[{"href":"https:\/\/roveyayinevi.com.tr\/index.php\/wp-json\/wp\/v2\/product"}],"about":[{"href":"https:\/\/roveyayinevi.com.tr\/index.php\/wp-json\/wp\/v2\/types\/product"}],"wp:attachment":[{"href":"https:\/\/roveyayinevi.com.tr\/index.php\/wp-json\/wp\/v2\/media?parent=709530"}],"wp:term":[{"taxonomy":"product_brand","embeddable":true,"href":"https:\/\/roveyayinevi.com.tr\/index.php\/wp-json\/wp\/v2\/product_brand?post=709530"},{"taxonomy":"product_cat","embeddable":true,"href":"https:\/\/roveyayinevi.com.tr\/index.php\/wp-json\/wp\/v2\/product_cat?post=709530"},{"taxonomy":"product_tag","embeddable":true,"href":"https:\/\/roveyayinevi.com.tr\/index.php\/wp-json\/wp\/v2\/product_tag?post=709530"}],"curies":[{"name":"wp","href":"https:\/\/api.w.org\/{rel}","templated":true}]}}