{"id":709528,"date":"2025-08-27T16:26:10","date_gmt":"2025-08-27T13:26:10","guid":{"rendered":"https:\/\/roveyayinevi.com.tr\/index.php\/urun\/freud-bana-masal-anlatsa\/"},"modified":"2026-04-16T02:18:07","modified_gmt":"2026-04-15T23:18:07","slug":"freud-bana-masal-anlatsa","status":"publish","type":"product","link":"https:\/\/roveyayinevi.com.tr\/index.php\/urun\/freud-bana-masal-anlatsa\/","title":{"rendered":"Freud Bana Masal Anlatsa"},"content":{"rendered":"<p>\u00c7o\u011fu zaman \u00e7ocu\u011fu oyalamak i\u00e7in ya da uyku \u00f6ncesi seremoninin bir par\u00e7as\u0131 olarak anlat\u0131lan peri masallar\u0131 sadece bir e\u011flence arac\u0131 m\u0131d\u0131r, yoksa \u00e7ocuk i\u00e7in daha derin bir anlam ifade ediyor olabilir mi? Yeti\u015fkinler taraf\u0131ndan pek fark edilemese de, bazen annesi, bazen babas\u0131, bazen de karde\u015fleri ile ilgili hissetti\u011fi olumsuz duygular, \u00e7ocu\u011fun hayat\u0131n\u0131 zaman zaman \u00e7ekilmez bir h\u00e2le getirir. \u00c7ocuk bu duygular\u0131 ne tam olarak anlayabilir ne de anlatabilir. \u201cBazen oynad\u0131\u011f\u0131 oyundaki bir karakterin naif bir c\u00fcmlesinde, bazen kabataslak \u00e7izdi\u011fi bir resim karesinde bu duygulara dair izler g\u00f6r\u00fclebilir.\u201d Peri masallar\u0131 \u00e7ocu\u011fa bu zor g\u00fcnlerin ge\u00e7ece\u011fini, t\u0131pk\u0131 az \u00f6nce dinledi\u011fi masaldaki Pamuk Prenses gibi, K\u0131rm\u0131z\u0131 Ba\u015fl\u0131kl\u0131 K\u0131z gibi, \u00e7ok k\u0131sa bir s\u00fcre sonra mutlu sona kavu\u015faca\u011f\u0131n\u0131 anlat\u0131r; gelece\u011fe dair umut verir. Freud Bana Masal Anlatsa peri masallar\u0131n\u0131n psikanalitik dinamikleri \u00fczerinden yola \u00e7\u0131karak, masallarda kar\u015f\u0131la\u015f\u0131lan \u015fiddet i\u00e7erikli unsurlar \u00e7ocu\u011fa okunmal\u0131 m\u0131d\u0131r, \u00e7ocu\u011fun s\u00fcrekli olarak ayn\u0131 masal\u0131 dinlemek istemesinin \u00f6zel bir anlam\u0131 var m\u0131d\u0131r, hangi ya\u015f grubundaki \u00e7ocu\u011fa hangi masallar okunmal\u0131d\u0131r gibi sorular\u0131 incelemektedir. Di\u011fer taraftan, edebiyat kuram\u0131nda Rus bi\u00e7imcileri olarak adland\u0131r\u0131lan grup ile ba\u011flant\u0131l\u0131 \u00f6nc\u00fc yazar Vladimir Propp\u2019un peri masallar\u0131n\u0131n formel \u00f6zellikleri konusunda geli\u015ftirdi\u011fi g\u00f6r\u00fc\u015fleri de dikkate al\u0131narak, peri masallar\u0131n\u0131n \u00f6dipal ve pre-\u00f6dipal konulara y\u00f6nelimleri ve bu anlamda s\u0131n\u0131fland\u0131r\u0131labilir olup olmad\u0131klar\u0131 da de\u011ferlendirilmektedir. Peri masallar\u0131n\u0131n, \u00e7ocuklar\u0131na etkilerini merak eden ebeveynlere, masal t\u00fcr\u00fcyle ilgilenen edebiyat\u00e7\u0131lara ve \u00e7ocuk geli\u015fimi ile ilgilenen uzmanlara hitap eden bu yenilik\u00e7i \u00e7al\u0131\u015fman\u0131n, literat\u00fcre \u00f6nemli bir katk\u0131 sa\u011flayaca\u011f\u0131 d\u00fc\u015f\u00fcn\u00fclmektedir. <\/p>\n","protected":false},"excerpt":{"rendered":"<p>\u00c7o\u011fu zaman \u00e7ocu\u011fu oyalamak i\u00e7in ya da uyku \u00f6ncesi seremoninin bir par\u00e7as\u0131 olarak anlat\u0131lan peri masallar\u0131 sadece bir e\u011flence arac\u0131 m\u0131d\u0131r, yoksa \u00e7ocuk i\u00e7in daha derin<span class=\"excerpt-hellip\"> [\u2026]<\/span><\/p>\n","protected":false},"featured_media":0,"template":"","meta":{"_monsterinsights_skip_tracking":false,"_monsterinsights_sitenote_active":false,"_monsterinsights_sitenote_note":"","_monsterinsights_sitenote_category":0},"product_brand":[],"product_cat":[13072,12291],"product_tag":[],"class_list":{"0":"post-709528","1":"product","2":"type-product","3":"status-publish","5":"product_cat-arastirma-inceleme-referans","6":"product_cat-edebiyat","7":"pa_cilt-ciltsiz","8":"pa_tur-kitap","9":"pa_yayinevi-bilge-kultur-sanat","10":"pa_yazar-aydin-parmaksiz","12":"first","13":"instock","14":"sale","15":"shipping-taxable","16":"purchasable","17":"product-type-simple"},"_links":{"self":[{"href":"https:\/\/roveyayinevi.com.tr\/index.php\/wp-json\/wp\/v2\/product\/709528","targetHints":{"allow":["GET"]}}],"collection":[{"href":"https:\/\/roveyayinevi.com.tr\/index.php\/wp-json\/wp\/v2\/product"}],"about":[{"href":"https:\/\/roveyayinevi.com.tr\/index.php\/wp-json\/wp\/v2\/types\/product"}],"wp:attachment":[{"href":"https:\/\/roveyayinevi.com.tr\/index.php\/wp-json\/wp\/v2\/media?parent=709528"}],"wp:term":[{"taxonomy":"product_brand","embeddable":true,"href":"https:\/\/roveyayinevi.com.tr\/index.php\/wp-json\/wp\/v2\/product_brand?post=709528"},{"taxonomy":"product_cat","embeddable":true,"href":"https:\/\/roveyayinevi.com.tr\/index.php\/wp-json\/wp\/v2\/product_cat?post=709528"},{"taxonomy":"product_tag","embeddable":true,"href":"https:\/\/roveyayinevi.com.tr\/index.php\/wp-json\/wp\/v2\/product_tag?post=709528"}],"curies":[{"name":"wp","href":"https:\/\/api.w.org\/{rel}","templated":true}]}}