{"id":709527,"date":"2025-08-27T16:26:10","date_gmt":"2025-08-27T13:26:10","guid":{"rendered":"https:\/\/roveyayinevi.com.tr\/index.php\/urun\/iki-cihan-devleti-arasinda-hz-muhammed-sas-ciltli\/"},"modified":"2026-04-16T02:18:07","modified_gmt":"2026-04-15T23:18:07","slug":"iki-cihan-devleti-arasinda-hz-muhammed-sas-ciltli","status":"publish","type":"product","link":"https:\/\/roveyayinevi.com.tr\/index.php\/urun\/iki-cihan-devleti-arasinda-hz-muhammed-sas-ciltli\/","title":{"rendered":"\u0130ki Cihan Devleti Aras\u0131nda Hz. Muhammed (sas.) (Ciltli)"},"content":{"rendered":"<p>Me\u015fhur \u0130ngiliz d\u00fc\u015f\u00fcn\u00fcr Thomas Caryle d\u00fcnya tarihine y\u00f6n veren kahramanlar \u00fczerine verdi\u011fi konferanslardan birinde Hz. Muhammed\u2019i \u201cKahraman Peygamber\u201d olarak ilan etmi\u015ftir. Konu\u015fma \u0130slam d\u00fcnyas\u0131nda geni\u015f yank\u0131 uyand\u0131rm\u0131\u015f ve Caryle bir s\u00fcre sonra Hz. Muhammed\u2019i Avrupa\u2019ya kar\u015f\u0131 savunan bir \u201ckahraman\u201d olarak M\u00fcsl\u00fcmanlar\u0131n g\u00f6nl\u00fcnde yerini alm\u0131\u015ft\u0131r. Oysa konferansta Hz. Muhammed ve \u0130slamiyet\u2019e kar\u015f\u0131 \u00f6nyarg\u0131l\u0131 h\u00fck\u00fcmler de g\u00f6ze \u00e7arpmaktad\u0131r.Bu eserde 19. y\u00fczy\u0131l \u0130ngiliz yazar\u0131 ve m\u00fcste\u015fr\u0131k\u0131n\u0131n \u0130slam ve Hz. Muhammed ile ilgili alg\u0131 ve iddialar\u0131n\u0131n Osmanl\u0131 ulemas\u0131 \u0130bnulemin Mahmud Esad taraf\u0131ndan ele al\u0131n\u0131\u015f\u0131, cevapland\u0131r\u0131l\u0131\u015f\u0131, onunla ittifak eden taraflar\u0131 ve ona itirazlar\u0131 yer almaktad\u0131r.<\/p>\n","protected":false},"excerpt":{"rendered":"<p>Me\u015fhur \u0130ngiliz d\u00fc\u015f\u00fcn\u00fcr Thomas Caryle d\u00fcnya tarihine y\u00f6n veren kahramanlar \u00fczerine verdi\u011fi konferanslardan birinde Hz. Muhammed\u2019i \u201cKahraman Peygamber\u201d olarak ilan etmi\u015ftir. Konu\u015fma \u0130slam d\u00fcnyas\u0131nda geni\u015f yank\u0131<span class=\"excerpt-hellip\"> [\u2026]<\/span><\/p>\n","protected":false},"featured_media":0,"template":"","meta":{"_monsterinsights_skip_tracking":false,"_monsterinsights_sitenote_active":false,"_monsterinsights_sitenote_note":"","_monsterinsights_sitenote_category":0},"product_brand":[],"product_cat":[12718,12719],"product_tag":[],"class_list":{"0":"post-709527","1":"product","2":"type-product","3":"status-publish","5":"product_cat-din","6":"product_cat-islam","7":"pa_cilt-ciltli","8":"pa_tur-kitap","9":"pa_yayinevi-otto-yayinlari","10":"pa_yazar-mahmud-esad-erkaya","12":"first","13":"instock","14":"sale","15":"shipping-taxable","16":"purchasable","17":"product-type-simple"},"_links":{"self":[{"href":"https:\/\/roveyayinevi.com.tr\/index.php\/wp-json\/wp\/v2\/product\/709527","targetHints":{"allow":["GET"]}}],"collection":[{"href":"https:\/\/roveyayinevi.com.tr\/index.php\/wp-json\/wp\/v2\/product"}],"about":[{"href":"https:\/\/roveyayinevi.com.tr\/index.php\/wp-json\/wp\/v2\/types\/product"}],"wp:attachment":[{"href":"https:\/\/roveyayinevi.com.tr\/index.php\/wp-json\/wp\/v2\/media?parent=709527"}],"wp:term":[{"taxonomy":"product_brand","embeddable":true,"href":"https:\/\/roveyayinevi.com.tr\/index.php\/wp-json\/wp\/v2\/product_brand?post=709527"},{"taxonomy":"product_cat","embeddable":true,"href":"https:\/\/roveyayinevi.com.tr\/index.php\/wp-json\/wp\/v2\/product_cat?post=709527"},{"taxonomy":"product_tag","embeddable":true,"href":"https:\/\/roveyayinevi.com.tr\/index.php\/wp-json\/wp\/v2\/product_tag?post=709527"}],"curies":[{"name":"wp","href":"https:\/\/api.w.org\/{rel}","templated":true}]}}