{"id":709525,"date":"2025-08-27T16:26:09","date_gmt":"2025-08-27T13:26:09","guid":{"rendered":"https:\/\/roveyayinevi.com.tr\/index.php\/urun\/barbaros-hayreddin\/"},"modified":"2026-04-16T02:18:07","modified_gmt":"2026-04-15T23:18:07","slug":"barbaros-hayreddin","status":"publish","type":"product","link":"https:\/\/roveyayinevi.com.tr\/index.php\/urun\/barbaros-hayreddin\/","title":{"rendered":"Barbaros Hayreddin"},"content":{"rendered":"<p>Deryalar\u0131n Fatihi Barbaros Hayrettin Pa\u015fa,m\u00fccadelesiyle ad\u0131n\u0131 tarihe alt\u0131n harflerle yazd\u0131rm\u0131\u015f bir \u015fahsiyettir.Karde\u015fi Oru\u00e7 Reis ile birlikte k\u00fc\u00e7\u00fck ya\u015fta denizle tan\u0131\u015fan Barbaros Hayrettin Pa\u015fa Akdeniz\u2019i Avrupal\u0131lara dar etmi\u015f ve Yavuz Sultan Selim taraf\u0131ndan Cezayir Beyler Beyli\u011fine atanm\u0131\u015ft\u0131r\u2026 Cesareti ve g\u00fc\u00e7l\u00fc duru\u015fuyla \u00f6n plana \u00e7\u0131kan Barbaros Hayrettin pa\u015fa,iyi bir hatip,c\u00f6mert bir insand\u0131r.Bir\u00e7ok \u015fiire konu olan Barbaros Hayrettin Pa\u015fa,Yahya Kemal Beyatl\u0131 taraf\u0131ndan \u015fu dizelerle yad edilmi\u015ftir:Deniz ufkunda bu top sesleri nerden geliyor?Barbaros, belki, donanmayla seferden geliyor!Adalar`dan m\u0131? Tunus`dan m\u0131, Cezayir`den m\u0131?H\u00fcr ufuklarda donanm\u0131\u015f iki y\u00fcz pare gemiYeni do\u011fmu\u015f aya bakt\u0131klar\u0131 yerden geliyor;O m\u00fcbarek gemiler hangi seherden geliyor?Kaptan-\u0131 Derya Barbaros Hayrettin Pa\u015fa sadece ismiyle bile d\u00fc\u015fmanlara korku salm\u0131\u015f, mazlumlar\u0131 sevindirmi\u015ftir. Bu b\u00fcy\u00fck \u015fahsiyetin manevi varl\u0131\u011f\u0131ndan gen\u00e7lerimizin ilham almas\u0131n\u0131 ve yar\u0131nlara sa\u011flam ad\u0131mlarla y\u00fcr\u00fcmesini diliyoruz. Elinizdeki bu kitap, \u00e7ocuklu\u011fundan son zamanlar\u0131na kadar hayat\u0131 m\u00fccadele ve zaferlerle ge\u00e7en bir \u015fahsiyetin nas\u0131l yeti\u015fti\u011fini, hayat\u0131nda ne t\u00fcr g\u00fc\u00e7l\u00fcklerle m\u00fccadele etti\u011fini,\u00e7al\u0131\u015farak nas\u0131l zaferler kazand\u0131\u011f\u0131n\u0131 anlat\u0131yor.Bizler ondan yenilgiye yenilmemeyi,azmin sonunda ba\u015far\u0131n\u0131n gizli oldu\u011funu,inanarak \u00e7al\u0131\u015fan insan\u0131n neler yapailece\u011fini \u00f6\u011frenebiliyoruz.Gen\u00e7lerimize ilham kayna\u011f\u0131 ve \u00f6rneklik te\u015fkil eden Barbaros Hayrettin Pa\u015fa\u2019n\u0131n hayat\u0131n\u0131 roman tad\u0131nda ele alan bu kitap,sizi gizemli bir misafirli\u011fe \u00e7a\u011f\u0131r\u0131yor.\u0130yi okumalar\u2026 <\/p>\n","protected":false},"excerpt":{"rendered":"<p>Deryalar\u0131n Fatihi Barbaros Hayrettin Pa\u015fa,m\u00fccadelesiyle ad\u0131n\u0131 tarihe alt\u0131n harflerle yazd\u0131rm\u0131\u015f bir \u015fahsiyettir.Karde\u015fi Oru\u00e7 Reis ile birlikte k\u00fc\u00e7\u00fck ya\u015fta denizle tan\u0131\u015fan Barbaros Hayrettin Pa\u015fa Akdeniz\u2019i Avrupal\u0131lara dar<span class=\"excerpt-hellip\"> [\u2026]<\/span><\/p>\n","protected":false},"featured_media":0,"template":"","meta":{"_monsterinsights_skip_tracking":false,"_monsterinsights_sitenote_active":false,"_monsterinsights_sitenote_note":"","_monsterinsights_sitenote_category":0},"product_brand":[],"product_cat":[12291,12745],"product_tag":[],"class_list":{"0":"post-709525","1":"product","2":"type-product","3":"status-publish","5":"product_cat-edebiyat","6":"product_cat-tarihi-roman","7":"pa_cilt-ciltsiz","8":"pa_tur-kitap","9":"pa_yayinevi-cinaralti-yayinlari","10":"pa_yazar-aziz-erdogan","12":"first","13":"instock","14":"sale","15":"shipping-taxable","16":"purchasable","17":"product-type-simple"},"_links":{"self":[{"href":"https:\/\/roveyayinevi.com.tr\/index.php\/wp-json\/wp\/v2\/product\/709525","targetHints":{"allow":["GET"]}}],"collection":[{"href":"https:\/\/roveyayinevi.com.tr\/index.php\/wp-json\/wp\/v2\/product"}],"about":[{"href":"https:\/\/roveyayinevi.com.tr\/index.php\/wp-json\/wp\/v2\/types\/product"}],"wp:attachment":[{"href":"https:\/\/roveyayinevi.com.tr\/index.php\/wp-json\/wp\/v2\/media?parent=709525"}],"wp:term":[{"taxonomy":"product_brand","embeddable":true,"href":"https:\/\/roveyayinevi.com.tr\/index.php\/wp-json\/wp\/v2\/product_brand?post=709525"},{"taxonomy":"product_cat","embeddable":true,"href":"https:\/\/roveyayinevi.com.tr\/index.php\/wp-json\/wp\/v2\/product_cat?post=709525"},{"taxonomy":"product_tag","embeddable":true,"href":"https:\/\/roveyayinevi.com.tr\/index.php\/wp-json\/wp\/v2\/product_tag?post=709525"}],"curies":[{"name":"wp","href":"https:\/\/api.w.org\/{rel}","templated":true}]}}