{"id":709524,"date":"2025-08-27T16:26:08","date_gmt":"2025-08-27T13:26:08","guid":{"rendered":"https:\/\/roveyayinevi.com.tr\/index.php\/urun\/kolici-bir-seri-katilin-hikayesi\/"},"modified":"2025-11-22T04:12:57","modified_gmt":"2025-11-22T01:12:57","slug":"kolici-bir-seri-katilin-hikayesi","status":"publish","type":"product","link":"https:\/\/roveyayinevi.com.tr\/index.php\/urun\/kolici-bir-seri-katilin-hikayesi\/","title":{"rendered":"Kolici &#8211; Bir Seri Katilin Hikayesi"},"content":{"rendered":"<p>Bir seri katilin anlatt\u0131klar\u0131n\u0131n insan\u0131 deh\u015fete d\u00fc\u015f\u00fcrmesininen temel nedeni, kurbanlar\u0131n\u0131n hi\u00e7 beklenmedik anda y\u00fcz-le\u015ftikleri \u00e7aresizlik duygusuydu.Hayatlar\u0131n\u0131n tehlikede oldu-\u011funu bilemeden katilin evine kendi ayaklar\u0131yla gittikleri i\u00e7insavunmas\u0131z belki de ikramda bulunan\u0131n Azrail oldu\u011fundanhabersiz olduklar\u0131 i\u00e7in g\u00fc\u00e7s\u00fcz ve katilelriyle hi\u00e7bir d\u00fc\u015fman-l\u0131klar\u0131 olmad\u0131\u011f\u0131 i\u00e7in haz\u0131rl\u0131ks\u0131zd\u0131lar.Cevap buydu i\u015fte !Seri katiller, insana \u00e7aresizlik duygusu ya-sat\u0131yorlard\u0131 ; \u00e7\u00fcnk\u00fc hepimiz, i\u00e7imizden herhengi biri, sadecesa\u00e7\u0131n\u0131n rengi k\u0131z\u0131l diye ya da katilin nefret etti\u011fi bir \u00f6zelli\u011fesahibiz diye kurbanlardan biri olabilirdik.T\u00fcrk Seri Katiller\u2019in yazar\u0131 Sevin\u00e7 Yavuz\u2019dan, \u2018\u2019kolici katil\u2019\u2019 Or-han Aksoy \u00fczerine \u00e7arp\u0131c\u0131 bir \u00e7al\u0131\u015fma\u2026Yavuz, 17 y\u0131l aradan sonra okurlarla yeniden bulu\u015fan Kolici :BirSeri Katilin Hikayesi\u2019nde, Aksoy\u2019un yan\u0131 s\u0131ra Seyit Ahmet De-mirci ve Hamdi Kayap\u0131nar adl\u0131 seri katilleri de incelerken, sericinayetlerin d\u00fcnyada ve T\u00fcrkiye\u2019deki tarihine de g\u00f6z at\u0131yor. <\/p>\n","protected":false},"excerpt":{"rendered":"<p>Bir seri katilin anlatt\u0131klar\u0131n\u0131n insan\u0131 deh\u015fete d\u00fc\u015f\u00fcrmesininen temel nedeni, kurbanlar\u0131n\u0131n hi\u00e7 beklenmedik anda y\u00fcz-le\u015ftikleri \u00e7aresizlik duygusuydu.Hayatlar\u0131n\u0131n tehlikede oldu-\u011funu bilemeden katilin evine kendi ayaklar\u0131yla gittikleri i\u00e7insavunmas\u0131z belki<span class=\"excerpt-hellip\"> [\u2026]<\/span><\/p>\n","protected":false},"featured_media":0,"template":"","meta":{"_monsterinsights_skip_tracking":false,"_monsterinsights_sitenote_active":false,"_monsterinsights_sitenote_note":"","_monsterinsights_sitenote_category":0},"product_brand":[],"product_cat":[12291,12711],"product_tag":[],"class_list":{"0":"post-709524","1":"product","2":"type-product","3":"status-publish","5":"product_cat-edebiyat","6":"product_cat-roman-oyku","7":"pa_cilt-ciltsiz","8":"pa_tur-kitap","9":"pa_yayinevi-profil-kitap","10":"pa_yazar-sevinc-yavuz","12":"first","13":"instock","14":"sale","15":"shipping-taxable","16":"purchasable","17":"product-type-simple"},"_links":{"self":[{"href":"https:\/\/roveyayinevi.com.tr\/index.php\/wp-json\/wp\/v2\/product\/709524","targetHints":{"allow":["GET"]}}],"collection":[{"href":"https:\/\/roveyayinevi.com.tr\/index.php\/wp-json\/wp\/v2\/product"}],"about":[{"href":"https:\/\/roveyayinevi.com.tr\/index.php\/wp-json\/wp\/v2\/types\/product"}],"wp:attachment":[{"href":"https:\/\/roveyayinevi.com.tr\/index.php\/wp-json\/wp\/v2\/media?parent=709524"}],"wp:term":[{"taxonomy":"product_brand","embeddable":true,"href":"https:\/\/roveyayinevi.com.tr\/index.php\/wp-json\/wp\/v2\/product_brand?post=709524"},{"taxonomy":"product_cat","embeddable":true,"href":"https:\/\/roveyayinevi.com.tr\/index.php\/wp-json\/wp\/v2\/product_cat?post=709524"},{"taxonomy":"product_tag","embeddable":true,"href":"https:\/\/roveyayinevi.com.tr\/index.php\/wp-json\/wp\/v2\/product_tag?post=709524"}],"curies":[{"name":"wp","href":"https:\/\/api.w.org\/{rel}","templated":true}]}}