{"id":709523,"date":"2025-08-27T16:26:08","date_gmt":"2025-08-27T13:26:08","guid":{"rendered":"https:\/\/roveyayinevi.com.tr\/index.php\/urun\/hortlaklar-gecidi\/"},"modified":"2026-04-16T02:18:07","modified_gmt":"2026-04-15T23:18:07","slug":"hortlaklar-gecidi","status":"publish","type":"product","link":"https:\/\/roveyayinevi.com.tr\/index.php\/urun\/hortlaklar-gecidi\/","title":{"rendered":"Hortlaklar Ge\u00e7idi"},"content":{"rendered":"<p>Doksan dokuz ki\u015fiyiz. Y\u00fcz oldu\u011fumuzda, bir daha buradan kurtulamayaca\u011f\u0131z.\u201d Vampirleri \u00e2\u015f\u0131k olunacak m\u00fcthi\u015f varl\u0131klar, kurt adamlar\u0131 insano\u011flu i\u00e7in hayatlar\u0131n\u0131 tehlikeye atan ola\u011fan\u00fcst\u00fc koruyucular olarak m\u0131 g\u00f6r\u00fcyorsun? Oldu olacak yolda g\u00f6rd\u00fc\u011f\u00fcn afili bir zombiyi evine kahve i\u00e7meye davet et de her \u015fey tamam olsun! Olamaz, yoksa onu da m\u0131 yapt\u0131n!?.. Gecenin k\u00f6r karanl\u0131\u011f\u0131n\u0131 b\u00f6len korkun\u00e7 bir k\u00e2bus, gagas\u0131nda bro\u015fla pencerede beliren bir karga, aniden ortaya \u00e7\u0131kan esrarengiz bir akraba ve kazadan MUC\u0130ZE eseri kurtulan bir kedi\u2026   On be\u015f ya\u015f\u0131ndaki Anda\u00e7\u2019\u0131n, s\u0131k\u0131c\u0131 dersler ve ilk gen\u00e7lik sanc\u0131lar\u0131yla ak\u0131p giden tekd\u00fcze ya\u015fam\u0131, anne ve babas\u0131n\u0131n ald\u0131klar\u0131 \u00e2ni bir seyahat karar\u0131yla alt\u00fcst olur. Do\u011fdu\u011fu g\u00fcnden bu yana Korkun\u00e7 Kan\u0131kor ad\u0131ndaki amcas\u0131n\u0131n varl\u0131\u011f\u0131ndan bile haberi olmayan gen\u00e7 k\u0131z, neden bir s\u00fcreli\u011fine onun yan\u0131na ta\u015f\u0131nmas\u0131 gerekti\u011fine bir t\u00fcrl\u00fc anlam verememektedir. Annesiyle babas\u0131 ger\u00e7ekten onu b\u0131rak\u0131p gidecekler midir? Evlerinin \u00fcst\u00fcne \u00e7\u00f6ken korku bulutunun sebebi nedir? Gidece\u011fi yerden bir daha geri d\u00f6nebilecek midir?..   Anda\u00e7, amcas\u0131n\u0131n Kanakar K\u00f6y\u00fc\u2019ndeki evine ad\u0131m atar atmaz, art\u0131k hi\u00e7bir \u015feyin eskisi gibi olmayaca\u011f\u0131na emindir. Kar\u015f\u0131la\u015ft\u0131\u011f\u0131 deh\u015fetengiz olaylar ge\u00e7 olmadan ger\u00e7ekleri kula\u011f\u0131na f\u0131s\u0131ldar: ya Hortlaklar Ge\u00e7idi\u2019ni \u00f6zg\u00fcrl\u00fc\u011f\u00fcne kavu\u015fturacak ya da sonsuza dek bulundu\u011fu yerden \u00e7\u0131kamayacakt\u0131r.   Hortlaklar Ge\u00e7idi isimli kitab\u0131yla, okurlar\u0131n\u0131, korku dolu bir hortlaklar resmige\u00e7idine \u00e7\u0131karan Hanzade Servi, Kanakar K\u00f6y\u00fc\u2019n\u00fc etkisi alt\u0131na alan gizemli olaylar\u0131 \u015fiirsel bir dille resmediyor.  Polonyal\u0131 ill\u00fcstrat\u00f6r Maria Brzozowska\u2019n\u0131n ola\u011fan\u00fcst\u00fc \u00e7izimleriyle bezeli bu etkileyici ilk gen\u00e7lik roman\u0131, mutluluk, h\u00fcz\u00fcn, \u00fcrperti gibi farkl\u0131 duygular\u0131 bir arada hissettirmeyi ba\u015fararak kitapseverlerin dima\u011f\u0131nda benzersiz bir tat b\u0131rak\u0131yor.  Unutma, hortlaklar balosu sabaha kadar s\u00fcrecek ve bu gece i\u00e7lerinden biri, seni dansa davet edecek!.. <\/p>\n","protected":false},"excerpt":{"rendered":"<p>Doksan dokuz ki\u015fiyiz. Y\u00fcz oldu\u011fumuzda, bir daha buradan kurtulamayaca\u011f\u0131z.\u201d Vampirleri \u00e2\u015f\u0131k olunacak m\u00fcthi\u015f varl\u0131klar, kurt adamlar\u0131 insano\u011flu i\u00e7in hayatlar\u0131n\u0131 tehlikeye atan ola\u011fan\u00fcst\u00fc koruyucular olarak m\u0131 g\u00f6r\u00fcyorsun?<span class=\"excerpt-hellip\"> [\u2026]<\/span><\/p>\n","protected":false},"featured_media":0,"template":"","meta":{"_monsterinsights_skip_tracking":false,"_monsterinsights_sitenote_active":false,"_monsterinsights_sitenote_note":"","_monsterinsights_sitenote_category":0},"product_brand":[],"product_cat":[12291,15117],"product_tag":[],"class_list":{"0":"post-709523","1":"product","2":"type-product","3":"status-publish","5":"product_cat-edebiyat","6":"product_cat-genclik-edebiyati","7":"pa_cilt-ciltsiz","8":"pa_tur-kitap","9":"pa_yayinevi-tudem-yayinlari","10":"pa_yazar-hanzade-servi","12":"first","13":"instock","14":"sale","15":"shipping-taxable","16":"purchasable","17":"product-type-simple"},"_links":{"self":[{"href":"https:\/\/roveyayinevi.com.tr\/index.php\/wp-json\/wp\/v2\/product\/709523","targetHints":{"allow":["GET"]}}],"collection":[{"href":"https:\/\/roveyayinevi.com.tr\/index.php\/wp-json\/wp\/v2\/product"}],"about":[{"href":"https:\/\/roveyayinevi.com.tr\/index.php\/wp-json\/wp\/v2\/types\/product"}],"wp:attachment":[{"href":"https:\/\/roveyayinevi.com.tr\/index.php\/wp-json\/wp\/v2\/media?parent=709523"}],"wp:term":[{"taxonomy":"product_brand","embeddable":true,"href":"https:\/\/roveyayinevi.com.tr\/index.php\/wp-json\/wp\/v2\/product_brand?post=709523"},{"taxonomy":"product_cat","embeddable":true,"href":"https:\/\/roveyayinevi.com.tr\/index.php\/wp-json\/wp\/v2\/product_cat?post=709523"},{"taxonomy":"product_tag","embeddable":true,"href":"https:\/\/roveyayinevi.com.tr\/index.php\/wp-json\/wp\/v2\/product_tag?post=709523"}],"curies":[{"name":"wp","href":"https:\/\/api.w.org\/{rel}","templated":true}]}}