{"id":709521,"date":"2025-08-27T16:26:07","date_gmt":"2025-08-27T13:26:07","guid":{"rendered":"https:\/\/roveyayinevi.com.tr\/index.php\/urun\/muhtesem-gatsby-6\/"},"modified":"2026-04-16T02:18:07","modified_gmt":"2026-04-15T23:18:07","slug":"muhtesem-gatsby-6","status":"publish","type":"product","link":"https:\/\/roveyayinevi.com.tr\/index.php\/urun\/muhtesem-gatsby-6\/","title":{"rendered":"Muhte\u015fem Gatsby"},"content":{"rendered":"<p>Muhte\u015fem Gatsby hi\u00e7 \u015f\u00fcphesiz en b\u00fcy\u00fck Amerikan romanlar\u0131ndan biri. Ama s\u0131rf Scott Fitzgerald 1920\u2019li y\u0131llara tan\u0131kl\u0131k eden \u00f6yk\u00fcs\u00fcn\u00fc lirik bir dille anlatt\u0131\u011f\u0131 i\u00e7in de-\u011fil. Ya da okuyucuyu renklerin ince ayr\u0131nt\u0131lar\u0131nda, s\u00f6zc\u00fcklerin m\u00fczikal ini\u015f \u00e7\u0131k\u0131\u015fla-r\u0131nda bir labirentteymi\u015f\u00e7esine dola\u015ft\u0131rd\u0131\u011f\u0131 i\u00e7in de de\u011fil. Fitzgerald tarihin \u00f6nemli bir d\u00f6nemine \u0131\u015f\u0131k tutar: Amerika\u2019da yeni, tuhaf bir d\u00f6nemin ya\u015fand\u0131\u011f\u0131 1920\u2019li y\u0131llara. Yitik Ku\u015fa\u011f\u0131n d\u00f6nemidir bu. I. D\u00fcnya Sava\u015f\u0131\u2019n\u0131n yaratt\u0131\u011f\u0131 y\u0131k\u0131c\u0131 etkinin damga vur-du\u011fu Yitik Ku\u015fa\u011f\u0131n trajedisidir. Ama bir taraftan, yayg\u0131n bir d\u00fc\u015f k\u0131r\u0131kl\u0131\u011f\u0131 ya\u015fansa da, bir taraftan da bir umut ve co\u015fku h\u00e2kimdir. \u0130nsanlar\u0131n ge\u00e7mi\u015fi y\u0131k\u0131p, d\u00fcnyay\u0131 yeni-den, \u00e7ok daha iyi bir \u015fekilde kurabileceklerine inanmaya haz\u0131r olduklar\u0131 bir d\u00f6nemdir. Nitekim Fitzgerald sonradan bu \u201ctrajik\u201d y\u0131llar\u0131 \u201cromantik bir \u015fevk\u201d d\u00f6nemi olarak tan\u0131mlayacakt\u0131r. Fitzgerald i\u015fte b\u00f6yle bir d\u00f6nemde yaratt\u0131 Gatsby\u2019yi. Sava\u015ftan d\u00f6n-d\u00fc\u011f\u00fcnde elinde sadece d\u00fc\u015f k\u0131r\u0131kl\u0131klar\u0131 ve d\u00fc\u015fleri olan, Amerikan r\u00fcyas\u0131n\u0131n umutlar\u0131y-la dolu, Orta Bat\u0131l\u0131, saf biri Gatsby \u00f6z\u00fcnde. T\u0131pk\u0131 Amerika\u2019y\u0131 b\u00fcy\u00fck umutlarla ke\u015ffe-denlerin hayallerini ve co\u015fkusunu and\u0131r\u0131rcas\u0131na hep eri\u015filmez olan\u0131n pe\u015finde. Onu muhte\u015fem k\u0131lan da bu belki, ya\u015fad\u0131\u011f\u0131 d\u00fc\u015f k\u0131r\u0131kl\u0131klar\u0131n\u0131 hep yeni hayallerle dengeliyor ve asla pes etmiyor&#8230; <\/p>\n","protected":false},"excerpt":{"rendered":"<p>Muhte\u015fem Gatsby hi\u00e7 \u015f\u00fcphesiz en b\u00fcy\u00fck Amerikan romanlar\u0131ndan biri. Ama s\u0131rf Scott Fitzgerald 1920\u2019li y\u0131llara tan\u0131kl\u0131k eden \u00f6yk\u00fcs\u00fcn\u00fc lirik bir dille anlatt\u0131\u011f\u0131 i\u00e7in de-\u011fil. Ya da<span class=\"excerpt-hellip\"> [\u2026]<\/span><\/p>\n","protected":false},"featured_media":0,"template":"","meta":{"_monsterinsights_skip_tracking":false,"_monsterinsights_sitenote_active":false,"_monsterinsights_sitenote_note":"","_monsterinsights_sitenote_category":0},"product_brand":[],"product_cat":[12291,12711],"product_tag":[],"class_list":{"0":"post-709521","1":"product","2":"type-product","3":"status-publish","5":"product_cat-edebiyat","6":"product_cat-roman-oyku","7":"pa_cilt-ciltsiz","8":"pa_tur-kitap","9":"pa_yayinevi-dogu-bati-yayinlari","10":"pa_yazar-f-scott-fitzgerald","12":"first","13":"instock","14":"sale","15":"shipping-taxable","16":"purchasable","17":"product-type-simple"},"_links":{"self":[{"href":"https:\/\/roveyayinevi.com.tr\/index.php\/wp-json\/wp\/v2\/product\/709521","targetHints":{"allow":["GET"]}}],"collection":[{"href":"https:\/\/roveyayinevi.com.tr\/index.php\/wp-json\/wp\/v2\/product"}],"about":[{"href":"https:\/\/roveyayinevi.com.tr\/index.php\/wp-json\/wp\/v2\/types\/product"}],"wp:attachment":[{"href":"https:\/\/roveyayinevi.com.tr\/index.php\/wp-json\/wp\/v2\/media?parent=709521"}],"wp:term":[{"taxonomy":"product_brand","embeddable":true,"href":"https:\/\/roveyayinevi.com.tr\/index.php\/wp-json\/wp\/v2\/product_brand?post=709521"},{"taxonomy":"product_cat","embeddable":true,"href":"https:\/\/roveyayinevi.com.tr\/index.php\/wp-json\/wp\/v2\/product_cat?post=709521"},{"taxonomy":"product_tag","embeddable":true,"href":"https:\/\/roveyayinevi.com.tr\/index.php\/wp-json\/wp\/v2\/product_tag?post=709521"}],"curies":[{"name":"wp","href":"https:\/\/api.w.org\/{rel}","templated":true}]}}