{"id":709519,"date":"2025-08-27T16:26:05","date_gmt":"2025-08-27T13:26:05","guid":{"rendered":"https:\/\/roveyayinevi.com.tr\/index.php\/urun\/alimin-dus-gemisi\/"},"modified":"2026-04-16T02:18:07","modified_gmt":"2026-04-15T23:18:07","slug":"alimin-dus-gemisi","status":"publish","type":"product","link":"https:\/\/roveyayinevi.com.tr\/index.php\/urun\/alimin-dus-gemisi\/","title":{"rendered":"Alim&#8217;in D\u00fc\u015f Gemisi"},"content":{"rendered":"<p>Alim, babas\u0131 kaptan olan bir \u00e7ocuktur.  Sefere \u00e7\u0131kt\u0131\u011f\u0131nda babas\u0131n\u0131 \u00e7ok \u00f6zleyen Alim,  d\u00fc\u015flerinde babas\u0131na ula\u015fmak i\u00e7in g\u00f6vdesi bal\u0131k k\u0131l\u00e7\u0131\u011f\u0131ndan,  yelkeni ku\u015f t\u00fcy\u00fcnden, d\u00fcmeni \u00e7\u0131nar yapra\u011f\u0131ndan,  \u00e7apas\u0131 pamuktan yap\u0131lm\u0131\u015f gemisiyle okyanusa a\u00e7\u0131l\u0131r. Korsanlar ve deniz canavarlar\u0131yla kar\u015f\u0131la\u015f\u0131r.  Dostlar\u0131 Yedi U\u00e7arlar\u2019\u0131n yard\u0131m\u0131 ve kahraman y\u00fcre\u011fiyle at\u0131ld\u0131\u011f\u0131 Alim\u2019in  bu g\u00f6rkemli ser\u00fcvenine siz de co\u015fkuyla kat\u0131lacaks\u0131n\u0131z. Serap Deliorman\u2019\u0131n b\u00fcy\u00fcl\u00fc \u00e7izgileriyle b\u00fct\u00fcnle\u015fen masals\u0131 \u00f6yk\u00fc,  sizleri hi\u00e7 tatmad\u0131\u011f\u0131n\u0131z heyecanlara s\u00fcr\u00fckleyecek. <\/p>\n","protected":false},"excerpt":{"rendered":"<p>Alim, babas\u0131 kaptan olan bir \u00e7ocuktur. Sefere \u00e7\u0131kt\u0131\u011f\u0131nda babas\u0131n\u0131 \u00e7ok \u00f6zleyen Alim, d\u00fc\u015flerinde babas\u0131na ula\u015fmak i\u00e7in g\u00f6vdesi bal\u0131k k\u0131l\u00e7\u0131\u011f\u0131ndan, yelkeni ku\u015f t\u00fcy\u00fcnden, d\u00fcmeni \u00e7\u0131nar yapra\u011f\u0131ndan, \u00e7apas\u0131<span class=\"excerpt-hellip\"> [\u2026]<\/span><\/p>\n","protected":false},"featured_media":0,"template":"","meta":{"_monsterinsights_skip_tracking":false,"_monsterinsights_sitenote_active":false,"_monsterinsights_sitenote_note":"","_monsterinsights_sitenote_category":0},"product_brand":[],"product_cat":[12274,12284],"product_tag":[],"class_list":{"0":"post-709519","1":"product","2":"type-product","3":"status-publish","5":"product_cat-cocuk-ve-genclik-kitaplari","6":"product_cat-hikayeler","7":"pa_cilt-ciltsiz","8":"pa_tur-kitap","9":"pa_yayinevi-dusizi","10":"pa_yazar-berna-kayra-mutlu","12":"first","13":"instock","14":"sale","15":"shipping-taxable","16":"purchasable","17":"product-type-simple"},"_links":{"self":[{"href":"https:\/\/roveyayinevi.com.tr\/index.php\/wp-json\/wp\/v2\/product\/709519","targetHints":{"allow":["GET"]}}],"collection":[{"href":"https:\/\/roveyayinevi.com.tr\/index.php\/wp-json\/wp\/v2\/product"}],"about":[{"href":"https:\/\/roveyayinevi.com.tr\/index.php\/wp-json\/wp\/v2\/types\/product"}],"wp:attachment":[{"href":"https:\/\/roveyayinevi.com.tr\/index.php\/wp-json\/wp\/v2\/media?parent=709519"}],"wp:term":[{"taxonomy":"product_brand","embeddable":true,"href":"https:\/\/roveyayinevi.com.tr\/index.php\/wp-json\/wp\/v2\/product_brand?post=709519"},{"taxonomy":"product_cat","embeddable":true,"href":"https:\/\/roveyayinevi.com.tr\/index.php\/wp-json\/wp\/v2\/product_cat?post=709519"},{"taxonomy":"product_tag","embeddable":true,"href":"https:\/\/roveyayinevi.com.tr\/index.php\/wp-json\/wp\/v2\/product_tag?post=709519"}],"curies":[{"name":"wp","href":"https:\/\/api.w.org\/{rel}","templated":true}]}}