{"id":709518,"date":"2025-08-27T16:26:05","date_gmt":"2025-08-27T13:26:05","guid":{"rendered":"https:\/\/roveyayinevi.com.tr\/index.php\/urun\/sosyalizmde-egitim-kuba\/"},"modified":"2026-04-16T02:18:07","modified_gmt":"2026-04-15T23:18:07","slug":"sosyalizmde-egitim-kuba","status":"publish","type":"product","link":"https:\/\/roveyayinevi.com.tr\/index.php\/urun\/sosyalizmde-egitim-kuba\/","title":{"rendered":"Sosyalizmde E\u011fitim-K\u00fcba"},"content":{"rendered":"<p>T\u00fcrkiye\u2019den K\u00fcba\u2019ya herhalde imrenerek bak\u0131labilir. Elbette bu k\u00fc\u00e7\u00fck ve T\u00fcrkiye\u2019ye g\u00f6re olduk\u00e7a fakir say\u0131labilecek \u00fclkeye T\u00fcrkiye\u2019den imrenerek bak\u0131labilece\u011fini s\u00f6ylemek biraz \u00e7eli\u015fkili g\u00f6r\u00fclebilir. Ancak ger\u00e7ek \u015fu ki, T\u00fcrkiye onca zenginli\u011fine ra\u011fmen halk\u0131n\u0131 genel olarak ortalama bir refah d\u00fczeyinde ya\u015fatamamas\u0131na kar\u015f\u0131n K\u00fcba t\u00fcm yoksullu\u011funa, kapitalist d\u00fcnyan\u0131n kendisine kar\u015f\u0131 duydu\u011fu nefrete ve bu nefretin do\u011furdu\u011fu ekonomik ambargolara ve ideolojik bombard\u0131mana ra\u011fmen devrimden bu yana halk\u0131n\u0131n refah d\u00fczeyini, e\u011fitim d\u00fczeyini, ya\u015fam kalitesini ve s\u00fcresini bir b\u00fct\u00fcn olarak y\u00fckseltmeyi ba\u015farm\u0131\u015f bir \u00fclke. Hatta sa\u011fl\u0131k konusunda, bilimsel ilerleme konusunda, g\u00fczel sanatlar\u0131n te\u015fviki konusunda, insanlar\u0131n dinlenme ve e\u011flenme haklar\u0131 konusunda ve bunlar\u0131n halk geneline yay\u0131lmas\u0131 konusunda T\u00fcrkiye\u2019yi hayli geride b\u0131rakm\u0131\u015f durumda.Celil Denkta\u015f, bu kitab\u0131nda K\u00fcba\u2019daki e\u011fitim sistemini merkeze alarak, ama sadece e\u011fitim mefhumunu de\u011fil, sa\u011fl\u0131k, politika, politik kat\u0131l\u0131m, kad\u0131nlar\u0131n g\u00fcndelik ve politik varolu\u015flar\u0131 gibi \u00e7ok say\u0131da alt ba\u015fl\u0131\u011f\u0131 da incelemesine dahil ederek, sosyalist bir \u00fclkenin panoramas\u0131n\u0131 \u00e7\u0131kar\u0131yor&#8230; <\/p>\n","protected":false},"excerpt":{"rendered":"<p>T\u00fcrkiye\u2019den K\u00fcba\u2019ya herhalde imrenerek bak\u0131labilir. Elbette bu k\u00fc\u00e7\u00fck ve T\u00fcrkiye\u2019ye g\u00f6re olduk\u00e7a fakir say\u0131labilecek \u00fclkeye T\u00fcrkiye\u2019den imrenerek bak\u0131labilece\u011fini s\u00f6ylemek biraz \u00e7eli\u015fkili g\u00f6r\u00fclebilir. Ancak ger\u00e7ek \u015fu ki,<span class=\"excerpt-hellip\"> [\u2026]<\/span><\/p>\n","protected":false},"featured_media":0,"template":"","meta":{"_monsterinsights_skip_tracking":false,"_monsterinsights_sitenote_active":false,"_monsterinsights_sitenote_note":"","_monsterinsights_sitenote_category":0},"product_brand":[],"product_cat":[12312,12304],"product_tag":[],"class_list":{"0":"post-709518","1":"product","2":"type-product","3":"status-publish","5":"product_cat-diger","6":"product_cat-tarih","7":"pa_cilt-ciltsiz","8":"pa_tur-kitap","9":"pa_yayinevi-ayrinti-yayinlari","10":"pa_yazar-celil-denktas","12":"first","13":"instock","14":"sale","15":"shipping-taxable","16":"purchasable","17":"product-type-simple"},"_links":{"self":[{"href":"https:\/\/roveyayinevi.com.tr\/index.php\/wp-json\/wp\/v2\/product\/709518","targetHints":{"allow":["GET"]}}],"collection":[{"href":"https:\/\/roveyayinevi.com.tr\/index.php\/wp-json\/wp\/v2\/product"}],"about":[{"href":"https:\/\/roveyayinevi.com.tr\/index.php\/wp-json\/wp\/v2\/types\/product"}],"wp:attachment":[{"href":"https:\/\/roveyayinevi.com.tr\/index.php\/wp-json\/wp\/v2\/media?parent=709518"}],"wp:term":[{"taxonomy":"product_brand","embeddable":true,"href":"https:\/\/roveyayinevi.com.tr\/index.php\/wp-json\/wp\/v2\/product_brand?post=709518"},{"taxonomy":"product_cat","embeddable":true,"href":"https:\/\/roveyayinevi.com.tr\/index.php\/wp-json\/wp\/v2\/product_cat?post=709518"},{"taxonomy":"product_tag","embeddable":true,"href":"https:\/\/roveyayinevi.com.tr\/index.php\/wp-json\/wp\/v2\/product_tag?post=709518"}],"curies":[{"name":"wp","href":"https:\/\/api.w.org\/{rel}","templated":true}]}}