{"id":709516,"date":"2025-08-27T16:26:04","date_gmt":"2025-08-27T13:26:04","guid":{"rendered":"https:\/\/roveyayinevi.com.tr\/index.php\/urun\/cizmelerimi-cikarayim-mi-soma-13-mayis-2014\/"},"modified":"2026-04-16T02:18:07","modified_gmt":"2026-04-15T23:18:07","slug":"cizmelerimi-cikarayim-mi-soma-13-mayis-2014","status":"publish","type":"product","link":"https:\/\/roveyayinevi.com.tr\/index.php\/urun\/cizmelerimi-cikarayim-mi-soma-13-mayis-2014\/","title":{"rendered":"\u00c7izmelerimi \u00c7\u0131karay\u0131m M\u0131 ? (Soma&#8230; 13 May\u0131s 2014  )"},"content":{"rendered":"<p>Soma Madeni\u2019nde 301 \u00f6l\u00fc.T \u00fct\u00fcn \u00fcretimiyle ge\u00e7imlerini sa\u011flayan Soma k\u00f6yl\u00fcleri, yanl\u0131\u015f politikalardan \u00f6t\u00fcr\u00fc yer \u00fcst\u00fcnde ge\u00e7im kaynaklar\u0131 bulmakta zorlanm\u0131\u015f, bu kaynaklar\u0131 yeralt\u0131nda aramak zorunda kalm\u0131\u015flard\u0131r. H\u0131zla i\u015f\u00e7ile\u015fen \u00e7ift\u00e7iler, \u00f6zelle\u015ftirilen madenlerde zor ko\u015fullar alt\u0131nda, \u00f6zellikle de ta\u015feronla\u015fma ve day\u0131ba\u015f\u0131l\u0131k sisteminin bas\u0131nc\u0131yla, d\u00fc\u015f\u00fck \u00fccretlerle, a\u011f\u0131r \u015fartlarda \u00e7al\u0131\u015fmaya mahk\u00fbm edilmi\u015flerdir. Devletin b\u00f6ylesine riskli bir i\u015f alan\u0131ndaki faaliyetlerinden geri \u00e7ekilmesiyle, yani madenleri \u00f6zelle\u015ftirme politikalar\u0131 do\u011frultusunda \u00f6zel \u015firketlere devretmesiyle olu\u015fan sistem a\u011f\u0131r sonu\u00e7lar do\u011furmu\u015ftur. Soma Katliam\u0131, a\u015f\u0131r\u0131 k\u00e2r h\u0131rs\u0131, \u00fcretim bask\u0131s\u0131, \u00f6zelle\u015ftirme ve ta\u015feronla\u015ft\u0131rma politikalar\u0131 ile day\u0131ba\u015f\u0131l\u0131k denen kurals\u0131zl\u0131\u011f\u0131n ve denetimsizli\u011fin olu\u015fturdu\u011fu k\u00f6t\u00fc d\u00fczenin bir sonucudur.Bu kitap t \u00fct\u00fcn destek politikalar\u0131n\u0131n sonland\u0131r\u0131lmas\u0131yla ba\u015flayan ve katliamla devam eden s\u00fcre\u00e7leri mercek alt\u0131na al\u0131yor, bu esnada da Soma insan\u0131n\u0131n ac\u0131l\u0131 ser\u00fcveninin her a\u015famas\u0131n\u0131, tan\u0131kl\u0131klara dayanarak b\u00fct\u00fcn ger\u00e7ekli\u011fiyle g\u00f6zler \u00f6n\u00fcne seriyor. Ya\u015fananlar\u0131n bir daha olmamas\u0131 i\u00e7in kendi i\u00e7inde bir haf\u0131za olu\u015fturma \u00e7abas\u0131&#8230; <\/p>\n","protected":false},"excerpt":{"rendered":"<p>Soma Madeni\u2019nde 301 \u00f6l\u00fc.T \u00fct\u00fcn \u00fcretimiyle ge\u00e7imlerini sa\u011flayan Soma k\u00f6yl\u00fcleri, yanl\u0131\u015f politikalardan \u00f6t\u00fcr\u00fc yer \u00fcst\u00fcnde ge\u00e7im kaynaklar\u0131 bulmakta zorlanm\u0131\u015f, bu kaynaklar\u0131 yeralt\u0131nda aramak zorunda kalm\u0131\u015flard\u0131r. H\u0131zla<span class=\"excerpt-hellip\"> [\u2026]<\/span><\/p>\n","protected":false},"featured_media":0,"template":"","meta":{"_monsterinsights_skip_tracking":false,"_monsterinsights_sitenote_active":false,"_monsterinsights_sitenote_note":"","_monsterinsights_sitenote_category":0},"product_brand":[],"product_cat":[12304,14128],"product_tag":[],"class_list":{"0":"post-709516","1":"product","2":"type-product","3":"status-publish","5":"product_cat-tarih","6":"product_cat-yakin-tarih","7":"pa_cilt-ciltsiz","8":"pa_tur-kitap","9":"pa_yayinevi-ayrinti-yayinlari","10":"pa_yazar-onur-yildirim-ugur-sahin-umman","12":"first","13":"instock","14":"sale","15":"shipping-taxable","16":"purchasable","17":"product-type-simple"},"_links":{"self":[{"href":"https:\/\/roveyayinevi.com.tr\/index.php\/wp-json\/wp\/v2\/product\/709516","targetHints":{"allow":["GET"]}}],"collection":[{"href":"https:\/\/roveyayinevi.com.tr\/index.php\/wp-json\/wp\/v2\/product"}],"about":[{"href":"https:\/\/roveyayinevi.com.tr\/index.php\/wp-json\/wp\/v2\/types\/product"}],"wp:attachment":[{"href":"https:\/\/roveyayinevi.com.tr\/index.php\/wp-json\/wp\/v2\/media?parent=709516"}],"wp:term":[{"taxonomy":"product_brand","embeddable":true,"href":"https:\/\/roveyayinevi.com.tr\/index.php\/wp-json\/wp\/v2\/product_brand?post=709516"},{"taxonomy":"product_cat","embeddable":true,"href":"https:\/\/roveyayinevi.com.tr\/index.php\/wp-json\/wp\/v2\/product_cat?post=709516"},{"taxonomy":"product_tag","embeddable":true,"href":"https:\/\/roveyayinevi.com.tr\/index.php\/wp-json\/wp\/v2\/product_tag?post=709516"}],"curies":[{"name":"wp","href":"https:\/\/api.w.org\/{rel}","templated":true}]}}