{"id":709515,"date":"2025-08-27T16:26:04","date_gmt":"2025-08-27T13:26:04","guid":{"rendered":"https:\/\/roveyayinevi.com.tr\/index.php\/urun\/bir-devlet-iki-cumhuriyet\/"},"modified":"2026-04-16T02:18:07","modified_gmt":"2026-04-15T23:18:07","slug":"bir-devlet-iki-cumhuriyet","status":"publish","type":"product","link":"https:\/\/roveyayinevi.com.tr\/index.php\/urun\/bir-devlet-iki-cumhuriyet\/","title":{"rendered":"Bir Devlet \u0130ki Cumhuriyet"},"content":{"rendered":"<p>T\u00fcrkiye Cumhuriyeti\u2019nin anayasal kurulu\u015funa ili\u015fkin iki kar\u015f\u0131t fikrin ve prati\u011fin birbiriyle m\u00fccadelesi i\u00e7erisinde oldu\u011funu vurgulayan bu kitap, \u00f6zellikle 1920\u2019den 1924\u2019e kadar olan d\u00f6nemi etrafl\u0131ca incelemektedir. Cumhuriyet anayasalar\u0131n\u0131 yapan kurucu meclis tutanaklar\u0131nda ve Cumhuriyet\u2019in korunmas\u0131na ili\u015fkin Anayasa Mahkemesi kararlar\u0131nda net olarak g\u00f6sterilen bu \u00e7at\u0131\u015fman\u0131n varl\u0131\u011f\u0131, T\u00fcrkiye\u2019nin ger\u00e7ek anayasal sorunu olarak sunulmu\u015ftur: \u201cEn kaba tan\u0131m\u0131yla \u2018egemenli\u011fin kayna\u011f\u0131n\u0131n halkta oldu\u011fu siyasal form\u2019 olarak cumhuriyet, egemenlik kavram\u0131n\u0131n evriminde bir kopu\u015f yaratm\u0131\u015ft\u0131r. Rousseau ve Sieyes\u2019in d\u00fc\u015f\u00fcnceleri ekseninde kopu\u015f, egemenli\u011fin \u2018bir\u2019 olan monarktan \u2018\u00e7ok\u2019 olan halka ge\u00e7i\u015fi sorunu olarak tan\u0131mlanabilir. Rousseau\u2019dan kayna\u011f\u0131n\u0131 alan halk\u0131n temsil edilemez olu\u015fu fikri, halk egemenli\u011fi \u00fcst kurgusunun ve egemenli\u011fin do\u011frudan do\u011fruya halk taraf\u0131ndan kullan\u0131lmas\u0131n\u0131n; Sieyes\u2019ten kayna\u011f\u0131n\u0131 alan ulusun ancak temsilcileri arac\u0131l\u0131\u011f\u0131yla konu\u015fabilece\u011fi fikri ise ulus egemenli\u011fi kurgusunun ve egemenli\u011fin temsilciler eliyle kullan\u0131labilece\u011finin d\u00fc\u015f\u00fcnsel dayanaklar\u0131 olmu\u015ftur.\u201dT\u00fcrkiye\u2019de Cumhuriyet\u2019in iki kar\u015f\u0131t kurulu\u015funu, halk egemenli\u011fi \u00fcst kurgusuna dayanan 1921 Anayasas\u0131 ve ulus egemenli\u011fi kurgusuna dayanan 1924 Anayasas\u0131 ba\u011flam\u0131nda inceleyen ara\u015ft\u0131rma, 1924 anayasal d\u00fczeni i\u00e7inde halka \u00e7izilen s\u0131n\u0131rlar\u0131n, 1961 ve 1982 Anayasalar\u0131nda ulus egemenli\u011fi kurgusu i\u00e7inde nas\u0131l konsolide edildi\u011fini ortaya koymaktad\u0131r.G\u00fcn\u00fcm\u00fczdeki Anayasa tart\u0131\u015fmalar\u0131 a\u00e7\u0131s\u0131ndan \u00f6nemli bir ba\u015fvuru kayna\u011f\u0131. <\/p>\n","protected":false},"excerpt":{"rendered":"<p>T\u00fcrkiye Cumhuriyeti\u2019nin anayasal kurulu\u015funa ili\u015fkin iki kar\u015f\u0131t fikrin ve prati\u011fin birbiriyle m\u00fccadelesi i\u00e7erisinde oldu\u011funu vurgulayan bu kitap, \u00f6zellikle 1920\u2019den 1924\u2019e kadar olan d\u00f6nemi etrafl\u0131ca incelemektedir. Cumhuriyet<span class=\"excerpt-hellip\"> [\u2026]<\/span><\/p>\n","protected":false},"featured_media":0,"template":"","meta":{"_monsterinsights_skip_tracking":false,"_monsterinsights_sitenote_active":false,"_monsterinsights_sitenote_note":"","_monsterinsights_sitenote_category":0},"product_brand":[],"product_cat":[13590,12337],"product_tag":[],"class_list":{"0":"post-709515","1":"product","2":"type-product","3":"status-publish","5":"product_cat-arastirma-inceleme-politika-siyaset","6":"product_cat-politika-siyaset","7":"pa_cilt-ciltsiz","8":"pa_tur-kitap","9":"pa_yayinevi-ayrinti-yayinlari","10":"pa_yazar-dincer-demirkent","12":"first","13":"instock","14":"sale","15":"shipping-taxable","16":"purchasable","17":"product-type-simple"},"_links":{"self":[{"href":"https:\/\/roveyayinevi.com.tr\/index.php\/wp-json\/wp\/v2\/product\/709515","targetHints":{"allow":["GET"]}}],"collection":[{"href":"https:\/\/roveyayinevi.com.tr\/index.php\/wp-json\/wp\/v2\/product"}],"about":[{"href":"https:\/\/roveyayinevi.com.tr\/index.php\/wp-json\/wp\/v2\/types\/product"}],"wp:attachment":[{"href":"https:\/\/roveyayinevi.com.tr\/index.php\/wp-json\/wp\/v2\/media?parent=709515"}],"wp:term":[{"taxonomy":"product_brand","embeddable":true,"href":"https:\/\/roveyayinevi.com.tr\/index.php\/wp-json\/wp\/v2\/product_brand?post=709515"},{"taxonomy":"product_cat","embeddable":true,"href":"https:\/\/roveyayinevi.com.tr\/index.php\/wp-json\/wp\/v2\/product_cat?post=709515"},{"taxonomy":"product_tag","embeddable":true,"href":"https:\/\/roveyayinevi.com.tr\/index.php\/wp-json\/wp\/v2\/product_tag?post=709515"}],"curies":[{"name":"wp","href":"https:\/\/api.w.org\/{rel}","templated":true}]}}